{"id":39214,"date":"2024-12-07T18:12:45","date_gmt":"2024-12-07T18:12:45","guid":{"rendered":"https:\/\/jnksport.com\/?post_type=product&#038;p=39214"},"modified":"2026-04-20T15:30:13","modified_gmt":"2026-04-20T15:30:13","slug":"zapatilla-adidas-breaknet-2-0-jh6676-ninos","status":"publish","type":"product","link":"https:\/\/jnksport.com\/en\/product\/zapatilla-adidas-breaknet-2-0-jh6676-ninos\/","title":{"rendered":"Zapatilla Adidas Breaknet 2.0 JH6676 Ni\u00f1os"},"content":{"rendered":"<div>\n<div>Tenis de calce f\u00e1cil para ni\u00f1os activos<br \/>\nLos ni\u00f1os se mueven sin restricciones con estos tenis ligeros. La suela de caucho flexible proporciona el agarre y la durabilidad que los ni\u00f1os requieren para poder disfrutar de los momentos de juego en el parque y en la cancha de tenis. Estos tenis adidas para ni\u00f1os son muy f\u00e1ciles de poner gracias a los cordones el\u00e1sticos y la tira ajustable de cierre por contacto que los mantiene en su lugar. \u00a1Que comience la diversi\u00f3n!<\/div>\n<\/div>\n<ul>\n<li>Marca: Adidas<\/li>\n<li>Codigo: JH6676<\/li>\n<li>Modelo: Breaknet 2.0<\/li>\n<li>G\u00e9nero: Ni\u00f1os<\/li>\n<li>Estilo: Urbano<\/li>\n<li>Cierre: Cordones<\/li>\n<li>Material: Cuero<\/li>\n<li>Color: Blanco<\/li>\n<li>Material de la Suela: Caucho<\/li>\n<\/ul>","protected":false},"excerpt":{"rendered":"<p>Tenis de calce f\u00e1cil para ni\u00f1os activos Los ni\u00f1os se mueven sin restricciones con estos tenis ligeros. La suela de caucho flexible proporciona el agarre&#8230;<\/p>","protected":false},"featured_media":57207,"comment_status":"open","ping_status":"closed","template":"","meta":{"om_disable_all_campaigns":false,"_monsterinsights_skip_tracking":false,"_monsterinsights_sitenote_active":false,"_monsterinsights_sitenote_note":"","_monsterinsights_sitenote_category":0,"_uf_show_specific_survey":0,"_uf_disable_surveys":false,"_joinchat":[]},"etheme_brands":[],"product_brand":[],"product_cat":[159],"product_tag":[],"class_list":{"0":"post-39214","1":"product","2":"type-product","3":"status-publish","4":"has-post-thumbnail","6":"product_cat-ninos","7":"product_shipping_class-envio-a-lima-y-provincia","9":"first","10":"instock","11":"featured","12":"shipping-taxable","13":"purchasable","14":"product-type-variable"},"aioseo_notices":[],"_links":{"self":[{"href":"https:\/\/jnksport.com\/en\/wp-json\/wp\/v2\/product\/39214","targetHints":{"allow":["GET"]}}],"collection":[{"href":"https:\/\/jnksport.com\/en\/wp-json\/wp\/v2\/product"}],"about":[{"href":"https:\/\/jnksport.com\/en\/wp-json\/wp\/v2\/types\/product"}],"replies":[{"embeddable":true,"href":"https:\/\/jnksport.com\/en\/wp-json\/wp\/v2\/comments?post=39214"}],"version-history":[{"count":0,"href":"https:\/\/jnksport.com\/en\/wp-json\/wp\/v2\/product\/39214\/revisions"}],"wp:featuredmedia":[{"embeddable":true,"href":"https:\/\/jnksport.com\/en\/wp-json\/wp\/v2\/media\/57207"}],"wp:attachment":[{"href":"https:\/\/jnksport.com\/en\/wp-json\/wp\/v2\/media?parent=39214"}],"wp:term":[{"taxonomy":"brand","embeddable":true,"href":"https:\/\/jnksport.com\/en\/wp-json\/wp\/v2\/etheme_brands?post=39214"},{"taxonomy":"product_brand","embeddable":true,"href":"https:\/\/jnksport.com\/en\/wp-json\/wp\/v2\/product_brand?post=39214"},{"taxonomy":"product_cat","embeddable":true,"href":"https:\/\/jnksport.com\/en\/wp-json\/wp\/v2\/product_cat?post=39214"},{"taxonomy":"product_tag","embeddable":true,"href":"https:\/\/jnksport.com\/en\/wp-json\/wp\/v2\/product_tag?post=39214"}],"curies":[{"name":"wp","href":"https:\/\/api.w.org\/{rel}","templated":true}]}}