{"id":39236,"date":"2024-12-07T18:13:10","date_gmt":"2024-12-07T18:13:10","guid":{"rendered":"https:\/\/jnksport.com\/?post_type=product&#038;p=39236"},"modified":"2026-03-06T08:18:54","modified_gmt":"2026-03-06T08:18:54","slug":"zapatilla-vans-slip-on-vn000eyeblk-hombre","status":"publish","type":"product","link":"https:\/\/jnksport.com\/en\/product\/zapatilla-vans-slip-on-vn000eyeblk-hombre\/","title":{"rendered":"Zapatilla Vans Slip-On VN000EYEBLK Hombre"},"content":{"rendered":"<div>\n<div>Las zapatillas Classic Slip-On, presentadas por primera vez en 1977 bajo el nombre de Vans n .\u00ba 98, se convirtieron en un emblema de culto en el sur de California inmediatamente despu\u00e9s de su lanzamiento. Hoy en d\u00eda, las Classic Slip-On son conocidas en todo el mundo por su c\u00f3moda silueta, versatilidad y apreciado dise\u00f1o. Caracterizadas por su dise\u00f1o de ca\u00f1a baja y resistentes palas de lona, estas zapatillas son la elecci\u00f3n perfecta para presumir, d\u00eda tras d\u00eda, del aut\u00e9ntico estilo \u00abOff The Wall\u00bb. Estas ic\u00f3nicas zapatillas sin cordones incorporan a su vez un cuello acolchado para una mejor sujeci\u00f3n, detalles laterales el\u00e1sticos y la distintiva suela waffle de caucho.<\/div>\n<\/div>\n<ul>\n<li>Marca: Vans<\/li>\n<li>Codigo: VN000EYEBLK<\/li>\n<li>Modelo: Slip-On<\/li>\n<li>G\u00e9nero: Hombre<\/li>\n<li>Estilo: Urbano<\/li>\n<li>Cierre: Sin Cierre<\/li>\n<li>Material: Textil<\/li>\n<li>Color: Negro<\/li>\n<li>Material de la Suela: Caucho<\/li>\n<\/ul>","protected":false},"excerpt":{"rendered":"<p>Las zapatillas Classic Slip-On, presentadas por primera vez en 1977 bajo el nombre de Vans n .\u00ba 98, se convirtieron en un emblema de culto&#8230;<\/p>","protected":false},"featured_media":38984,"comment_status":"open","ping_status":"closed","template":"","meta":{"om_disable_all_campaigns":false,"_monsterinsights_skip_tracking":false,"_monsterinsights_sitenote_active":false,"_monsterinsights_sitenote_note":"","_monsterinsights_sitenote_category":0,"_uf_show_specific_survey":0,"_uf_disable_surveys":false,"_joinchat":[]},"etheme_brands":[],"product_brand":[],"product_cat":[19],"product_tag":[],"class_list":{"0":"post-39236","1":"product","2":"type-product","3":"status-publish","4":"has-post-thumbnail","6":"product_cat-hombre","7":"product_shipping_class-envio-a-lima-y-provincia","9":"first","10":"instock","11":"sale","12":"featured","13":"shipping-taxable","14":"purchasable","15":"product-type-variable"},"aioseo_notices":[],"_links":{"self":[{"href":"https:\/\/jnksport.com\/en\/wp-json\/wp\/v2\/product\/39236","targetHints":{"allow":["GET"]}}],"collection":[{"href":"https:\/\/jnksport.com\/en\/wp-json\/wp\/v2\/product"}],"about":[{"href":"https:\/\/jnksport.com\/en\/wp-json\/wp\/v2\/types\/product"}],"replies":[{"embeddable":true,"href":"https:\/\/jnksport.com\/en\/wp-json\/wp\/v2\/comments?post=39236"}],"version-history":[{"count":0,"href":"https:\/\/jnksport.com\/en\/wp-json\/wp\/v2\/product\/39236\/revisions"}],"wp:featuredmedia":[{"embeddable":true,"href":"https:\/\/jnksport.com\/en\/wp-json\/wp\/v2\/media\/38984"}],"wp:attachment":[{"href":"https:\/\/jnksport.com\/en\/wp-json\/wp\/v2\/media?parent=39236"}],"wp:term":[{"taxonomy":"brand","embeddable":true,"href":"https:\/\/jnksport.com\/en\/wp-json\/wp\/v2\/etheme_brands?post=39236"},{"taxonomy":"product_brand","embeddable":true,"href":"https:\/\/jnksport.com\/en\/wp-json\/wp\/v2\/product_brand?post=39236"},{"taxonomy":"product_cat","embeddable":true,"href":"https:\/\/jnksport.com\/en\/wp-json\/wp\/v2\/product_cat?post=39236"},{"taxonomy":"product_tag","embeddable":true,"href":"https:\/\/jnksport.com\/en\/wp-json\/wp\/v2\/product_tag?post=39236"}],"curies":[{"name":"wp","href":"https:\/\/api.w.org\/{rel}","templated":true}]}}