{"id":39261,"date":"2024-12-07T18:13:39","date_gmt":"2024-12-07T18:13:39","guid":{"rendered":"https:\/\/jnksport.com\/?post_type=product&#038;p=39261"},"modified":"2026-03-29T20:21:08","modified_gmt":"2026-03-29T20:21:08","slug":"zapatilla-vans-old-skool-vn0a5fcby28-hombre","status":"publish","type":"product","link":"https:\/\/jnksport.com\/en\/product\/zapatilla-vans-old-skool-vn0a5fcby28-hombre\/","title":{"rendered":"Zapatilla Vans Old Skool VN0A5FCBY28 Hombre"},"content":{"rendered":"<div>\n<div>Los nuevos dise\u00f1os Skate Classics est\u00e1n dotados de un interior ultrarresistente, especialmente dise\u00f1ado para la pr\u00e1ctica del skateboarding. Totalmente redise\u00f1ada para adaptarse a los requisitos del skate moderno, la nueva colecci\u00f3n Skate Classics supera con creces las necesidades de los skaters para progresar al m\u00e1ximo. El nuevo reposicionamiento interno de los refuerzos DURACAP\u2122, sus palas totalmente redise\u00f1adas y la incorporaci\u00f3n de una nueva banda perimetral de dos piezas con una puntera de textura a\u00fan m\u00e1s profunda y reforzada, hacen que las nuevas Skate Old Skool sean lo suficientemente duraderas como para hacer frente a las m\u00e1s intensas sesiones de skate cotidianas. Adem\u00e1s, el nuevo contrafuerte moldeado y las correas internas de la leng\u00fceta garantizan un \u00f3ptimo nivel de sujeci\u00f3n y, por consiguiente, un mayor control de la tabla. Pero eso no es todo; la suela de goma a la que Vans debe su fama tambi\u00e9n ha sido ahora mejorada gracias a la incorporaci\u00f3n de nuestro compuesto de goma SICKSTICK\u2122, que ofrece una mayor tracci\u00f3n y sensaci\u00f3n en la tabla. Adem\u00e1s, las plantillas POPCUSH\u2122 con retorno de energ\u00eda proporcionan una excelente amortiguaci\u00f3n y protecci\u00f3n contra impactos, al tiempo que reducen el cansancio de las piernas para poder disfrutar de sesiones de skate m\u00e1s largas. Tambi\u00e9n se han incorporado refuerzos internos en el tal\u00f3n para una mayor sujeci\u00f3n y estabilidad. Las nuevas zapatillas Skate Old Skool combinan una nueva banda protectora con unas resistentes palas de lona y ante, para que puedas presumir de ese estilo emblem\u00e1tico que tanto te gusta mientras disfrutas de todas las prestaciones que exigen los skaters. El toque final lo pone una nueva etiqueta con el estampado Checkerboard en el lateral, s\u00edmbolo inequ\u00edvoco de que con este modelo estar\u00e1s adquiriendo lo mejor tanto en t\u00e9rminos de estilo, como de rendimiento moderno sobre la tabla.<\/div>\n<\/div>\n<ul>\n<li>Marca: Vans<\/li>\n<li>Codigo: VN0A5FCBY28<\/li>\n<li>Modelo: Old Skool<\/li>\n<li>G\u00e9nero: Hombre<\/li>\n<li>Estilo: Urbano<\/li>\n<li>Cierre: Cordones<\/li>\n<li>Material: Textil<\/li>\n<li>Color: Negro<\/li>\n<li>Material de la Suela: Caucho<\/li>\n<\/ul>","protected":false},"excerpt":{"rendered":"<p>Los nuevos dise\u00f1os Skate Classics est\u00e1n dotados de un interior ultrarresistente, especialmente dise\u00f1ado para la pr\u00e1ctica del skateboarding. Totalmente redise\u00f1ada para adaptarse a los requisitos&#8230;<\/p>","protected":false},"featured_media":38993,"comment_status":"open","ping_status":"closed","template":"","meta":{"om_disable_all_campaigns":false,"_monsterinsights_skip_tracking":false,"_monsterinsights_sitenote_active":false,"_monsterinsights_sitenote_note":"","_monsterinsights_sitenote_category":0,"_uf_show_specific_survey":0,"_uf_disable_surveys":false,"_joinchat":[]},"etheme_brands":[],"product_brand":[],"product_cat":[19],"product_tag":[],"class_list":{"0":"post-39261","1":"product","2":"type-product","3":"status-publish","4":"has-post-thumbnail","6":"product_cat-hombre","7":"product_shipping_class-envio-a-lima-y-provincia","9":"first","10":"instock","11":"sale","12":"featured","13":"shipping-taxable","14":"purchasable","15":"product-type-variable"},"aioseo_notices":[],"_links":{"self":[{"href":"https:\/\/jnksport.com\/en\/wp-json\/wp\/v2\/product\/39261","targetHints":{"allow":["GET"]}}],"collection":[{"href":"https:\/\/jnksport.com\/en\/wp-json\/wp\/v2\/product"}],"about":[{"href":"https:\/\/jnksport.com\/en\/wp-json\/wp\/v2\/types\/product"}],"replies":[{"embeddable":true,"href":"https:\/\/jnksport.com\/en\/wp-json\/wp\/v2\/comments?post=39261"}],"version-history":[{"count":0,"href":"https:\/\/jnksport.com\/en\/wp-json\/wp\/v2\/product\/39261\/revisions"}],"wp:featuredmedia":[{"embeddable":true,"href":"https:\/\/jnksport.com\/en\/wp-json\/wp\/v2\/media\/38993"}],"wp:attachment":[{"href":"https:\/\/jnksport.com\/en\/wp-json\/wp\/v2\/media?parent=39261"}],"wp:term":[{"taxonomy":"brand","embeddable":true,"href":"https:\/\/jnksport.com\/en\/wp-json\/wp\/v2\/etheme_brands?post=39261"},{"taxonomy":"product_brand","embeddable":true,"href":"https:\/\/jnksport.com\/en\/wp-json\/wp\/v2\/product_brand?post=39261"},{"taxonomy":"product_cat","embeddable":true,"href":"https:\/\/jnksport.com\/en\/wp-json\/wp\/v2\/product_cat?post=39261"},{"taxonomy":"product_tag","embeddable":true,"href":"https:\/\/jnksport.com\/en\/wp-json\/wp\/v2\/product_tag?post=39261"}],"curies":[{"name":"wp","href":"https:\/\/api.w.org\/{rel}","templated":true}]}}