{"id":39833,"date":"2024-12-29T04:52:10","date_gmt":"2024-12-29T04:52:10","guid":{"rendered":"https:\/\/jnksport.com\/?post_type=product&#038;p=39833"},"modified":"2026-04-26T01:06:06","modified_gmt":"2026-04-26T01:06:06","slug":"zapatilla-nike-air-force-1-07-dv0788-001-hombre","status":"publish","type":"product","link":"https:\/\/jnksport.com\/en\/product\/zapatilla-nike-air-force-1-07-dv0788-001-hombre\/","title":{"rendered":"Zapatilla Nike Air Force 1 &#8217;07 DV0788-001 Hombre"},"content":{"rendered":"<div>\n<div>\n<p>La luminosidad sigue viva con este calzado de b\u00e1squetbol original. La fusi\u00f3n de la comodidad de la duela y un estilo externo a la cancha le da un giro fresco a lo que mejor conoces: una confecci\u00f3n inspirada en los a\u00f1os 80, detalles audaces y un estilo basquetbolero puro.<\/p>\n<p>Beneficios<\/p>\n<p>Desde costuras resistentes hasta cuero impecable, ofrece un estilo duradero que es m\u00e1s suave que el tablero de la canasta.<\/p>\n<p>Dise\u00f1ada originalmente para el b\u00e1squetbol de alto rendimiento, la amortiguaci\u00f3n Nike Air brinda comodidad duradera.<\/p>\n<p>La suela de goma con c\u00edrculos pivotantes aporta tracci\u00f3n y durabilidad.<\/p>\n<p>El cuello acolchado de corte low luce elegante y se siente extraordinariamente bien.<\/p>\n<p>Air Force 1<\/p>\n<p>El Air Force 1, que debut\u00f3 en 1982 como un elemento imprescindible del b\u00e1squetbol, cre\u00f3 su propio camino en los a\u00f1os 90. El look impecable del blanco sobre blanco cl\u00e1sico del AF1 triunf\u00f3 tanto en la cancha como en la calle y en muchos sitios m\u00e1s. El Air Force 1, que encontr\u00f3 su ritmo en la cultura del hip-hop con el lanzamiento de colaboraciones y combinaciones de colores limitadas, se convirti\u00f3 en un calzado ic\u00f3nico en todo el mundo. Este calzado b\u00e1sico, con sus m\u00e1s de 2,000 versiones, ha tenido un impacto en la moda, la m\u00fasica y la cultura del calzado deportivo que no puede negarse.<\/p>\n<\/div>\n<\/div>\n<ul>\n<li>Marca: Nike<\/li>\n<li>Codigo: DV0788-001<\/li>\n<li>Modelo: Air Force 1 &#8217;07<\/li>\n<li>G\u00e9nero: Hombre<\/li>\n<li>Estilo: Urbano<\/li>\n<li>Cierre: Cordones<\/li>\n<li>Material: Cuero<\/li>\n<li>Color: Negro<\/li>\n<li>Material de la Suela: Goma<\/li>\n<\/ul>","protected":false},"excerpt":{"rendered":"<p>La luminosidad sigue viva con este calzado de b\u00e1squetbol original. La fusi\u00f3n de la comodidad de la duela y un estilo externo a la cancha&#8230;<\/p>","protected":false},"featured_media":59444,"comment_status":"open","ping_status":"closed","template":"","meta":{"om_disable_all_campaigns":false,"_monsterinsights_skip_tracking":false,"_monsterinsights_sitenote_active":false,"_monsterinsights_sitenote_note":"","_monsterinsights_sitenote_category":0,"_uf_show_specific_survey":0,"_uf_disable_surveys":false,"_joinchat":[]},"etheme_brands":[],"product_brand":[],"product_cat":[19],"product_tag":[],"class_list":{"0":"post-39833","1":"product","2":"type-product","3":"status-publish","4":"has-post-thumbnail","6":"product_cat-hombre","7":"product_shipping_class-envio-a-lima-y-provincia","9":"first","10":"instock","11":"sale","12":"featured","13":"shipping-taxable","14":"purchasable","15":"product-type-variable"},"aioseo_notices":[],"_links":{"self":[{"href":"https:\/\/jnksport.com\/en\/wp-json\/wp\/v2\/product\/39833","targetHints":{"allow":["GET"]}}],"collection":[{"href":"https:\/\/jnksport.com\/en\/wp-json\/wp\/v2\/product"}],"about":[{"href":"https:\/\/jnksport.com\/en\/wp-json\/wp\/v2\/types\/product"}],"replies":[{"embeddable":true,"href":"https:\/\/jnksport.com\/en\/wp-json\/wp\/v2\/comments?post=39833"}],"version-history":[{"count":1,"href":"https:\/\/jnksport.com\/en\/wp-json\/wp\/v2\/product\/39833\/revisions"}],"predecessor-version":[{"id":59445,"href":"https:\/\/jnksport.com\/en\/wp-json\/wp\/v2\/product\/39833\/revisions\/59445"}],"wp:featuredmedia":[{"embeddable":true,"href":"https:\/\/jnksport.com\/en\/wp-json\/wp\/v2\/media\/59444"}],"wp:attachment":[{"href":"https:\/\/jnksport.com\/en\/wp-json\/wp\/v2\/media?parent=39833"}],"wp:term":[{"taxonomy":"brand","embeddable":true,"href":"https:\/\/jnksport.com\/en\/wp-json\/wp\/v2\/etheme_brands?post=39833"},{"taxonomy":"product_brand","embeddable":true,"href":"https:\/\/jnksport.com\/en\/wp-json\/wp\/v2\/product_brand?post=39833"},{"taxonomy":"product_cat","embeddable":true,"href":"https:\/\/jnksport.com\/en\/wp-json\/wp\/v2\/product_cat?post=39833"},{"taxonomy":"product_tag","embeddable":true,"href":"https:\/\/jnksport.com\/en\/wp-json\/wp\/v2\/product_tag?post=39833"}],"curies":[{"name":"wp","href":"https:\/\/api.w.org\/{rel}","templated":true}]}}