{"id":40634,"date":"2025-02-05T05:55:07","date_gmt":"2025-02-05T05:55:07","guid":{"rendered":"https:\/\/jnksport.com\/?post_type=product&#038;p=40634"},"modified":"2026-03-17T06:39:02","modified_gmt":"2026-03-17T06:39:02","slug":"zapatilla-reebok-royal-prime-2-0-100038888-para-ninos","status":"publish","type":"product","link":"https:\/\/jnksport.com\/en\/product\/zapatilla-reebok-royal-prime-2-0-100038888-para-ninos\/","title":{"rendered":"Zapatilla Reebok Royal Prime 2.0 100038888 para Ni\u00f1os"},"content":{"rendered":"<div>\n<div>Lleva el estilo de tus peque\u00f1os al nivel m\u00e1ximo: Royal Prime 2.0.<\/p>\n<p>El dise\u00f1o monocrom\u00e1tico de los Reebok Royal Prime 2.0 para ni\u00f1os es estilo de otra categor\u00eda, el absoluto blanco crea looks minimalistas y combina tambi\u00e9n con las jornadas escolares. La suela de goma resistente al desgaste permite que puedan jugar todo el d\u00eda manteniendo los Zapatillas como nuevos. Del dise\u00f1o hay poco que decir, conserva los m\u00ednimos elementos cl\u00e1sicos que son sellos distintivos de la marca.<\/p>\n<p>Materiales: Upper: 100.% Sintetico | Bottom: 100.% Polimero Termo Plastico<\/p><\/div>\n<\/div>\n<ul>\n<li>Marca: Reebok<\/li>\n<li>Codigo: 100038888<\/li>\n<li>Modelo: Royal Prime 2.0<\/li>\n<li>G\u00e9nero: Ni\u00f1os<\/li>\n<li>Estilo: Urbano<\/li>\n<li>Cierre: Cordones<\/li>\n<li>Material: Cuero<\/li>\n<li>Color: Blanco<\/li>\n<li>Material de la Suela: Goma<\/li>\n<\/ul>","protected":false},"excerpt":{"rendered":"<p>Lleva el estilo de tus peque\u00f1os al nivel m\u00e1ximo: Royal Prime 2.0. El dise\u00f1o monocrom\u00e1tico de los Reebok Royal Prime 2.0 para ni\u00f1os es estilo&#8230;<\/p>","protected":false},"featured_media":40171,"comment_status":"open","ping_status":"closed","template":"","meta":{"om_disable_all_campaigns":false,"_monsterinsights_skip_tracking":false,"_monsterinsights_sitenote_active":false,"_monsterinsights_sitenote_note":"","_monsterinsights_sitenote_category":0,"_uf_show_specific_survey":0,"_uf_disable_surveys":false,"_joinchat":[]},"etheme_brands":[],"product_brand":[],"product_cat":[159],"product_tag":[],"class_list":{"0":"post-40634","1":"product","2":"type-product","3":"status-publish","4":"has-post-thumbnail","6":"product_cat-ninos","7":"product_shipping_class-envio-a-lima-y-provincia","9":"first","10":"instock","11":"sale","12":"featured","13":"shipping-taxable","14":"purchasable","15":"product-type-variable"},"aioseo_notices":[],"_links":{"self":[{"href":"https:\/\/jnksport.com\/en\/wp-json\/wp\/v2\/product\/40634","targetHints":{"allow":["GET"]}}],"collection":[{"href":"https:\/\/jnksport.com\/en\/wp-json\/wp\/v2\/product"}],"about":[{"href":"https:\/\/jnksport.com\/en\/wp-json\/wp\/v2\/types\/product"}],"replies":[{"embeddable":true,"href":"https:\/\/jnksport.com\/en\/wp-json\/wp\/v2\/comments?post=40634"}],"version-history":[{"count":0,"href":"https:\/\/jnksport.com\/en\/wp-json\/wp\/v2\/product\/40634\/revisions"}],"wp:featuredmedia":[{"embeddable":true,"href":"https:\/\/jnksport.com\/en\/wp-json\/wp\/v2\/media\/40171"}],"wp:attachment":[{"href":"https:\/\/jnksport.com\/en\/wp-json\/wp\/v2\/media?parent=40634"}],"wp:term":[{"taxonomy":"brand","embeddable":true,"href":"https:\/\/jnksport.com\/en\/wp-json\/wp\/v2\/etheme_brands?post=40634"},{"taxonomy":"product_brand","embeddable":true,"href":"https:\/\/jnksport.com\/en\/wp-json\/wp\/v2\/product_brand?post=40634"},{"taxonomy":"product_cat","embeddable":true,"href":"https:\/\/jnksport.com\/en\/wp-json\/wp\/v2\/product_cat?post=40634"},{"taxonomy":"product_tag","embeddable":true,"href":"https:\/\/jnksport.com\/en\/wp-json\/wp\/v2\/product_tag?post=40634"}],"curies":[{"name":"wp","href":"https:\/\/api.w.org\/{rel}","templated":true}]}}