{"id":40636,"date":"2025-02-05T05:55:07","date_gmt":"2025-02-05T05:55:07","guid":{"rendered":"https:\/\/jnksport.com\/?post_type=product&#038;p=40636"},"modified":"2026-03-09T16:38:29","modified_gmt":"2026-03-09T16:38:29","slug":"zapatilla-reebok-atr-chill-100200250-para-ninos","status":"publish","type":"product","link":"https:\/\/jnksport.com\/en\/product\/zapatilla-reebok-atr-chill-100200250-para-ninos\/","title":{"rendered":"Zapatilla Reebok Atr Chill 100200250 para Ni\u00f1os"},"content":{"rendered":"<div>\n<div>Haz tu mejor movimiento, regala a tus chicos los Reebok ATR Chill.<\/p>\n<p>El estilo superior de las canchas de b\u00e1squet est\u00e1 presente en los Reebok ATR Chill blancos, como parte de la colecci\u00f3n Above the Rim de mediados de los 90, este par de Zapatillas se mantiene fiel al estilo callejero del modelo original. Esta propuesta para los m\u00e1s peque\u00f1os, se inspira en los archivos para que consigan un look cl\u00e1sico y minimalista. El logo Vector, como siempre, a\u00f1ade el toque de la marca.<\/p>\n<p>Materiales: 57.8% Cuero Bovino 42.1% Cuero Sint\u00e9tico<\/p><\/div>\n<\/div>\n<ul>\n<li>Marca: Reebok<\/li>\n<li>Codigo: 100200250<\/li>\n<li>Modelo: Atr Chill<\/li>\n<li>G\u00e9nero: Ni\u00f1os<\/li>\n<li>Estilo: Urbano<\/li>\n<li>Cierre: Cordones<\/li>\n<li>Material: Cuero<\/li>\n<li>Color: Beige<\/li>\n<li>Material de la Suela: Goma<\/li>\n<\/ul>","protected":false},"excerpt":{"rendered":"<p>Haz tu mejor movimiento, regala a tus chicos los Reebok ATR Chill. El estilo superior de las canchas de b\u00e1squet est\u00e1 presente en los Reebok&#8230;<\/p>","protected":false},"featured_media":40182,"comment_status":"open","ping_status":"closed","template":"","meta":{"om_disable_all_campaigns":false,"_monsterinsights_skip_tracking":false,"_monsterinsights_sitenote_active":false,"_monsterinsights_sitenote_note":"","_monsterinsights_sitenote_category":0,"_uf_show_specific_survey":0,"_uf_disable_surveys":false,"_joinchat":[]},"etheme_brands":[],"product_brand":[],"product_cat":[159],"product_tag":[],"class_list":{"0":"post-40636","1":"product","2":"type-product","3":"status-publish","4":"has-post-thumbnail","6":"product_cat-ninos","7":"product_shipping_class-envio-a-lima-y-provincia","9":"first","10":"instock","11":"sale","12":"featured","13":"shipping-taxable","14":"purchasable","15":"product-type-variable"},"aioseo_notices":[],"_links":{"self":[{"href":"https:\/\/jnksport.com\/en\/wp-json\/wp\/v2\/product\/40636","targetHints":{"allow":["GET"]}}],"collection":[{"href":"https:\/\/jnksport.com\/en\/wp-json\/wp\/v2\/product"}],"about":[{"href":"https:\/\/jnksport.com\/en\/wp-json\/wp\/v2\/types\/product"}],"replies":[{"embeddable":true,"href":"https:\/\/jnksport.com\/en\/wp-json\/wp\/v2\/comments?post=40636"}],"version-history":[{"count":0,"href":"https:\/\/jnksport.com\/en\/wp-json\/wp\/v2\/product\/40636\/revisions"}],"wp:featuredmedia":[{"embeddable":true,"href":"https:\/\/jnksport.com\/en\/wp-json\/wp\/v2\/media\/40182"}],"wp:attachment":[{"href":"https:\/\/jnksport.com\/en\/wp-json\/wp\/v2\/media?parent=40636"}],"wp:term":[{"taxonomy":"brand","embeddable":true,"href":"https:\/\/jnksport.com\/en\/wp-json\/wp\/v2\/etheme_brands?post=40636"},{"taxonomy":"product_brand","embeddable":true,"href":"https:\/\/jnksport.com\/en\/wp-json\/wp\/v2\/product_brand?post=40636"},{"taxonomy":"product_cat","embeddable":true,"href":"https:\/\/jnksport.com\/en\/wp-json\/wp\/v2\/product_cat?post=40636"},{"taxonomy":"product_tag","embeddable":true,"href":"https:\/\/jnksport.com\/en\/wp-json\/wp\/v2\/product_tag?post=40636"}],"curies":[{"name":"wp","href":"https:\/\/api.w.org\/{rel}","templated":true}]}}