{"id":40669,"date":"2025-02-05T05:55:13","date_gmt":"2025-02-05T05:55:13","guid":{"rendered":"https:\/\/jnksport.com\/?post_type=product&#038;p=40669"},"modified":"2026-03-13T12:48:40","modified_gmt":"2026-03-13T12:48:40","slug":"zapatilla-reebok-court-advance-100202590-para-mujer","status":"publish","type":"product","link":"https:\/\/jnksport.com\/en\/product\/zapatilla-reebok-court-advance-100202590-para-mujer\/","title":{"rendered":"Zapatilla Reebok Court Advance 100202590 para Mujer"},"content":{"rendered":"<div>\n<div>Las Zapatillas Reebok Court Advance vestidas de fiesta<\/p>\n<p>Un poco de brillo met\u00e1lico es todo lo que necesitan estos Zapatillas Reebok para mujer. Las franjas laterales obtienen un toque de glamour con un aspecto met\u00e1lico martillado. Los detalles met\u00e1licos de la marca completan el ambiente brillante. Las peque\u00f1as burbujas los hacen lo suficientemente c\u00f3modos para usarlos desde la fiesta previa hasta la \u00faltima llamada.<\/p>\n<p>Materiales: Upper: 51.2% Cuero 47.% Sintetico 1.8% Textil | Bottom: 100.% Goma<\/p><\/div>\n<\/div>\n<ul>\n<li>Marca: Reebok<\/li>\n<li>Codigo: 100202590<\/li>\n<li>Modelo: Court Advance<\/li>\n<li>G\u00e9nero: Mujer<\/li>\n<li>Estilo: Urbano<\/li>\n<li>Cierre: Cordones<\/li>\n<li>Material: Cuero<\/li>\n<li>Color: Blanco<\/li>\n<li>Material de la Suela: Goma<\/li>\n<\/ul>","protected":false},"excerpt":{"rendered":"<p>Las Zapatillas Reebok Court Advance vestidas de fiesta Un poco de brillo met\u00e1lico es todo lo que necesitan estos Zapatillas Reebok para mujer. Las franjas&#8230;<\/p>","protected":false},"featured_media":40195,"comment_status":"open","ping_status":"closed","template":"","meta":{"om_disable_all_campaigns":false,"_monsterinsights_skip_tracking":false,"_monsterinsights_sitenote_active":false,"_monsterinsights_sitenote_note":"","_monsterinsights_sitenote_category":0,"_uf_show_specific_survey":0,"_uf_disable_surveys":false,"_joinchat":[]},"etheme_brands":[],"product_brand":[],"product_cat":[18],"product_tag":[],"class_list":{"0":"post-40669","1":"product","2":"type-product","3":"status-publish","4":"has-post-thumbnail","6":"product_cat-mujer","7":"product_shipping_class-envio-a-lima-y-provincia","9":"first","10":"instock","11":"sale","12":"featured","13":"shipping-taxable","14":"purchasable","15":"product-type-variable"},"aioseo_notices":[],"_links":{"self":[{"href":"https:\/\/jnksport.com\/en\/wp-json\/wp\/v2\/product\/40669","targetHints":{"allow":["GET"]}}],"collection":[{"href":"https:\/\/jnksport.com\/en\/wp-json\/wp\/v2\/product"}],"about":[{"href":"https:\/\/jnksport.com\/en\/wp-json\/wp\/v2\/types\/product"}],"replies":[{"embeddable":true,"href":"https:\/\/jnksport.com\/en\/wp-json\/wp\/v2\/comments?post=40669"}],"version-history":[{"count":0,"href":"https:\/\/jnksport.com\/en\/wp-json\/wp\/v2\/product\/40669\/revisions"}],"wp:featuredmedia":[{"embeddable":true,"href":"https:\/\/jnksport.com\/en\/wp-json\/wp\/v2\/media\/40195"}],"wp:attachment":[{"href":"https:\/\/jnksport.com\/en\/wp-json\/wp\/v2\/media?parent=40669"}],"wp:term":[{"taxonomy":"brand","embeddable":true,"href":"https:\/\/jnksport.com\/en\/wp-json\/wp\/v2\/etheme_brands?post=40669"},{"taxonomy":"product_brand","embeddable":true,"href":"https:\/\/jnksport.com\/en\/wp-json\/wp\/v2\/product_brand?post=40669"},{"taxonomy":"product_cat","embeddable":true,"href":"https:\/\/jnksport.com\/en\/wp-json\/wp\/v2\/product_cat?post=40669"},{"taxonomy":"product_tag","embeddable":true,"href":"https:\/\/jnksport.com\/en\/wp-json\/wp\/v2\/product_tag?post=40669"}],"curies":[{"name":"wp","href":"https:\/\/api.w.org\/{rel}","templated":true}]}}