{"id":40701,"date":"2025-02-05T05:55:17","date_gmt":"2025-02-05T05:55:17","guid":{"rendered":"https:\/\/jnksport.com\/?post_type=product&#038;p=40701"},"modified":"2026-02-24T08:32:31","modified_gmt":"2026-02-24T08:32:31","slug":"zapatilla-reebok-bb-1000-100211081-para-hombre","status":"publish","type":"product","link":"https:\/\/jnksport.com\/en\/product\/zapatilla-reebok-bb-1000-100211081-para-hombre\/","title":{"rendered":"Zapatilla Reebok Bb 1000 100211081 para Hombre"},"content":{"rendered":"<div>\n<div>Las Reebok BB 1000 son unas zapatillas urbanas para hombre dise\u00f1adas para ofrecer estilo y comodidad. Confeccionadas con una parte superior de cuero suave, cuentan con una puntera reforzada para mayor durabilidad y una entresuela de espuma EVA que proporciona una amortiguaci\u00f3n ligera. La suela de goma duradera garantiza tracci\u00f3n y apoyo en todas las superficies. El llamativo logotipo de Reebok en ambos lados a\u00f1ade un toque ic\u00f3nico.<\/p>\n<p>Caracter\u00edsticas:<br \/>\nParte superior de cuero suave<br \/>\nPuntera reforzada<br \/>\nEntresuela de espuma EVA para amortiguaci\u00f3n<br \/>\nSuela de goma duradera para tracci\u00f3n<br \/>\nLogotipo de Reebok en ambos lados<\/p><\/div>\n<\/div>\n<ul>\n<li>Marca: Reebok<\/li>\n<li>Codigo: 100211081<\/li>\n<li>Modelo: Bb 1000<\/li>\n<li>G\u00e9nero: Hombre<\/li>\n<li>Estilo: Urbano<\/li>\n<li>Cierre: Cordones<\/li>\n<li>Material: Cuero<\/li>\n<li>Color: Negro<\/li>\n<li>Material de la Suela: Goma<\/li>\n<\/ul>","protected":false},"excerpt":{"rendered":"<p>Las Reebok BB 1000 son unas zapatillas urbanas para hombre dise\u00f1adas para ofrecer estilo y comodidad. Confeccionadas con una parte superior de cuero suave, cuentan&#8230;<\/p>","protected":false},"featured_media":40205,"comment_status":"open","ping_status":"closed","template":"","meta":{"om_disable_all_campaigns":false,"_monsterinsights_skip_tracking":false,"_monsterinsights_sitenote_active":false,"_monsterinsights_sitenote_note":"","_monsterinsights_sitenote_category":0,"_uf_show_specific_survey":0,"_uf_disable_surveys":false,"_joinchat":[]},"etheme_brands":[],"product_brand":[],"product_cat":[19],"product_tag":[],"class_list":{"0":"post-40701","1":"product","2":"type-product","3":"status-publish","4":"has-post-thumbnail","6":"product_cat-hombre","7":"product_shipping_class-envio-a-lima-y-provincia","9":"first","10":"instock","11":"sale","12":"featured","13":"shipping-taxable","14":"purchasable","15":"product-type-variable"},"aioseo_notices":[],"_links":{"self":[{"href":"https:\/\/jnksport.com\/en\/wp-json\/wp\/v2\/product\/40701","targetHints":{"allow":["GET"]}}],"collection":[{"href":"https:\/\/jnksport.com\/en\/wp-json\/wp\/v2\/product"}],"about":[{"href":"https:\/\/jnksport.com\/en\/wp-json\/wp\/v2\/types\/product"}],"replies":[{"embeddable":true,"href":"https:\/\/jnksport.com\/en\/wp-json\/wp\/v2\/comments?post=40701"}],"version-history":[{"count":0,"href":"https:\/\/jnksport.com\/en\/wp-json\/wp\/v2\/product\/40701\/revisions"}],"wp:featuredmedia":[{"embeddable":true,"href":"https:\/\/jnksport.com\/en\/wp-json\/wp\/v2\/media\/40205"}],"wp:attachment":[{"href":"https:\/\/jnksport.com\/en\/wp-json\/wp\/v2\/media?parent=40701"}],"wp:term":[{"taxonomy":"brand","embeddable":true,"href":"https:\/\/jnksport.com\/en\/wp-json\/wp\/v2\/etheme_brands?post=40701"},{"taxonomy":"product_brand","embeddable":true,"href":"https:\/\/jnksport.com\/en\/wp-json\/wp\/v2\/product_brand?post=40701"},{"taxonomy":"product_cat","embeddable":true,"href":"https:\/\/jnksport.com\/en\/wp-json\/wp\/v2\/product_cat?post=40701"},{"taxonomy":"product_tag","embeddable":true,"href":"https:\/\/jnksport.com\/en\/wp-json\/wp\/v2\/product_tag?post=40701"}],"curies":[{"name":"wp","href":"https:\/\/api.w.org\/{rel}","templated":true}]}}