{"id":40704,"date":"2025-02-05T05:55:18","date_gmt":"2025-02-05T05:55:18","guid":{"rendered":"https:\/\/jnksport.com\/?post_type=product&#038;p=40704"},"modified":"2026-03-14T15:19:18","modified_gmt":"2026-03-14T15:19:18","slug":"zapatilla-asics-gel-dedicate-8-1041a448-002-para-hombre","status":"publish","type":"product","link":"https:\/\/jnksport.com\/en\/product\/zapatilla-asics-gel-dedicate-8-1041a448-002-para-hombre\/","title":{"rendered":"Zapatilla Asics GEL-DEDICATE 8 1041A448-002 para Hombre"},"content":{"rendered":"<div>\n<div>La zapatilla de tenis GEL-DEDICATE\u00ae 8 CLAY ofrece una buena estabilidad y una sensaci\u00f3n de flexibilidad para mantener la mente centrada durante el partido.<\/p>\n<p>La parte superior de este calzado est\u00e1 confeccionada con materiales de cuero sint\u00e9tico para mejorar el soporte. Mantienen tus pies firmes cuando cambias de direcci\u00f3n y persigues tiros desafiantes.<\/p>\n<p>Una unidad de soporte TRUSSTIC\u00ae y una suela exterior envolvente mejoran la estabilidad y permiten que tus pies se muevan libremente. Esto te permite cambiar de direcci\u00f3n con m\u00e1s confianza, especialmente si te mueves de un lado a otro.<\/p><\/div>\n<\/div>\n<ul>\n<li>Marca: Asics<\/li>\n<li>Codigo: 1041A448-002<\/li>\n<li>Modelo: GEL-DEDICATE 8<\/li>\n<li>G\u00e9nero: Hombre<\/li>\n<li>Estilo: Deportivo<\/li>\n<li>Cierre: Cordones<\/li>\n<li>Material: Textil<\/li>\n<li>Color: Negro<\/li>\n<li>Material de la Suela: Goma<\/li>\n<\/ul>","protected":false},"excerpt":{"rendered":"<p>La zapatilla de tenis GEL-DEDICATE\u00ae 8 CLAY ofrece una buena estabilidad y una sensaci\u00f3n de flexibilidad para mantener la mente centrada durante el partido. La&#8230;<\/p>","protected":false},"featured_media":40020,"comment_status":"open","ping_status":"closed","template":"","meta":{"om_disable_all_campaigns":false,"_monsterinsights_skip_tracking":false,"_monsterinsights_sitenote_active":false,"_monsterinsights_sitenote_note":"","_monsterinsights_sitenote_category":0,"_uf_show_specific_survey":0,"_uf_disable_surveys":false,"_joinchat":[]},"etheme_brands":[],"product_brand":[],"product_cat":[19],"product_tag":[],"class_list":{"0":"post-40704","1":"product","2":"type-product","3":"status-publish","4":"has-post-thumbnail","6":"product_cat-hombre","7":"product_shipping_class-envio-a-lima-y-provincia","9":"first","10":"instock","11":"sale","12":"featured","13":"shipping-taxable","14":"purchasable","15":"product-type-variable"},"aioseo_notices":[],"_links":{"self":[{"href":"https:\/\/jnksport.com\/en\/wp-json\/wp\/v2\/product\/40704","targetHints":{"allow":["GET"]}}],"collection":[{"href":"https:\/\/jnksport.com\/en\/wp-json\/wp\/v2\/product"}],"about":[{"href":"https:\/\/jnksport.com\/en\/wp-json\/wp\/v2\/types\/product"}],"replies":[{"embeddable":true,"href":"https:\/\/jnksport.com\/en\/wp-json\/wp\/v2\/comments?post=40704"}],"version-history":[{"count":0,"href":"https:\/\/jnksport.com\/en\/wp-json\/wp\/v2\/product\/40704\/revisions"}],"wp:featuredmedia":[{"embeddable":true,"href":"https:\/\/jnksport.com\/en\/wp-json\/wp\/v2\/media\/40020"}],"wp:attachment":[{"href":"https:\/\/jnksport.com\/en\/wp-json\/wp\/v2\/media?parent=40704"}],"wp:term":[{"taxonomy":"brand","embeddable":true,"href":"https:\/\/jnksport.com\/en\/wp-json\/wp\/v2\/etheme_brands?post=40704"},{"taxonomy":"product_brand","embeddable":true,"href":"https:\/\/jnksport.com\/en\/wp-json\/wp\/v2\/product_brand?post=40704"},{"taxonomy":"product_cat","embeddable":true,"href":"https:\/\/jnksport.com\/en\/wp-json\/wp\/v2\/product_cat?post=40704"},{"taxonomy":"product_tag","embeddable":true,"href":"https:\/\/jnksport.com\/en\/wp-json\/wp\/v2\/product_tag?post=40704"}],"curies":[{"name":"wp","href":"https:\/\/api.w.org\/{rel}","templated":true}]}}