{"id":40805,"date":"2025-02-05T05:55:32","date_gmt":"2025-02-05T05:55:32","guid":{"rendered":"https:\/\/jnksport.com\/producto\/zapatilla-puma-carina-2-0-386185-19-para-ninas\/"},"modified":"2025-11-14T22:50:40","modified_gmt":"2025-11-14T22:50:40","slug":"zapatilla-puma-carina-2-0-386185-19-para-ninas","status":"publish","type":"product","link":"https:\/\/jnksport.com\/en\/product\/zapatilla-puma-carina-2-0-386185-19-para-ninas\/","title":{"rendered":"Zapatilla Puma Carina 2.0 386185-19 para Ni\u00f1as"},"content":{"rendered":"<div>\n<div>Inspiradas en el estilo de vida desenfadado de la California de los 80, las Carina son el paradigma de la elegancia despreocupada. La \u00faltima edici\u00f3n se ha renovado con una suela m\u00e1s gruesa y con m\u00e1s textura que les confiere un toque adicional de estilo y actitud.<\/p>\n<p>CARACTER\u00cdSTICAS + BENEFICIOS<br \/>\nSOFTFOAM+: plantilla de confort dise\u00f1ada para proporcionar una suave amortiguaci\u00f3n gracias a su tal\u00f3n extra grueso<br \/>\nContenido reciclado: el exterior se ha fabricado con al menos un 20 % de materiales reciclados como paso hacia un futuro mejor<br \/>\nDETALLES<br \/>\nExterior de piel con componentes reciclados y empeine perforado<br \/>\nPlantilla SOFTFOAM+<br \/>\nSuela de plataforma con zona texturizada en la puntera y el tal\u00f3n<br \/>\nEntresuela de goma<br \/>\nSuela de goma<br \/>\nFormstrip de PUMA en los lados medio y lateral<br \/>\nLogotipo PUMA n.\u00ba 2 en el panel lateral<br \/>\nModelo PUMA para j\u00f3venes: recomendado para ni\u00f1os de 8 a 16 a\u00f1os<\/p><\/div>\n<\/div>\n<ul>\n<li>Marca: Puma<\/li>\n<li>Codigo: 386185-19<\/li>\n<li>Modelo: Carina 2.0<\/li>\n<li>G\u00e9nero: Ni\u00f1as<\/li>\n<li>Estilo: Urbano<\/li>\n<li>Cierre: Cordones<\/li>\n<li>Material: Cuero<\/li>\n<li>Color: Blanco<\/li>\n<li>Material de la Suela: Goma<\/li>\n<\/ul>","protected":false},"excerpt":{"rendered":"<p>Inspiradas en el estilo de vida desenfadado de la California de los 80, las Carina son el paradigma de la elegancia despreocupada. La \u00faltima edici\u00f3n&#8230;<\/p>","protected":false},"featured_media":40089,"comment_status":"open","ping_status":"closed","template":"","meta":{"om_disable_all_campaigns":false,"_monsterinsights_skip_tracking":false,"_monsterinsights_sitenote_active":false,"_monsterinsights_sitenote_note":"","_monsterinsights_sitenote_category":0,"_uf_show_specific_survey":0,"_uf_disable_surveys":false,"_joinchat":[]},"etheme_brands":[],"product_brand":[],"product_cat":[573],"product_tag":[],"class_list":{"0":"post-40805","1":"product","2":"type-product","3":"status-publish","4":"has-post-thumbnail","6":"product_cat-ninas-2","7":"product_shipping_class-envio-a-lima-y-provincia","9":"first","10":"instock","11":"sale","12":"featured","13":"shipping-taxable","14":"purchasable","15":"product-type-variable"},"aioseo_notices":[],"_links":{"self":[{"href":"https:\/\/jnksport.com\/en\/wp-json\/wp\/v2\/product\/40805","targetHints":{"allow":["GET"]}}],"collection":[{"href":"https:\/\/jnksport.com\/en\/wp-json\/wp\/v2\/product"}],"about":[{"href":"https:\/\/jnksport.com\/en\/wp-json\/wp\/v2\/types\/product"}],"replies":[{"embeddable":true,"href":"https:\/\/jnksport.com\/en\/wp-json\/wp\/v2\/comments?post=40805"}],"version-history":[{"count":0,"href":"https:\/\/jnksport.com\/en\/wp-json\/wp\/v2\/product\/40805\/revisions"}],"wp:featuredmedia":[{"embeddable":true,"href":"https:\/\/jnksport.com\/en\/wp-json\/wp\/v2\/media\/40089"}],"wp:attachment":[{"href":"https:\/\/jnksport.com\/en\/wp-json\/wp\/v2\/media?parent=40805"}],"wp:term":[{"taxonomy":"brand","embeddable":true,"href":"https:\/\/jnksport.com\/en\/wp-json\/wp\/v2\/etheme_brands?post=40805"},{"taxonomy":"product_brand","embeddable":true,"href":"https:\/\/jnksport.com\/en\/wp-json\/wp\/v2\/product_brand?post=40805"},{"taxonomy":"product_cat","embeddable":true,"href":"https:\/\/jnksport.com\/en\/wp-json\/wp\/v2\/product_cat?post=40805"},{"taxonomy":"product_tag","embeddable":true,"href":"https:\/\/jnksport.com\/en\/wp-json\/wp\/v2\/product_tag?post=40805"}],"curies":[{"name":"wp","href":"https:\/\/api.w.org\/{rel}","templated":true}]}}