{"id":40806,"date":"2025-02-05T05:55:35","date_gmt":"2025-02-05T05:55:35","guid":{"rendered":"https:\/\/jnksport.com\/?post_type=product&#038;p=40806"},"modified":"2025-11-14T22:50:40","modified_gmt":"2025-11-14T22:50:40","slug":"zapatilla-puma-carina-2-0-389318-02-para-ninos","status":"publish","type":"product","link":"https:\/\/jnksport.com\/en\/product\/zapatilla-puma-carina-2-0-389318-02-para-ninos\/","title":{"rendered":"Zapatilla Puma Carina 2.0 389318-02 para Ni\u00f1os"},"content":{"rendered":"<div>\n<div>Inspiradas en los dise\u00f1os de zapatillas retro de la d\u00e9cada de 1980, el nuevo modelo estilo zapatillas de las Carina 2.0 se actualiz\u00f3 para reflejar la vibra relajada caracter\u00edstica de las playas de California. Esta nueva versi\u00f3n conserva el estilo que los fan\u00e1ticos de PUMA ya conocen. Sin embargo, cuenta con un dise\u00f1o de base moderno con l\u00edneas verticales m\u00e1s anchas, que crean un aspecto m\u00e1s juguet\u00f3n y casual para los ni\u00f1os peque\u00f1os que empiezan a conocer el mundo del calzado. Con estos tenis de tendencia, tu peque\u00f1o felino andar\u00e1 y lucir\u00e1 tan a la moda como t\u00fa.<\/p>\n<p>DETALLES<br \/>\nSistema de cierre de contacto<br \/>\nMediasuela de goma<br \/>\nSuela exterior de goma<br \/>\nFranja PUMA en ambos costados<br \/>\nLogotipo PUMA Cat metalizado en el tal\u00f3n<br \/>\nPUMA beb\u00e9s: recomendado para ni\u00f1os peque\u00f1os de 0 a 4 a\u00f1os<\/p><\/div>\n<\/div>\n<ul>\n<li>Marca: Puma<\/li>\n<li>Codigo: 389318-02<\/li>\n<li>Modelo: Carina 2.0<\/li>\n<li>G\u00e9nero: Ni\u00f1os<\/li>\n<li>Estilo: Urbano<\/li>\n<li>Cierre: Cordones<\/li>\n<li>Material: Cuero<\/li>\n<li>Color: Blanco<\/li>\n<li>Material de la Suela: Goma<\/li>\n<\/ul>","protected":false},"excerpt":{"rendered":"<p>Inspiradas en los dise\u00f1os de zapatillas retro de la d\u00e9cada de 1980, el nuevo modelo estilo zapatillas de las Carina 2.0 se actualiz\u00f3 para reflejar&#8230;<\/p>","protected":false},"featured_media":40093,"comment_status":"open","ping_status":"closed","template":"","meta":{"om_disable_all_campaigns":false,"_monsterinsights_skip_tracking":false,"_monsterinsights_sitenote_active":false,"_monsterinsights_sitenote_note":"","_monsterinsights_sitenote_category":0,"_uf_show_specific_survey":0,"_uf_disable_surveys":false,"_joinchat":[]},"etheme_brands":[],"product_brand":[],"product_cat":[159],"product_tag":[],"class_list":{"0":"post-40806","1":"product","2":"type-product","3":"status-publish","4":"has-post-thumbnail","6":"product_cat-ninos","7":"product_shipping_class-envio-a-lima-y-provincia","9":"first","10":"instock","11":"sale","12":"featured","13":"shipping-taxable","14":"purchasable","15":"product-type-variable"},"aioseo_notices":[],"_links":{"self":[{"href":"https:\/\/jnksport.com\/en\/wp-json\/wp\/v2\/product\/40806","targetHints":{"allow":["GET"]}}],"collection":[{"href":"https:\/\/jnksport.com\/en\/wp-json\/wp\/v2\/product"}],"about":[{"href":"https:\/\/jnksport.com\/en\/wp-json\/wp\/v2\/types\/product"}],"replies":[{"embeddable":true,"href":"https:\/\/jnksport.com\/en\/wp-json\/wp\/v2\/comments?post=40806"}],"version-history":[{"count":0,"href":"https:\/\/jnksport.com\/en\/wp-json\/wp\/v2\/product\/40806\/revisions"}],"wp:featuredmedia":[{"embeddable":true,"href":"https:\/\/jnksport.com\/en\/wp-json\/wp\/v2\/media\/40093"}],"wp:attachment":[{"href":"https:\/\/jnksport.com\/en\/wp-json\/wp\/v2\/media?parent=40806"}],"wp:term":[{"taxonomy":"brand","embeddable":true,"href":"https:\/\/jnksport.com\/en\/wp-json\/wp\/v2\/etheme_brands?post=40806"},{"taxonomy":"product_brand","embeddable":true,"href":"https:\/\/jnksport.com\/en\/wp-json\/wp\/v2\/product_brand?post=40806"},{"taxonomy":"product_cat","embeddable":true,"href":"https:\/\/jnksport.com\/en\/wp-json\/wp\/v2\/product_cat?post=40806"},{"taxonomy":"product_tag","embeddable":true,"href":"https:\/\/jnksport.com\/en\/wp-json\/wp\/v2\/product_tag?post=40806"}],"curies":[{"name":"wp","href":"https:\/\/api.w.org\/{rel}","templated":true}]}}