{"id":40807,"date":"2025-02-05T05:55:35","date_gmt":"2025-02-05T05:55:35","guid":{"rendered":"https:\/\/jnksport.com\/?post_type=product&#038;p=40807"},"modified":"2026-03-09T16:38:29","modified_gmt":"2026-03-09T16:38:29","slug":"zapatilla-puma-carina-2-0-397421-19-para-ninos","status":"publish","type":"product","link":"https:\/\/jnksport.com\/en\/product\/zapatilla-puma-carina-2-0-397421-19-para-ninos\/","title":{"rendered":"Zapatilla Puma Carina 2.0 397421-19 para Ni\u00f1os"},"content":{"rendered":"<div>\n<div>Inspiradas en el relajado ambiente californiano de los a\u00f1os 80, las zapatillas Carina son el ep\u00edtome de un estilo sin esfuerzo. La \u00faltima edici\u00f3n ha sido renovada con una suela m\u00e1s alta y m\u00e1s texturizada, para un toque adicional de energ\u00eda y actitud.<\/p>\n<p>DETALLES<\/p>\n<p>Empeine sint\u00e9tico con detalles perforados<\/p>\n<p>Plantilla SOFTFOAM+<\/p>\n<p>Suela de estilo plataforma, con puntera y tal\u00f3n texturizados<\/p>\n<p>Entresuela de goma<\/p>\n<p>Suela de goma<\/p>\n<p>PUMA Formstrip en ambos laterales<\/p>\n<p>Logo PUMA No. 2 en lateral<\/p>\n<p>PUMA Ni\u00f1os: Producto recomendado para ni\u00f1os de 4 a 8 a\u00f1os<\/p>\n<p>Hecho en China<\/p><\/div>\n<\/div>\n<ul>\n<li>Marca: Puma<\/li>\n<li>Codigo: 397421-19<\/li>\n<li>Modelo: Carina 2.0<\/li>\n<li>G\u00e9nero: Ni\u00f1os<\/li>\n<li>Estilo: Urbano<\/li>\n<li>Cierre: Cordones<\/li>\n<li>Material: Cuero<\/li>\n<li>Color: Blanco<\/li>\n<li>Material de la Suela: Goma<\/li>\n<\/ul>","protected":false},"excerpt":{"rendered":"<p>Inspiradas en el relajado ambiente californiano de los a\u00f1os 80, las zapatillas Carina son el ep\u00edtome de un estilo sin esfuerzo. La \u00faltima edici\u00f3n ha&#8230;<\/p>","protected":false},"featured_media":50269,"comment_status":"open","ping_status":"closed","template":"","meta":{"om_disable_all_campaigns":false,"_monsterinsights_skip_tracking":false,"_monsterinsights_sitenote_active":false,"_monsterinsights_sitenote_note":"","_monsterinsights_sitenote_category":0,"_uf_show_specific_survey":0,"_uf_disable_surveys":false,"_joinchat":[]},"etheme_brands":[],"product_brand":[],"product_cat":[159],"product_tag":[],"class_list":{"0":"post-40807","1":"product","2":"type-product","3":"status-publish","4":"has-post-thumbnail","6":"product_cat-ninos","7":"product_shipping_class-envio-a-lima-y-provincia","9":"first","10":"instock","11":"sale","12":"featured","13":"shipping-taxable","14":"purchasable","15":"product-type-variable"},"aioseo_notices":[],"_links":{"self":[{"href":"https:\/\/jnksport.com\/en\/wp-json\/wp\/v2\/product\/40807","targetHints":{"allow":["GET"]}}],"collection":[{"href":"https:\/\/jnksport.com\/en\/wp-json\/wp\/v2\/product"}],"about":[{"href":"https:\/\/jnksport.com\/en\/wp-json\/wp\/v2\/types\/product"}],"replies":[{"embeddable":true,"href":"https:\/\/jnksport.com\/en\/wp-json\/wp\/v2\/comments?post=40807"}],"version-history":[{"count":0,"href":"https:\/\/jnksport.com\/en\/wp-json\/wp\/v2\/product\/40807\/revisions"}],"wp:featuredmedia":[{"embeddable":true,"href":"https:\/\/jnksport.com\/en\/wp-json\/wp\/v2\/media\/50269"}],"wp:attachment":[{"href":"https:\/\/jnksport.com\/en\/wp-json\/wp\/v2\/media?parent=40807"}],"wp:term":[{"taxonomy":"brand","embeddable":true,"href":"https:\/\/jnksport.com\/en\/wp-json\/wp\/v2\/etheme_brands?post=40807"},{"taxonomy":"product_brand","embeddable":true,"href":"https:\/\/jnksport.com\/en\/wp-json\/wp\/v2\/product_brand?post=40807"},{"taxonomy":"product_cat","embeddable":true,"href":"https:\/\/jnksport.com\/en\/wp-json\/wp\/v2\/product_cat?post=40807"},{"taxonomy":"product_tag","embeddable":true,"href":"https:\/\/jnksport.com\/en\/wp-json\/wp\/v2\/product_tag?post=40807"}],"curies":[{"name":"wp","href":"https:\/\/api.w.org\/{rel}","templated":true}]}}