{"id":40809,"date":"2025-02-05T05:55:35","date_gmt":"2025-02-05T05:55:35","guid":{"rendered":"https:\/\/jnksport.com\/?post_type=product&#038;p=40809"},"modified":"2025-12-30T08:01:26","modified_gmt":"2025-12-30T08:01:26","slug":"zapatilla-puma-carina-street-398285-01-para-mujer","status":"publish","type":"product","link":"https:\/\/jnksport.com\/en\/product\/zapatilla-puma-carina-street-398285-01-para-mujer\/","title":{"rendered":"Zapatilla Puma Carina Street 398285-01 para Mujer"},"content":{"rendered":"<div>\n<div>El dise\u00f1o de las zapatillas Carina Street est\u00e1 inspirado en la moda urbana. Su dise\u00f1o de plataforma y sus detalles del mundo del baloncesto aportan un toque de estilo a cualquier look de diario. Un calzado hecho para los j\u00f3venes que marcan tendencia gracias a sus motivos hologr\u00e1ficos.<\/p>\n<p>CARACTER\u00cdSTICAS + BENEFICIOS<br \/>\nEl empeine de las zapatillas est\u00e1 fabricado con al menos un 30 % de materiales reciclados y la suela con al menos un 10 % de materiales reciclados.<br \/>\nDETALLES<br \/>\nHorma est\u00e1ndar<br \/>\nEmpeine sint\u00e9tico<br \/>\nCordones<br \/>\nSuela de goma<br \/>\nPlantilla de tela con la marca PUMA estampada<br \/>\nDetalles hologr\u00e1ficos<\/p><\/div>\n<\/div>\n<ul>\n<li>Marca: Puma<\/li>\n<li>Codigo: 398285-01<\/li>\n<li>Modelo: Carina Street<\/li>\n<li>G\u00e9nero: Mujer<\/li>\n<li>Estilo: Urbano<\/li>\n<li>Cierre: Cordones<\/li>\n<li>Material: Cuero<\/li>\n<li>Color: Blanco<\/li>\n<li>Material de la Suela: Goma<\/li>\n<\/ul>","protected":false},"excerpt":{"rendered":"<p>El dise\u00f1o de las zapatillas Carina Street est\u00e1 inspirado en la moda urbana. Su dise\u00f1o de plataforma y sus detalles del mundo del baloncesto aportan&#8230;<\/p>","protected":false},"featured_media":40111,"comment_status":"open","ping_status":"closed","template":"","meta":{"om_disable_all_campaigns":false,"_monsterinsights_skip_tracking":false,"_monsterinsights_sitenote_active":false,"_monsterinsights_sitenote_note":"","_monsterinsights_sitenote_category":0,"_uf_show_specific_survey":0,"_uf_disable_surveys":false,"_joinchat":[]},"etheme_brands":[],"product_brand":[],"product_cat":[18],"product_tag":[],"class_list":{"0":"post-40809","1":"product","2":"type-product","3":"status-publish","4":"has-post-thumbnail","6":"product_cat-mujer","7":"product_shipping_class-envio-a-lima-y-provincia","9":"first","10":"instock","11":"sale","12":"featured","13":"shipping-taxable","14":"purchasable","15":"product-type-variable"},"aioseo_notices":[],"_links":{"self":[{"href":"https:\/\/jnksport.com\/en\/wp-json\/wp\/v2\/product\/40809","targetHints":{"allow":["GET"]}}],"collection":[{"href":"https:\/\/jnksport.com\/en\/wp-json\/wp\/v2\/product"}],"about":[{"href":"https:\/\/jnksport.com\/en\/wp-json\/wp\/v2\/types\/product"}],"replies":[{"embeddable":true,"href":"https:\/\/jnksport.com\/en\/wp-json\/wp\/v2\/comments?post=40809"}],"version-history":[{"count":0,"href":"https:\/\/jnksport.com\/en\/wp-json\/wp\/v2\/product\/40809\/revisions"}],"wp:featuredmedia":[{"embeddable":true,"href":"https:\/\/jnksport.com\/en\/wp-json\/wp\/v2\/media\/40111"}],"wp:attachment":[{"href":"https:\/\/jnksport.com\/en\/wp-json\/wp\/v2\/media?parent=40809"}],"wp:term":[{"taxonomy":"brand","embeddable":true,"href":"https:\/\/jnksport.com\/en\/wp-json\/wp\/v2\/etheme_brands?post=40809"},{"taxonomy":"product_brand","embeddable":true,"href":"https:\/\/jnksport.com\/en\/wp-json\/wp\/v2\/product_brand?post=40809"},{"taxonomy":"product_cat","embeddable":true,"href":"https:\/\/jnksport.com\/en\/wp-json\/wp\/v2\/product_cat?post=40809"},{"taxonomy":"product_tag","embeddable":true,"href":"https:\/\/jnksport.com\/en\/wp-json\/wp\/v2\/product_tag?post=40809"}],"curies":[{"name":"wp","href":"https:\/\/api.w.org\/{rel}","templated":true}]}}