{"id":40844,"date":"2025-02-05T05:55:41","date_gmt":"2025-02-05T05:55:41","guid":{"rendered":"https:\/\/jnksport.com\/?post_type=product&#038;p=40844"},"modified":"2026-04-11T17:02:50","modified_gmt":"2026-04-11T17:02:50","slug":"zapatilla-skechers-gametronix-2-0-402270l-bkmt-para-ninos","status":"publish","type":"product","link":"https:\/\/jnksport.com\/en\/product\/zapatilla-skechers-gametronix-2-0-402270l-bkmt-para-ninos\/","title":{"rendered":"Zapatilla Skechers Gametronix 2.0 402270L-BKMT para Ni\u00f1os"},"content":{"rendered":"<div>\n<div>Aumenta la diversi\u00f3n con la comodidad incre\u00edble de Skechers Game Kicks\u00ae: Gametronix 2.0. Esta ligera zapatilla con tema de videojuegos presenta una parte superior sint\u00e9tica con cordones el\u00e1sticos, cierre adaptable Skechers Adaptive Closure y una plantilla acolchada y c\u00f3moda.<\/p>\n<p>Descripcion<br \/>\nParte superior de malla y material sint\u00e9tico con detalle de bot\u00f3n<br \/>\nSuela exterior de goma resistente con tracci\u00f3n<br \/>\nLavable a m\u00e1quina<br \/>\nTal\u00f3n de 2.54 cm<br \/>\nDetalle del logotipo de Skechers\u00ae<\/p>\n<p>Cierre adaptable Skechers easy on, easy off para un ajuste personalizado<br \/>\nDise\u00f1o tem\u00e1tico Game Kicks\u00ae<br \/>\nPlantilla acolchada y c\u00f3moda<\/p><\/div>\n<\/div>\n<ul>\n<li>Marca: Skechers<\/li>\n<li>Codigo: 402270L-BKMT<\/li>\n<li>Modelo: Gametronix 2.0<\/li>\n<li>G\u00e9nero: Ni\u00f1os<\/li>\n<li>Estilo: Urbano<\/li>\n<li>Cierre: Cordones<\/li>\n<li>Material: Textil<\/li>\n<li>Color: Negro<\/li>\n<li>Material de la Suela: Goma<\/li>\n<\/ul>","protected":false},"excerpt":{"rendered":"<p>Aumenta la diversi\u00f3n con la comodidad incre\u00edble de Skechers Game Kicks\u00ae: Gametronix 2.0. Esta ligera zapatilla con tema de videojuegos presenta una parte superior sint\u00e9tica&#8230;<\/p>","protected":false},"featured_media":40138,"comment_status":"open","ping_status":"closed","template":"","meta":{"om_disable_all_campaigns":false,"_monsterinsights_skip_tracking":false,"_monsterinsights_sitenote_active":false,"_monsterinsights_sitenote_note":"","_monsterinsights_sitenote_category":0,"_uf_show_specific_survey":0,"_uf_disable_surveys":false,"_joinchat":[]},"etheme_brands":[],"product_brand":[],"product_cat":[159],"product_tag":[],"class_list":{"0":"post-40844","1":"product","2":"type-product","3":"status-publish","4":"has-post-thumbnail","6":"product_cat-ninos","7":"product_shipping_class-envio-a-lima-y-provincia","9":"first","10":"instock","11":"sale","12":"featured","13":"shipping-taxable","14":"purchasable","15":"product-type-variable"},"aioseo_notices":[],"_links":{"self":[{"href":"https:\/\/jnksport.com\/en\/wp-json\/wp\/v2\/product\/40844","targetHints":{"allow":["GET"]}}],"collection":[{"href":"https:\/\/jnksport.com\/en\/wp-json\/wp\/v2\/product"}],"about":[{"href":"https:\/\/jnksport.com\/en\/wp-json\/wp\/v2\/types\/product"}],"replies":[{"embeddable":true,"href":"https:\/\/jnksport.com\/en\/wp-json\/wp\/v2\/comments?post=40844"}],"version-history":[{"count":0,"href":"https:\/\/jnksport.com\/en\/wp-json\/wp\/v2\/product\/40844\/revisions"}],"wp:featuredmedia":[{"embeddable":true,"href":"https:\/\/jnksport.com\/en\/wp-json\/wp\/v2\/media\/40138"}],"wp:attachment":[{"href":"https:\/\/jnksport.com\/en\/wp-json\/wp\/v2\/media?parent=40844"}],"wp:term":[{"taxonomy":"brand","embeddable":true,"href":"https:\/\/jnksport.com\/en\/wp-json\/wp\/v2\/etheme_brands?post=40844"},{"taxonomy":"product_brand","embeddable":true,"href":"https:\/\/jnksport.com\/en\/wp-json\/wp\/v2\/product_brand?post=40844"},{"taxonomy":"product_cat","embeddable":true,"href":"https:\/\/jnksport.com\/en\/wp-json\/wp\/v2\/product_cat?post=40844"},{"taxonomy":"product_tag","embeddable":true,"href":"https:\/\/jnksport.com\/en\/wp-json\/wp\/v2\/product_tag?post=40844"}],"curies":[{"name":"wp","href":"https:\/\/api.w.org\/{rel}","templated":true}]}}