{"id":40909,"date":"2025-02-05T05:55:51","date_gmt":"2025-02-05T05:55:51","guid":{"rendered":"https:\/\/jnksport.com\/?post_type=product&#038;p=40909"},"modified":"2026-04-29T00:49:05","modified_gmt":"2026-04-29T00:49:05","slug":"zapatilla-lacoste-l003-2k24-748sma0060-12x-para-hombre","status":"publish","type":"product","link":"https:\/\/jnksport.com\/en\/product\/zapatilla-lacoste-l003-2k24-748sma0060-12x-para-hombre\/","title":{"rendered":"Zapatilla Lacoste L003 2K24 748SMA0060-12X para Hombre"},"content":{"rendered":"<div>\n<div>L003 2K24 lleva su historia a una nueva dimensi\u00f3n con su nuevo dise\u00f1o. Adem\u00e1s de su apariencia \u00fanica, tambi\u00e9n est\u00e1 inspirado en los estilos de carrera de alto rendimiento con sus detalles de suela antideslizante. Aporta vida deportiva al estilo callejero con una combinaci\u00f3n de acentos sofisticados y detalles t\u00e9cnicos.<\/p>\n<p>Suela de goma<br \/>\nForro textil<br \/>\nEncaje<br \/>\nLogotipo de cocodrilo<br \/>\nSuela ORTHOLITE transpirable<br \/>\n50% poli\u00e9ster 45% poliuretano 5% gamuza<\/p><\/div>\n<\/div>\n<ul>\n<li>Marca: Lacoste<\/li>\n<li>Codigo: 748SMA0060-12X<\/li>\n<li>Modelo: L003 2K24<\/li>\n<li>G\u00e9nero: Hombre<\/li>\n<li>Estilo: Urbano<\/li>\n<li>Cierre: Cordones<\/li>\n<li>Material: Textil<\/li>\n<li>Color: Negro<\/li>\n<li>Material de la Suela: Goma<\/li>\n<\/ul>","protected":false},"excerpt":{"rendered":"<p>L003 2K24 lleva su historia a una nueva dimensi\u00f3n con su nuevo dise\u00f1o. Adem\u00e1s de su apariencia \u00fanica, tambi\u00e9n est\u00e1 inspirado en los estilos de&#8230;<\/p>","protected":false},"featured_media":59697,"comment_status":"open","ping_status":"closed","template":"","meta":{"om_disable_all_campaigns":false,"_monsterinsights_skip_tracking":false,"_monsterinsights_sitenote_active":false,"_monsterinsights_sitenote_note":"","_monsterinsights_sitenote_category":0,"_uf_show_specific_survey":0,"_uf_disable_surveys":false,"_joinchat":[]},"etheme_brands":[],"product_brand":[],"product_cat":[19],"product_tag":[],"class_list":{"0":"post-40909","1":"product","2":"type-product","3":"status-publish","4":"has-post-thumbnail","6":"product_cat-hombre","7":"product_shipping_class-envio-a-lima-y-provincia","9":"first","10":"instock","11":"sale","12":"featured","13":"shipping-taxable","14":"purchasable","15":"product-type-variable"},"aioseo_notices":[],"_links":{"self":[{"href":"https:\/\/jnksport.com\/en\/wp-json\/wp\/v2\/product\/40909","targetHints":{"allow":["GET"]}}],"collection":[{"href":"https:\/\/jnksport.com\/en\/wp-json\/wp\/v2\/product"}],"about":[{"href":"https:\/\/jnksport.com\/en\/wp-json\/wp\/v2\/types\/product"}],"replies":[{"embeddable":true,"href":"https:\/\/jnksport.com\/en\/wp-json\/wp\/v2\/comments?post=40909"}],"version-history":[{"count":1,"href":"https:\/\/jnksport.com\/en\/wp-json\/wp\/v2\/product\/40909\/revisions"}],"predecessor-version":[{"id":59698,"href":"https:\/\/jnksport.com\/en\/wp-json\/wp\/v2\/product\/40909\/revisions\/59698"}],"wp:featuredmedia":[{"embeddable":true,"href":"https:\/\/jnksport.com\/en\/wp-json\/wp\/v2\/media\/59697"}],"wp:attachment":[{"href":"https:\/\/jnksport.com\/en\/wp-json\/wp\/v2\/media?parent=40909"}],"wp:term":[{"taxonomy":"brand","embeddable":true,"href":"https:\/\/jnksport.com\/en\/wp-json\/wp\/v2\/etheme_brands?post=40909"},{"taxonomy":"product_brand","embeddable":true,"href":"https:\/\/jnksport.com\/en\/wp-json\/wp\/v2\/product_brand?post=40909"},{"taxonomy":"product_cat","embeddable":true,"href":"https:\/\/jnksport.com\/en\/wp-json\/wp\/v2\/product_cat?post=40909"},{"taxonomy":"product_tag","embeddable":true,"href":"https:\/\/jnksport.com\/en\/wp-json\/wp\/v2\/product_tag?post=40909"}],"curies":[{"name":"wp","href":"https:\/\/api.w.org\/{rel}","templated":true}]}}