{"id":40984,"date":"2025-02-05T05:56:02","date_gmt":"2025-02-05T05:56:02","guid":{"rendered":"https:\/\/jnksport.com\/?post_type=product&#038;p=40984"},"modified":"2026-04-26T01:17:47","modified_gmt":"2026-04-26T01:17:47","slug":"zapatilla-nike-team-hustle-dv8996-002-para-ninos","status":"publish","type":"product","link":"https:\/\/jnksport.com\/en\/product\/zapatilla-nike-team-hustle-dv8996-002-para-ninos\/","title":{"rendered":"Zapatilla Nike Team Hustle DV8996-002 para Ni\u00f1os"},"content":{"rendered":"<div>\n<div>La pr\u00e1ctica de b\u00e1squetbol. La clase de gimnasia. Jugar al aire libre. Cubre todo el tiempo de juego con el Nike Team Hustle D 11. Para la edici\u00f3n n\u00famero 11 de la serie Team Hustle D, nuestra m\u00e1xima prioridad era crear un estilo superf\u00e1cil de poner. Las agujetas el\u00e1sticas proporcionan una abertura amplia. Las correas grandes aseguran los pies peque\u00f1os. Adem\u00e1s, la amortiguaci\u00f3n es a\u00fan m\u00e1s suave que en las ediciones anteriores. El mejor calzado de b\u00e1squetbol y para el recreo acaba de perfeccionarse.<\/p>\n<p>Juega con comodidad<\/p>\n<p>El cuero real y el sint\u00e9tico brindan soporte y durabilidad. La tela suave ayuda a que el calzado se sienta ligero y flexible.<\/p>\n<p>F\u00e1cil de poner y quitar<\/p>\n<p>Las agujetas el\u00e1sticas ayudan a que el calzado se abra de par en par para que los pies peque\u00f1os puedan entrar f\u00e1cilmente. Asegura su ajuste con una gran correa de cierre por contacto que se sujeta a un gr\u00e1fico de b\u00e1squetbol. La pieza de goma en el tal\u00f3n agrega un poco de agarre para permitir ponerse el calzado con facilidad.<\/p>\n<p>Control de terreno<\/p>\n<p>La suela de goma de largo completo proporciona tracci\u00f3n duradera desde la cancha cubierta hasta el patio de juegos.<\/p>\n<p>M\u00e1s beneficios<\/p>\n<p>La espuma acolchada en la planta del pie proporciona una amortiguaci\u00f3n m\u00e1s suave que la edici\u00f3n anterior.<br \/>\nLa espuma en el cuello y la leng\u00fceta brinda soporte alrededor del tobillo.<br \/>\nLa capa de piel adicional alrededor de la punta proporciona durabilidad para quienes arrastran los pies.<\/p><\/div>\n<\/div>\n<ul>\n<li>Marca: Nike<\/li>\n<li>Codigo: DV8996-002<\/li>\n<li>Modelo: Team Hustle<\/li>\n<li>G\u00e9nero: Ni\u00f1os<\/li>\n<li>Estilo: Urbano<\/li>\n<li>Cierre: Cordones<\/li>\n<li>Material: Textil<\/li>\n<li>Color: Negro<\/li>\n<li>Material de la Suela: Goma<\/li>\n<\/ul>","protected":false},"excerpt":{"rendered":"<p>La pr\u00e1ctica de b\u00e1squetbol. La clase de gimnasia. Jugar al aire libre. Cubre todo el tiempo de juego con el Nike Team Hustle D 11&#8230;.<\/p>","protected":false},"featured_media":59454,"comment_status":"open","ping_status":"closed","template":"","meta":{"om_disable_all_campaigns":false,"_monsterinsights_skip_tracking":false,"_monsterinsights_sitenote_active":false,"_monsterinsights_sitenote_note":"","_monsterinsights_sitenote_category":0,"_uf_show_specific_survey":0,"_uf_disable_surveys":false,"_joinchat":[]},"etheme_brands":[],"product_brand":[],"product_cat":[159],"product_tag":[],"class_list":{"0":"post-40984","1":"product","2":"type-product","3":"status-publish","4":"has-post-thumbnail","6":"product_cat-ninos","7":"product_shipping_class-envio-a-lima-y-provincia","9":"first","10":"instock","11":"sale","12":"featured","13":"shipping-taxable","14":"purchasable","15":"product-type-variable"},"aioseo_notices":[],"_links":{"self":[{"href":"https:\/\/jnksport.com\/en\/wp-json\/wp\/v2\/product\/40984","targetHints":{"allow":["GET"]}}],"collection":[{"href":"https:\/\/jnksport.com\/en\/wp-json\/wp\/v2\/product"}],"about":[{"href":"https:\/\/jnksport.com\/en\/wp-json\/wp\/v2\/types\/product"}],"replies":[{"embeddable":true,"href":"https:\/\/jnksport.com\/en\/wp-json\/wp\/v2\/comments?post=40984"}],"version-history":[{"count":1,"href":"https:\/\/jnksport.com\/en\/wp-json\/wp\/v2\/product\/40984\/revisions"}],"predecessor-version":[{"id":59455,"href":"https:\/\/jnksport.com\/en\/wp-json\/wp\/v2\/product\/40984\/revisions\/59455"}],"wp:featuredmedia":[{"embeddable":true,"href":"https:\/\/jnksport.com\/en\/wp-json\/wp\/v2\/media\/59454"}],"wp:attachment":[{"href":"https:\/\/jnksport.com\/en\/wp-json\/wp\/v2\/media?parent=40984"}],"wp:term":[{"taxonomy":"brand","embeddable":true,"href":"https:\/\/jnksport.com\/en\/wp-json\/wp\/v2\/etheme_brands?post=40984"},{"taxonomy":"product_brand","embeddable":true,"href":"https:\/\/jnksport.com\/en\/wp-json\/wp\/v2\/product_brand?post=40984"},{"taxonomy":"product_cat","embeddable":true,"href":"https:\/\/jnksport.com\/en\/wp-json\/wp\/v2\/product_cat?post=40984"},{"taxonomy":"product_tag","embeddable":true,"href":"https:\/\/jnksport.com\/en\/wp-json\/wp\/v2\/product_tag?post=40984"}],"curies":[{"name":"wp","href":"https:\/\/api.w.org\/{rel}","templated":true}]}}