{"id":41054,"date":"2025-02-05T05:56:14","date_gmt":"2025-02-05T05:56:14","guid":{"rendered":"https:\/\/jnksport.com\/?post_type=product&#038;p=41054"},"modified":"2026-04-26T01:12:10","modified_gmt":"2026-04-26T01:12:10","slug":"zapatilla-nike-winflo-10-fj1053-100-para-hombre","status":"publish","type":"product","link":"https:\/\/jnksport.com\/en\/product\/zapatilla-nike-winflo-10-fj1053-100-para-hombre\/","title":{"rendered":"Zapatilla Nike Winflo 10 FJ1053-100 para Hombre"},"content":{"rendered":"<div>\n<div>El Winflo 10, una bicicleta equilibrada que te ayudar\u00e1 a empezar a correr, es fant\u00e1stico tanto si eres una criatura de h\u00e1bitos que registra tu kilometraje semanal, un novato que espera convertir la intriga en rutina o simplemente te unes a un amigo para una carrera espont\u00e1nea de fin de semana. Un zapato con soporte neutro con Nike Air el\u00e1stico, adem\u00e1s de m\u00e1s espacio en el antepi\u00e9, brinda una sensaci\u00f3n c\u00f3moda y con rebote. Est\u00e1 listo para correr, siempre que la carretera te llame por tu nombre. Este dise\u00f1o asim\u00e9trico, vibrante y audaz tiene como objetivo celebrar su magnificencia de mezclar y combinar para los kil\u00f3metros por venir.<\/p>\n<p>Soporte: neutral<\/p>\n<p>Cuanto m\u00e1s soporte tenga el zapato, m\u00e1s estabilidad podr\u00e1 darle a su zancada natural. Una combinaci\u00f3n de soporte adaptado y amortiguaci\u00f3n colocada intencionalmente te ayuda a sentirte seguro en cada paso. El Winflo 10 tiene soporte neutral. Te da equilibrio, ya sea que juegues con el tal\u00f3n o con el antepi\u00e9. Tambi\u00e9n es bueno para carreras largas y cortas.<\/p>\n<p>Amortiguaci\u00f3n: media<\/p>\n<p>Cuanta m\u00e1s amortiguaci\u00f3n tengas bajo los pies, m\u00e1s suave y c\u00f3moda ser\u00e1 tu experiencia de carrera. La amortiguaci\u00f3n ayuda a suavizar el impacto cuando los pies tocan el suelo. La amortiguaci\u00f3n Nike Air de longitud completa te brinda una sensaci\u00f3n suave y c\u00f3moda durante tus kil\u00f3metros.<\/p>\n<p>Capacidad de respuesta: media<\/p>\n<p>Cuanto m\u00e1s sensible sea el zapato, m\u00e1s retorno de energ\u00eda podr\u00e1s recuperar con cada paso. Ya sea que quieras correr un poco m\u00e1s r\u00e1pido o con un poco menos de esfuerzo, los zapatos responsivos te ayudan a darte un poco m\u00e1s de elasticidad en tu paso para aprovechar al m\u00e1ximo tu carrera. La espuma suave en la entresuela funciona con la amortiguaci\u00f3n Nike Air para brindarte una sensaci\u00f3n de rebote y elasticidad.<\/p>\n<p>\u00bfQu\u00e9 hay de nuevo en Winflo 10?<\/p>\n<p>Una puntera renovada proporciona un mejor ajuste para todo tipo de pies en comparaci\u00f3n con el Winflo 9. Adem\u00e1s, aumentamos la comodidad y el ajuste del cuello, con acolchado donde m\u00e1s cuenta.<\/p>\n<p>M\u00e1s beneficios<\/p>\n<p>La malla dise\u00f1ada, m\u00e1s resistente y flexible que la malla normal, mejora la sensaci\u00f3n y la comodidad de la mano al mismo tiempo que mantiene una sensaci\u00f3n de ligereza y transpirabilidad.<br \/>\nLas superposiciones en la puntera a\u00f1aden una capa de durabilidad.<br \/>\nLa leng\u00fceta est\u00e1 conectada al revestimiento interior de la parte superior para brindar una sensaci\u00f3n de seguridad.<\/p><\/div>\n<\/div>\n<ul>\n<li>Marca: Nike<\/li>\n<li>Codigo: FJ1053-100<\/li>\n<li>Modelo: Winflo 10<\/li>\n<li>G\u00e9nero: Hombre<\/li>\n<li>Estilo: Deportivo<\/li>\n<li>Cierre: Cordones<\/li>\n<li>Material: Textil<\/li>\n<li>Color: Blanco<\/li>\n<li>Material de la Suela: Goma<\/li>\n<\/ul>","protected":false},"excerpt":{"rendered":"<p>El Winflo 10, una bicicleta equilibrada que te ayudar\u00e1 a empezar a correr, es fant\u00e1stico tanto si eres una criatura de h\u00e1bitos que registra tu&#8230;<\/p>","protected":false},"featured_media":59450,"comment_status":"open","ping_status":"closed","template":"","meta":{"om_disable_all_campaigns":false,"_monsterinsights_skip_tracking":false,"_monsterinsights_sitenote_active":false,"_monsterinsights_sitenote_note":"","_monsterinsights_sitenote_category":0,"_uf_show_specific_survey":0,"_uf_disable_surveys":false,"_joinchat":[]},"etheme_brands":[],"product_brand":[],"product_cat":[19],"product_tag":[],"class_list":{"0":"post-41054","1":"product","2":"type-product","3":"status-publish","4":"has-post-thumbnail","6":"product_cat-hombre","7":"product_shipping_class-envio-a-lima-y-provincia","9":"first","10":"instock","11":"sale","12":"featured","13":"shipping-taxable","14":"purchasable","15":"product-type-variable"},"aioseo_notices":[],"_links":{"self":[{"href":"https:\/\/jnksport.com\/en\/wp-json\/wp\/v2\/product\/41054","targetHints":{"allow":["GET"]}}],"collection":[{"href":"https:\/\/jnksport.com\/en\/wp-json\/wp\/v2\/product"}],"about":[{"href":"https:\/\/jnksport.com\/en\/wp-json\/wp\/v2\/types\/product"}],"replies":[{"embeddable":true,"href":"https:\/\/jnksport.com\/en\/wp-json\/wp\/v2\/comments?post=41054"}],"version-history":[{"count":1,"href":"https:\/\/jnksport.com\/en\/wp-json\/wp\/v2\/product\/41054\/revisions"}],"predecessor-version":[{"id":59451,"href":"https:\/\/jnksport.com\/en\/wp-json\/wp\/v2\/product\/41054\/revisions\/59451"}],"wp:featuredmedia":[{"embeddable":true,"href":"https:\/\/jnksport.com\/en\/wp-json\/wp\/v2\/media\/59450"}],"wp:attachment":[{"href":"https:\/\/jnksport.com\/en\/wp-json\/wp\/v2\/media?parent=41054"}],"wp:term":[{"taxonomy":"brand","embeddable":true,"href":"https:\/\/jnksport.com\/en\/wp-json\/wp\/v2\/etheme_brands?post=41054"},{"taxonomy":"product_brand","embeddable":true,"href":"https:\/\/jnksport.com\/en\/wp-json\/wp\/v2\/product_brand?post=41054"},{"taxonomy":"product_cat","embeddable":true,"href":"https:\/\/jnksport.com\/en\/wp-json\/wp\/v2\/product_cat?post=41054"},{"taxonomy":"product_tag","embeddable":true,"href":"https:\/\/jnksport.com\/en\/wp-json\/wp\/v2\/product_tag?post=41054"}],"curies":[{"name":"wp","href":"https:\/\/api.w.org\/{rel}","templated":true}]}}