{"id":41089,"date":"2025-02-05T05:56:19","date_gmt":"2025-02-05T05:56:19","guid":{"rendered":"https:\/\/jnksport.com\/?post_type=product&#038;p=41089"},"modified":"2026-04-26T01:24:10","modified_gmt":"2026-04-26T01:24:10","slug":"zapatilla-nike-air-force-1-fv5948-104-para-ninos","status":"publish","type":"product","link":"https:\/\/jnksport.com\/en\/product\/zapatilla-nike-air-force-1-fv5948-104-para-ninos\/","title":{"rendered":"Zapatilla Nike Air Force 1 FV5948-104 para Ni\u00f1os"},"content":{"rendered":"<div>\n<div>El AF1 son unas zapatillas cl\u00e1sicas con el que siempre puedes contar: es tan genial ahora como cuando se lanz\u00f3 por primera vez hace m\u00e1s de 40 a\u00f1os. Su dise\u00f1o duradero, su amortiguaci\u00f3n Air y su patr\u00f3n adherente son perfectos para las aventuras de los m\u00e1s peques en el recreo. Es algo asombroso reci\u00e9n sacado de la caja, pero sigue manteniendo el estilo de siempre hasta cuando est\u00e1 cubierto de rasgu\u00f1os. De hecho, puede que con el uso se vea todav\u00eda mejor.<\/p>\n<p>Beneficios<\/p>\n<p>El cuero real y el sint\u00e9tico agregan estilo tradicional, durabilidad y soporte, al igual que el Air Force 1 lanzado en el 82.<br \/>\nLa amortiguaci\u00f3n Nike Air oculta en el tal\u00f3n, originalmente dise\u00f1ada para el b\u00e1squetbol, ofrece una comodidad duradera.<br \/>\nEl cuello acolchado de corte low luce elegante y se siente extraordinariamente bien.<br \/>\nLa suela de goma aporta tracci\u00f3n y durabilidad. Dato curioso: el patr\u00f3n circular se dise\u00f1\u00f3 originalmente para ayudar a los jugadores de b\u00e1squetbol a pivotar en la cancha.<\/p>\n<p>Datos del producto<\/p>\n<p>Agujetas cl\u00e1sicas<br \/>\nPerforaciones en la punta<\/p>\n<p>Air Force 1<\/p>\n<p>El Air Force 1, que debut\u00f3 en 1982 como un elemento imprescindible del b\u00e1squetbol, se convirti\u00f3 en el n\u00famero uno en los a\u00f1os 90. El look impecable del blanco sobre blanco cl\u00e1sico del AF1 triunf\u00f3 tanto en la cancha como en la calle y en muchos sitios m\u00e1s. Las Air Force 1, que encontr\u00f3 su ritmo en la cultura del hiphop con el lanzamiento de colaboraciones y combinaciones de colores limitadas, se convirtieron en zapatillas ic\u00f3nicas en todo el mundo. Con m\u00e1s de 2,000 versiones, no puede negarse el impacto de este modelo b\u00e1sico en la moda, la m\u00fasica y la cultura de las zapatillas deportivas.<\/p><\/div>\n<\/div>\n<ul>\n<li>Marca: Nike<\/li>\n<li>Codigo: FV5948-104<\/li>\n<li>Modelo: Air Force 1<\/li>\n<li>G\u00e9nero: Ni\u00f1os<\/li>\n<li>Estilo: Urbano<\/li>\n<li>Cierre: Cordones<\/li>\n<li>Material: Cuero<\/li>\n<li>Color: Blanco<\/li>\n<li>Material de la Suela: Goma<\/li>\n<\/ul>","protected":false},"excerpt":{"rendered":"<p>El AF1 son unas zapatillas cl\u00e1sicas con el que siempre puedes contar: es tan genial ahora como cuando se lanz\u00f3 por primera vez hace m\u00e1s&#8230;<\/p>","protected":false},"featured_media":59458,"comment_status":"open","ping_status":"closed","template":"","meta":{"om_disable_all_campaigns":false,"_monsterinsights_skip_tracking":false,"_monsterinsights_sitenote_active":false,"_monsterinsights_sitenote_note":"","_monsterinsights_sitenote_category":0,"_uf_show_specific_survey":0,"_uf_disable_surveys":false,"_joinchat":[]},"etheme_brands":[],"product_brand":[],"product_cat":[159],"product_tag":[],"class_list":{"0":"post-41089","1":"product","2":"type-product","3":"status-publish","4":"has-post-thumbnail","6":"product_cat-ninos","7":"product_shipping_class-envio-a-lima-y-provincia","9":"first","10":"instock","11":"sale","12":"featured","13":"shipping-taxable","14":"purchasable","15":"product-type-variable"},"aioseo_notices":[],"_links":{"self":[{"href":"https:\/\/jnksport.com\/en\/wp-json\/wp\/v2\/product\/41089","targetHints":{"allow":["GET"]}}],"collection":[{"href":"https:\/\/jnksport.com\/en\/wp-json\/wp\/v2\/product"}],"about":[{"href":"https:\/\/jnksport.com\/en\/wp-json\/wp\/v2\/types\/product"}],"replies":[{"embeddable":true,"href":"https:\/\/jnksport.com\/en\/wp-json\/wp\/v2\/comments?post=41089"}],"version-history":[{"count":1,"href":"https:\/\/jnksport.com\/en\/wp-json\/wp\/v2\/product\/41089\/revisions"}],"predecessor-version":[{"id":59459,"href":"https:\/\/jnksport.com\/en\/wp-json\/wp\/v2\/product\/41089\/revisions\/59459"}],"wp:featuredmedia":[{"embeddable":true,"href":"https:\/\/jnksport.com\/en\/wp-json\/wp\/v2\/media\/59458"}],"wp:attachment":[{"href":"https:\/\/jnksport.com\/en\/wp-json\/wp\/v2\/media?parent=41089"}],"wp:term":[{"taxonomy":"brand","embeddable":true,"href":"https:\/\/jnksport.com\/en\/wp-json\/wp\/v2\/etheme_brands?post=41089"},{"taxonomy":"product_brand","embeddable":true,"href":"https:\/\/jnksport.com\/en\/wp-json\/wp\/v2\/product_brand?post=41089"},{"taxonomy":"product_cat","embeddable":true,"href":"https:\/\/jnksport.com\/en\/wp-json\/wp\/v2\/product_cat?post=41089"},{"taxonomy":"product_tag","embeddable":true,"href":"https:\/\/jnksport.com\/en\/wp-json\/wp\/v2\/product_tag?post=41089"}],"curies":[{"name":"wp","href":"https:\/\/api.w.org\/{rel}","templated":true}]}}