{"id":41122,"date":"2025-02-05T05:56:26","date_gmt":"2025-02-05T05:56:26","guid":{"rendered":"https:\/\/jnksport.com\/?post_type=product&#038;p=41122"},"modified":"2026-04-26T01:20:25","modified_gmt":"2026-04-26T01:20:25","slug":"zapatilla-nike-court-vision-fv9952-102-para-mujer","status":"publish","type":"product","link":"https:\/\/jnksport.com\/en\/product\/zapatilla-nike-court-vision-fv9952-102-para-mujer\/","title":{"rendered":"Zapatilla Nike Court Vision FV9952-102 para Mujer"},"content":{"rendered":"<div>\n<div>El Court Vision Low combina el estilo fast break del b\u00e1squetbol de los 80 con la fren\u00e9tica cultura del deporte actual. Cuenta con una parte superior inspirada en el calzado de b\u00e1squetbol de la vieja escuela y la cl\u00e1sica suela cupsole de goma que se destaca entre algunos de los estilos m\u00e1s ic\u00f3nicos del pasado.<\/p>\n<p>Beneficios<\/p>\n<p>La parte superior de cuero sint\u00e9tico se suaviza y adquiere un car\u00e1cter vintage con el uso.<br \/>\nLas perforaciones en la punta y los laterales ofrecen una mayor transpirabilidad.<br \/>\nLa suela de goma cuenta con una costura que rodea toda la suela tipo cupsole, lo cual brinda durabilidad excepcional.<\/p>\n<p>Datos del producto<\/p>\n<p>Entresuela de espuma<br \/>\nSuela de goma<\/p><\/div>\n<\/div>\n<ul>\n<li>Marca: Nike<\/li>\n<li>Codigo: FV9952-102<\/li>\n<li>Modelo: Court Vision<\/li>\n<li>G\u00e9nero: Mujer<\/li>\n<li>Estilo: Urbano<\/li>\n<li>Cierre: Cordones<\/li>\n<li>Material: Cuero<\/li>\n<li>Color: Blanco<\/li>\n<li>Material de la Suela: Goma<\/li>\n<\/ul>","protected":false},"excerpt":{"rendered":"<p>El Court Vision Low combina el estilo fast break del b\u00e1squetbol de los 80 con la fren\u00e9tica cultura del deporte actual. Cuenta con una parte&#8230;<\/p>","protected":false},"featured_media":59456,"comment_status":"open","ping_status":"closed","template":"","meta":{"om_disable_all_campaigns":false,"_monsterinsights_skip_tracking":false,"_monsterinsights_sitenote_active":false,"_monsterinsights_sitenote_note":"","_monsterinsights_sitenote_category":0,"_uf_show_specific_survey":0,"_uf_disable_surveys":false,"_joinchat":[]},"etheme_brands":[],"product_brand":[],"product_cat":[18],"product_tag":[],"class_list":{"0":"post-41122","1":"product","2":"type-product","3":"status-publish","4":"has-post-thumbnail","6":"product_cat-mujer","7":"product_shipping_class-envio-a-lima-y-provincia","9":"first","10":"instock","11":"sale","12":"featured","13":"shipping-taxable","14":"purchasable","15":"product-type-variable"},"aioseo_notices":[],"_links":{"self":[{"href":"https:\/\/jnksport.com\/en\/wp-json\/wp\/v2\/product\/41122","targetHints":{"allow":["GET"]}}],"collection":[{"href":"https:\/\/jnksport.com\/en\/wp-json\/wp\/v2\/product"}],"about":[{"href":"https:\/\/jnksport.com\/en\/wp-json\/wp\/v2\/types\/product"}],"replies":[{"embeddable":true,"href":"https:\/\/jnksport.com\/en\/wp-json\/wp\/v2\/comments?post=41122"}],"version-history":[{"count":1,"href":"https:\/\/jnksport.com\/en\/wp-json\/wp\/v2\/product\/41122\/revisions"}],"predecessor-version":[{"id":59457,"href":"https:\/\/jnksport.com\/en\/wp-json\/wp\/v2\/product\/41122\/revisions\/59457"}],"wp:featuredmedia":[{"embeddable":true,"href":"https:\/\/jnksport.com\/en\/wp-json\/wp\/v2\/media\/59456"}],"wp:attachment":[{"href":"https:\/\/jnksport.com\/en\/wp-json\/wp\/v2\/media?parent=41122"}],"wp:term":[{"taxonomy":"brand","embeddable":true,"href":"https:\/\/jnksport.com\/en\/wp-json\/wp\/v2\/etheme_brands?post=41122"},{"taxonomy":"product_brand","embeddable":true,"href":"https:\/\/jnksport.com\/en\/wp-json\/wp\/v2\/product_brand?post=41122"},{"taxonomy":"product_cat","embeddable":true,"href":"https:\/\/jnksport.com\/en\/wp-json\/wp\/v2\/product_cat?post=41122"},{"taxonomy":"product_tag","embeddable":true,"href":"https:\/\/jnksport.com\/en\/wp-json\/wp\/v2\/product_tag?post=41122"}],"curies":[{"name":"wp","href":"https:\/\/api.w.org\/{rel}","templated":true}]}}