{"id":41157,"date":"2025-02-05T05:56:31","date_gmt":"2025-02-05T05:56:31","guid":{"rendered":"https:\/\/jnksport.com\/?post_type=product&#038;p=41157"},"modified":"2026-04-11T17:02:50","modified_gmt":"2026-04-11T17:02:50","slug":"zapatilla-adidas-tensaur-gw1990-para-ninos","status":"publish","type":"product","link":"https:\/\/jnksport.com\/en\/product\/zapatilla-adidas-tensaur-gw1990-para-ninos\/","title":{"rendered":"Zapatilla Adidas Tensaur GW1990 para Ni\u00f1os"},"content":{"rendered":"<div>\n<div>Zapatillas resistentes para todas tus aventuras, hechas parcialmente con material reciclado<br \/>\nCuando eres peque\u00f1o, todas las superficies necesitan ser exploradas, desde la alfombra esponjosa hasta el rinc\u00f3n m\u00e1s lejano del jard\u00edn. Estas zapatillas adidas resistentes para beb\u00e9 tienen tiras regulables de cierre por contacto para mantenerlos en su lugar. La suela de caucho no deja marcas negras, algo indispensable para cuando tu peque descubra los pisos de madera.<\/p>\n<p>El exterior contiene al menos un 50 % de materiales reciclados. Este producto representa solo una de nuestras soluciones para ayudar a poner fin a los residuos pl\u00e1sticos.<\/p><\/div>\n<\/div>\n<ul>\n<li>Marca: Adidas<\/li>\n<li>Codigo: GW1990<\/li>\n<li>Modelo: Tensaur<\/li>\n<li>G\u00e9nero: Ni\u00f1os<\/li>\n<li>Estilo: Urbano<\/li>\n<li>Cierre: Cordones<\/li>\n<li>Material: Cuero<\/li>\n<li>Color: Blanco<\/li>\n<li>Material de la Suela: Caucho<\/li>\n<\/ul>","protected":false},"excerpt":{"rendered":"<p>Zapatillas resistentes para todas tus aventuras, hechas parcialmente con material reciclado Cuando eres peque\u00f1o, todas las superficies necesitan ser exploradas, desde la alfombra esponjosa hasta&#8230;<\/p>","protected":false},"featured_media":40435,"comment_status":"open","ping_status":"closed","template":"","meta":{"om_disable_all_campaigns":false,"_monsterinsights_skip_tracking":false,"_monsterinsights_sitenote_active":false,"_monsterinsights_sitenote_note":"","_monsterinsights_sitenote_category":0,"_uf_show_specific_survey":0,"_uf_disable_surveys":false,"_joinchat":[]},"etheme_brands":[],"product_brand":[],"product_cat":[159],"product_tag":[],"class_list":{"0":"post-41157","1":"product","2":"type-product","3":"status-publish","4":"has-post-thumbnail","6":"product_cat-ninos","7":"product_shipping_class-envio-a-lima-y-provincia","9":"first","10":"instock","11":"sale","12":"featured","13":"shipping-taxable","14":"purchasable","15":"product-type-variable"},"aioseo_notices":[],"_links":{"self":[{"href":"https:\/\/jnksport.com\/en\/wp-json\/wp\/v2\/product\/41157","targetHints":{"allow":["GET"]}}],"collection":[{"href":"https:\/\/jnksport.com\/en\/wp-json\/wp\/v2\/product"}],"about":[{"href":"https:\/\/jnksport.com\/en\/wp-json\/wp\/v2\/types\/product"}],"replies":[{"embeddable":true,"href":"https:\/\/jnksport.com\/en\/wp-json\/wp\/v2\/comments?post=41157"}],"version-history":[{"count":0,"href":"https:\/\/jnksport.com\/en\/wp-json\/wp\/v2\/product\/41157\/revisions"}],"wp:featuredmedia":[{"embeddable":true,"href":"https:\/\/jnksport.com\/en\/wp-json\/wp\/v2\/media\/40435"}],"wp:attachment":[{"href":"https:\/\/jnksport.com\/en\/wp-json\/wp\/v2\/media?parent=41157"}],"wp:term":[{"taxonomy":"brand","embeddable":true,"href":"https:\/\/jnksport.com\/en\/wp-json\/wp\/v2\/etheme_brands?post=41157"},{"taxonomy":"product_brand","embeddable":true,"href":"https:\/\/jnksport.com\/en\/wp-json\/wp\/v2\/product_brand?post=41157"},{"taxonomy":"product_cat","embeddable":true,"href":"https:\/\/jnksport.com\/en\/wp-json\/wp\/v2\/product_cat?post=41157"},{"taxonomy":"product_tag","embeddable":true,"href":"https:\/\/jnksport.com\/en\/wp-json\/wp\/v2\/product_tag?post=41157"}],"curies":[{"name":"wp","href":"https:\/\/api.w.org\/{rel}","templated":true}]}}