{"id":41363,"date":"2025-02-05T05:57:03","date_gmt":"2025-02-05T05:57:03","guid":{"rendered":"https:\/\/jnksport.com\/?post_type=product&#038;p=41363"},"modified":"2025-12-30T08:01:29","modified_gmt":"2025-12-30T08:01:29","slug":"zapatilla-adidas-hoops-4-0-ji3482-para-ninos","status":"publish","type":"product","link":"https:\/\/jnksport.com\/en\/product\/zapatilla-adidas-hoops-4-0-ji3482-para-ninos\/","title":{"rendered":"Zapatilla Adidas Hoops 4.0 JI3482 para Ni\u00f1os"},"content":{"rendered":"<div>\n<div>Zapatillas inspiradas en el b\u00e1squet con tiras ajustables de cierre por contacto<br \/>\nInspiradas en modelos cl\u00e1sicos de b\u00e1squet, estas zapatillas adidas lucen un dise\u00f1o vers\u00e1til que encaja a la perfecci\u00f3n en tu rutina diaria. La silueta de corte bajo y el exterior de cuero sint\u00e9tico las hacen muy f\u00e1ciles de combinar. Las tiras ajustables de cierre por contacto hacen que sean f\u00e1ciles de poner y quitar. La suela tipo cupsole de caucho se inspira en los modelos cl\u00e1sicos de b\u00e1squet.<\/div>\n<\/div>\n<ul>\n<li>Marca: Adidas<\/li>\n<li>Codigo: JI3482<\/li>\n<li>Modelo: Hoops 4.0<\/li>\n<li>G\u00e9nero: Ni\u00f1os<\/li>\n<li>Estilo: Urbano<\/li>\n<li>Cierre: Pegable<\/li>\n<li>Material: Cuero<\/li>\n<li>Color: Blanco<\/li>\n<li>Material de la Suela: Caucho<\/li>\n<\/ul>","protected":false},"excerpt":{"rendered":"<p>Zapatillas inspiradas en el b\u00e1squet con tiras ajustables de cierre por contacto Inspiradas en modelos cl\u00e1sicos de b\u00e1squet, estas zapatillas adidas lucen un dise\u00f1o vers\u00e1til&#8230;<\/p>","protected":false},"featured_media":40596,"comment_status":"open","ping_status":"closed","template":"","meta":{"om_disable_all_campaigns":false,"_monsterinsights_skip_tracking":false,"_monsterinsights_sitenote_active":false,"_monsterinsights_sitenote_note":"","_monsterinsights_sitenote_category":0,"_uf_show_specific_survey":0,"_uf_disable_surveys":false,"_joinchat":[]},"etheme_brands":[],"product_brand":[],"product_cat":[159],"product_tag":[],"class_list":{"0":"post-41363","1":"product","2":"type-product","3":"status-publish","4":"has-post-thumbnail","6":"product_cat-ninos","7":"product_shipping_class-envio-a-lima-y-provincia","9":"first","10":"instock","11":"sale","12":"featured","13":"shipping-taxable","14":"purchasable","15":"product-type-variable"},"aioseo_notices":[],"_links":{"self":[{"href":"https:\/\/jnksport.com\/en\/wp-json\/wp\/v2\/product\/41363","targetHints":{"allow":["GET"]}}],"collection":[{"href":"https:\/\/jnksport.com\/en\/wp-json\/wp\/v2\/product"}],"about":[{"href":"https:\/\/jnksport.com\/en\/wp-json\/wp\/v2\/types\/product"}],"replies":[{"embeddable":true,"href":"https:\/\/jnksport.com\/en\/wp-json\/wp\/v2\/comments?post=41363"}],"version-history":[{"count":0,"href":"https:\/\/jnksport.com\/en\/wp-json\/wp\/v2\/product\/41363\/revisions"}],"wp:featuredmedia":[{"embeddable":true,"href":"https:\/\/jnksport.com\/en\/wp-json\/wp\/v2\/media\/40596"}],"wp:attachment":[{"href":"https:\/\/jnksport.com\/en\/wp-json\/wp\/v2\/media?parent=41363"}],"wp:term":[{"taxonomy":"brand","embeddable":true,"href":"https:\/\/jnksport.com\/en\/wp-json\/wp\/v2\/etheme_brands?post=41363"},{"taxonomy":"product_brand","embeddable":true,"href":"https:\/\/jnksport.com\/en\/wp-json\/wp\/v2\/product_brand?post=41363"},{"taxonomy":"product_cat","embeddable":true,"href":"https:\/\/jnksport.com\/en\/wp-json\/wp\/v2\/product_cat?post=41363"},{"taxonomy":"product_tag","embeddable":true,"href":"https:\/\/jnksport.com\/en\/wp-json\/wp\/v2\/product_tag?post=41363"}],"curies":[{"name":"wp","href":"https:\/\/api.w.org\/{rel}","templated":true}]}}