{"id":41365,"date":"2025-02-05T05:57:03","date_gmt":"2025-02-05T05:57:03","guid":{"rendered":"https:\/\/jnksport.com\/?post_type=product&#038;p=41365"},"modified":"2026-04-11T17:02:52","modified_gmt":"2026-04-11T17:02:52","slug":"zapatilla-adidas-hoops-4-0-ji3486-para-ninos","status":"publish","type":"product","link":"https:\/\/jnksport.com\/en\/product\/zapatilla-adidas-hoops-4-0-ji3486-para-ninos\/","title":{"rendered":"Zapatilla Adidas Hoops 4.0 JI3486 para Ni\u00f1os"},"content":{"rendered":"<div>\n<div>Hoops 4.0 Cf I es un nuevo producto para Ni\u00f1os de adidas. Te invitamos a ver las im\u00e1genes para apreciar m\u00e1s detalles desde diferentes \u00e1ngulos. Si ya conoces Hoops 4.0 Cf I puedes dejar una rese\u00f1a abajo; siempre nos encanta conocer tu opini\u00f3n.<\/p>\n<p>A\u00fan estamos trabajando para tener m\u00e1s informaci\u00f3n de Hoops 4.0 Cf I, as\u00ed que vuelva pronto. Mientras tanto, toma nota del n\u00famero de art\u00edculo que identifica el producto JI3486 para que lo puedas encontrar de nuevo f\u00e1cilmente. Est\u00e1 categorizado como: Zapatillas<\/p><\/div>\n<\/div>\n<ul>\n<li>Marca: Adidas<\/li>\n<li>Codigo: JI3486<\/li>\n<li>Modelo: Hoops 4.0<\/li>\n<li>G\u00e9nero: Ni\u00f1os<\/li>\n<li>Estilo: Urbano<\/li>\n<li>Cierre: Pegable<\/li>\n<li>Material: Cuero<\/li>\n<li>Color: Blanco<\/li>\n<li>Material de la Suela: Caucho<\/li>\n<\/ul>","protected":false},"excerpt":{"rendered":"<p>Hoops 4.0 Cf I es un nuevo producto para Ni\u00f1os de adidas. Te invitamos a ver las im\u00e1genes para apreciar m\u00e1s detalles desde diferentes \u00e1ngulos&#8230;.<\/p>","protected":false},"featured_media":40608,"comment_status":"open","ping_status":"closed","template":"","meta":{"om_disable_all_campaigns":false,"_monsterinsights_skip_tracking":false,"_monsterinsights_sitenote_active":false,"_monsterinsights_sitenote_note":"","_monsterinsights_sitenote_category":0,"_uf_show_specific_survey":0,"_uf_disable_surveys":false,"_joinchat":[]},"etheme_brands":[],"product_brand":[],"product_cat":[159],"product_tag":[],"class_list":{"0":"post-41365","1":"product","2":"type-product","3":"status-publish","4":"has-post-thumbnail","6":"product_cat-ninos","7":"product_shipping_class-envio-a-lima-y-provincia","9":"first","10":"instock","11":"sale","12":"featured","13":"shipping-taxable","14":"purchasable","15":"product-type-variable"},"aioseo_notices":[],"_links":{"self":[{"href":"https:\/\/jnksport.com\/en\/wp-json\/wp\/v2\/product\/41365","targetHints":{"allow":["GET"]}}],"collection":[{"href":"https:\/\/jnksport.com\/en\/wp-json\/wp\/v2\/product"}],"about":[{"href":"https:\/\/jnksport.com\/en\/wp-json\/wp\/v2\/types\/product"}],"replies":[{"embeddable":true,"href":"https:\/\/jnksport.com\/en\/wp-json\/wp\/v2\/comments?post=41365"}],"version-history":[{"count":0,"href":"https:\/\/jnksport.com\/en\/wp-json\/wp\/v2\/product\/41365\/revisions"}],"wp:featuredmedia":[{"embeddable":true,"href":"https:\/\/jnksport.com\/en\/wp-json\/wp\/v2\/media\/40608"}],"wp:attachment":[{"href":"https:\/\/jnksport.com\/en\/wp-json\/wp\/v2\/media?parent=41365"}],"wp:term":[{"taxonomy":"brand","embeddable":true,"href":"https:\/\/jnksport.com\/en\/wp-json\/wp\/v2\/etheme_brands?post=41365"},{"taxonomy":"product_brand","embeddable":true,"href":"https:\/\/jnksport.com\/en\/wp-json\/wp\/v2\/product_brand?post=41365"},{"taxonomy":"product_cat","embeddable":true,"href":"https:\/\/jnksport.com\/en\/wp-json\/wp\/v2\/product_cat?post=41365"},{"taxonomy":"product_tag","embeddable":true,"href":"https:\/\/jnksport.com\/en\/wp-json\/wp\/v2\/product_tag?post=41365"}],"curies":[{"name":"wp","href":"https:\/\/api.w.org\/{rel}","templated":true}]}}