{"id":41366,"date":"2025-02-05T05:57:03","date_gmt":"2025-02-05T05:57:03","guid":{"rendered":"https:\/\/jnksport.com\/?post_type=product&#038;p=41366"},"modified":"2026-03-02T09:53:28","modified_gmt":"2026-03-02T09:53:28","slug":"zapatilla-new-balance-530-mr530sgc-para-hombre","status":"publish","type":"product","link":"https:\/\/jnksport.com\/en\/product\/zapatilla-new-balance-530-mr530sgc-para-hombre\/","title":{"rendered":"Zapatilla New Balance 530 MR530SGC para Hombre"},"content":{"rendered":"<div>\n<div>La zapatilla New Balance 530 es un retorno a uno de nuestros looks de running cl\u00e1sicos. Esta zapatilla informal combina el estilo cotidiano con la tecnolog\u00eda moderna de amortiguaci\u00f3n ABZORB que aporta una comodidad superior bajo los pies. Dale un giro t\u00e9cnico de los a\u00f1os 2000 a tu estilo de running con la zapatilla 530.<\/p>\n<p>Detalles:<br \/>\nLa entresuela ABZORB absorbe los impactos mediante una combinaci\u00f3n de amortiguaci\u00f3n y resistencia a la compresi\u00f3n<br \/>\nEmpeine de malla y sint\u00e9tico<br \/>\nEl modelo cl\u00e1sico retoma la imagen de una zapatilla legendaria de running de los 2000<br \/>\nMarca: New Balance<br \/>\nCategor\u00eda: Calzado<br \/>\nG\u00e9nero: Hombre<br \/>\nColor: Blanco<br \/>\nEstilo: Urbano<br \/>\nMaterial de suela: Caucho<br \/>\nSuperficie : Asfalto<br \/>\nTipo de Ca\u00f1a: Ca\u00f1a Baja<\/p><\/div>\n<\/div>\n<ul>\n<li>Marca: New Balance<\/li>\n<li>Codigo: MR530SGC<\/li>\n<li>Modelo: 530<\/li>\n<li>G\u00e9nero: Hombre<\/li>\n<li>Estilo: Urbano<\/li>\n<li>Cierre: Cordones<\/li>\n<li>Material: Textil<\/li>\n<li>Color: Blanco<\/li>\n<li>Material de la Suela: Caucho<\/li>\n<\/ul>","protected":false},"excerpt":{"rendered":"<p>La zapatilla New Balance 530 es un retorno a uno de nuestros looks de running cl\u00e1sicos. Esta zapatilla informal combina el estilo cotidiano con la&#8230;<\/p>","protected":false},"featured_media":40614,"comment_status":"open","ping_status":"closed","template":"","meta":{"om_disable_all_campaigns":false,"_monsterinsights_skip_tracking":false,"_monsterinsights_sitenote_active":false,"_monsterinsights_sitenote_note":"","_monsterinsights_sitenote_category":0,"_uf_show_specific_survey":0,"_uf_disable_surveys":false,"_joinchat":[]},"etheme_brands":[],"product_brand":[],"product_cat":[19],"product_tag":[],"class_list":{"0":"post-41366","1":"product","2":"type-product","3":"status-publish","4":"has-post-thumbnail","6":"product_cat-hombre","7":"product_shipping_class-envio-a-lima-y-provincia","9":"first","10":"instock","11":"sale","12":"featured","13":"shipping-taxable","14":"purchasable","15":"product-type-variable"},"aioseo_notices":[],"_links":{"self":[{"href":"https:\/\/jnksport.com\/en\/wp-json\/wp\/v2\/product\/41366","targetHints":{"allow":["GET"]}}],"collection":[{"href":"https:\/\/jnksport.com\/en\/wp-json\/wp\/v2\/product"}],"about":[{"href":"https:\/\/jnksport.com\/en\/wp-json\/wp\/v2\/types\/product"}],"replies":[{"embeddable":true,"href":"https:\/\/jnksport.com\/en\/wp-json\/wp\/v2\/comments?post=41366"}],"version-history":[{"count":0,"href":"https:\/\/jnksport.com\/en\/wp-json\/wp\/v2\/product\/41366\/revisions"}],"wp:featuredmedia":[{"embeddable":true,"href":"https:\/\/jnksport.com\/en\/wp-json\/wp\/v2\/media\/40614"}],"wp:attachment":[{"href":"https:\/\/jnksport.com\/en\/wp-json\/wp\/v2\/media?parent=41366"}],"wp:term":[{"taxonomy":"brand","embeddable":true,"href":"https:\/\/jnksport.com\/en\/wp-json\/wp\/v2\/etheme_brands?post=41366"},{"taxonomy":"product_brand","embeddable":true,"href":"https:\/\/jnksport.com\/en\/wp-json\/wp\/v2\/product_brand?post=41366"},{"taxonomy":"product_cat","embeddable":true,"href":"https:\/\/jnksport.com\/en\/wp-json\/wp\/v2\/product_cat?post=41366"},{"taxonomy":"product_tag","embeddable":true,"href":"https:\/\/jnksport.com\/en\/wp-json\/wp\/v2\/product_tag?post=41366"}],"curies":[{"name":"wp","href":"https:\/\/api.w.org\/{rel}","templated":true}]}}