{"id":41536,"date":"2025-02-10T08:32:29","date_gmt":"2025-02-10T08:32:29","guid":{"rendered":"https:\/\/jnksport.com\/?post_type=product&#038;p=41536"},"modified":"2026-04-01T17:56:01","modified_gmt":"2026-04-01T17:56:01","slug":"zapatilla-converse-chuck-taylor-all-star-a08258-mujer","status":"publish","type":"product","link":"https:\/\/jnksport.com\/en\/product\/zapatilla-converse-chuck-taylor-all-star-a08258-mujer\/","title":{"rendered":"Zapatilla Converse Chuck Taylor All Star A08258 Mujer"},"content":{"rendered":"<div>\n<div>Descubre tus nuevas Chuck favoritas. El dise\u00f1o ic\u00f3nico que te conquist\u00f3 se renueva con mucho estilo e incorpora un tal\u00f3n dentado y grueso que realza tus looks favoritos. Puedes elegir un conjunto m\u00e1s formal o informal, pero una cosa est\u00e1 clara: lucir\u00e1 m\u00e1s con estas zapatillas de corte alto.<\/p>\n<p>Detalles:<br \/>\nParte superior de lona duradera para crear el look cl\u00e1sico de las Chuck<br \/>\nAmortiguaci\u00f3n OrthoLite para ofrecer una comodidad \u00f3ptima<br \/>\nColores neutros que combinan f\u00e1cilmente con tus looks favoritos<br \/>\nPlataforma elevada y con tal\u00f3n dentado para m\u00e1s altura<br \/>\nParche Chuck Taylor ic\u00f3nico en el tobillo y logotipo posterior All Star<br \/>\nCategor\u00eda: Calzado<br \/>\nG\u00e9nero: Mujer<br \/>\nColor: Negro<br \/>\nEstilo: Urbano<br \/>\nMaterial de suela: Caucho<br \/>\nSuperficie : Asfalto<br \/>\nTipo de Ca\u00f1a: Plataforma<\/p><\/div>\n<\/div>\n<ul>\n<li>Marca: Converse<\/li>\n<li>Codigo: A08258<\/li>\n<li>Modelo: Chuck Taylor All Star<\/li>\n<li>G\u00e9nero: Mujer<\/li>\n<li>Estilo: Urbano<\/li>\n<li>Cierre: Cordones<\/li>\n<li>Material: Textil<\/li>\n<li>Color: Negro<\/li>\n<li>Material de la Suela: Caucho<\/li>\n<\/ul>","protected":false},"excerpt":{"rendered":"<p>Descubre tus nuevas Chuck favoritas. El dise\u00f1o ic\u00f3nico que te conquist\u00f3 se renueva con mucho estilo e incorpora un tal\u00f3n dentado y grueso que realza&#8230;<\/p>","protected":false},"featured_media":41444,"comment_status":"open","ping_status":"closed","template":"","meta":{"om_disable_all_campaigns":false,"_monsterinsights_skip_tracking":false,"_monsterinsights_sitenote_active":false,"_monsterinsights_sitenote_note":"","_monsterinsights_sitenote_category":0,"_uf_show_specific_survey":0,"_uf_disable_surveys":false,"_joinchat":[]},"etheme_brands":[],"product_brand":[],"product_cat":[18],"product_tag":[],"class_list":{"0":"post-41536","1":"product","2":"type-product","3":"status-publish","4":"has-post-thumbnail","6":"product_cat-mujer","7":"product_shipping_class-envio-a-lima-y-provincia","9":"first","10":"instock","11":"featured","12":"shipping-taxable","13":"purchasable","14":"product-type-variable"},"aioseo_notices":[],"_links":{"self":[{"href":"https:\/\/jnksport.com\/en\/wp-json\/wp\/v2\/product\/41536","targetHints":{"allow":["GET"]}}],"collection":[{"href":"https:\/\/jnksport.com\/en\/wp-json\/wp\/v2\/product"}],"about":[{"href":"https:\/\/jnksport.com\/en\/wp-json\/wp\/v2\/types\/product"}],"replies":[{"embeddable":true,"href":"https:\/\/jnksport.com\/en\/wp-json\/wp\/v2\/comments?post=41536"}],"version-history":[{"count":0,"href":"https:\/\/jnksport.com\/en\/wp-json\/wp\/v2\/product\/41536\/revisions"}],"wp:featuredmedia":[{"embeddable":true,"href":"https:\/\/jnksport.com\/en\/wp-json\/wp\/v2\/media\/41444"}],"wp:attachment":[{"href":"https:\/\/jnksport.com\/en\/wp-json\/wp\/v2\/media?parent=41536"}],"wp:term":[{"taxonomy":"brand","embeddable":true,"href":"https:\/\/jnksport.com\/en\/wp-json\/wp\/v2\/etheme_brands?post=41536"},{"taxonomy":"product_brand","embeddable":true,"href":"https:\/\/jnksport.com\/en\/wp-json\/wp\/v2\/product_brand?post=41536"},{"taxonomy":"product_cat","embeddable":true,"href":"https:\/\/jnksport.com\/en\/wp-json\/wp\/v2\/product_cat?post=41536"},{"taxonomy":"product_tag","embeddable":true,"href":"https:\/\/jnksport.com\/en\/wp-json\/wp\/v2\/product_tag?post=41536"}],"curies":[{"name":"wp","href":"https:\/\/api.w.org\/{rel}","templated":true}]}}