{"id":41572,"date":"2025-02-10T08:32:35","date_gmt":"2025-02-10T08:32:35","guid":{"rendered":"https:\/\/jnksport.com\/?post_type=product&#038;p=41572"},"modified":"2026-02-20T06:44:21","modified_gmt":"2026-02-20T06:44:21","slug":"zapatilla-converse-pro-blaze-easy-on-a08472-ninos","status":"publish","type":"product","link":"https:\/\/jnksport.com\/en\/product\/zapatilla-converse-pro-blaze-easy-on-a08472-ninos\/","title":{"rendered":"Zapatilla Converse Pro Blaze Easy On a08472 Ni\u00f1os"},"content":{"rendered":"<div>\n<div>Nost\u00e1lgico para ti, genial para ellos: el ic\u00f3nico Pro Blaze. En tama\u00f1o peque\u00f1o, incre\u00edblemente c\u00f3modo y f\u00e1cil de poner (porque el tiempo de juego no espera a nadie)\u2014este cl\u00e1sico inspirado en el baloncesto est\u00e1 listo para lo que sea que los ni\u00f1os se propongan.<\/p>\n<p>Detalles:<br \/>\nParte superior de cuero para una f\u00e1cil limpieza y durabilidad.<br \/>\nSuela de espuma suave que ayuda a mantener el confort durante el juego.<br \/>\nCorrea ajustable en el tobillo y cordones el\u00e1sticos para poner y quitar f\u00e1cilmente.<br \/>\nLeng\u00fceta y cuello acolchados para mayor comodidad y estilo deportivo.<br \/>\nMarca ic\u00f3nica Star Chevron.<br \/>\nCategor\u00eda: Calzado<br \/>\nG\u00e9nero: Ni\u00f1o<br \/>\nColor: Gris<br \/>\nEstilo: Urbano<br \/>\nMaterial de suela: Caucho<br \/>\nSuperficie : Asfalto<br \/>\nTipo de Ca\u00f1a: Ca\u00f1a Alta<\/p><\/div>\n<\/div>\n<ul>\n<li>Marca: Converse<\/li>\n<li>Codigo: a08472<\/li>\n<li>Modelo: Pro Blaze Easy On<\/li>\n<li>G\u00e9nero: Ni\u00f1os<\/li>\n<li>Estilo: Urbano<\/li>\n<li>Cierre: Cordones<\/li>\n<li>Material: Cuero<\/li>\n<li>Color: Gris<\/li>\n<li>Material de la Suela: Caucho<\/li>\n<\/ul>","protected":false},"excerpt":{"rendered":"<p>Nost\u00e1lgico para ti, genial para ellos: el ic\u00f3nico Pro Blaze. En tama\u00f1o peque\u00f1o, incre\u00edblemente c\u00f3modo y f\u00e1cil de poner (porque el tiempo de juego no&#8230;<\/p>","protected":false},"featured_media":41479,"comment_status":"open","ping_status":"closed","template":"","meta":{"om_disable_all_campaigns":false,"_monsterinsights_skip_tracking":false,"_monsterinsights_sitenote_active":false,"_monsterinsights_sitenote_note":"","_monsterinsights_sitenote_category":0,"_uf_show_specific_survey":0,"_uf_disable_surveys":false,"_joinchat":[]},"etheme_brands":[],"product_brand":[],"product_cat":[19],"product_tag":[],"class_list":{"0":"post-41572","1":"product","2":"type-product","3":"status-publish","4":"has-post-thumbnail","6":"product_cat-hombre","7":"product_shipping_class-envio-a-lima-y-provincia","9":"first","10":"instock","11":"featured","12":"shipping-taxable","13":"purchasable","14":"product-type-variable"},"aioseo_notices":[],"_links":{"self":[{"href":"https:\/\/jnksport.com\/en\/wp-json\/wp\/v2\/product\/41572","targetHints":{"allow":["GET"]}}],"collection":[{"href":"https:\/\/jnksport.com\/en\/wp-json\/wp\/v2\/product"}],"about":[{"href":"https:\/\/jnksport.com\/en\/wp-json\/wp\/v2\/types\/product"}],"replies":[{"embeddable":true,"href":"https:\/\/jnksport.com\/en\/wp-json\/wp\/v2\/comments?post=41572"}],"version-history":[{"count":0,"href":"https:\/\/jnksport.com\/en\/wp-json\/wp\/v2\/product\/41572\/revisions"}],"wp:featuredmedia":[{"embeddable":true,"href":"https:\/\/jnksport.com\/en\/wp-json\/wp\/v2\/media\/41479"}],"wp:attachment":[{"href":"https:\/\/jnksport.com\/en\/wp-json\/wp\/v2\/media?parent=41572"}],"wp:term":[{"taxonomy":"brand","embeddable":true,"href":"https:\/\/jnksport.com\/en\/wp-json\/wp\/v2\/etheme_brands?post=41572"},{"taxonomy":"product_brand","embeddable":true,"href":"https:\/\/jnksport.com\/en\/wp-json\/wp\/v2\/product_brand?post=41572"},{"taxonomy":"product_cat","embeddable":true,"href":"https:\/\/jnksport.com\/en\/wp-json\/wp\/v2\/product_cat?post=41572"},{"taxonomy":"product_tag","embeddable":true,"href":"https:\/\/jnksport.com\/en\/wp-json\/wp\/v2\/product_tag?post=41572"}],"curies":[{"name":"wp","href":"https:\/\/api.w.org\/{rel}","templated":true}]}}