{"id":41605,"date":"2025-02-10T08:32:41","date_gmt":"2025-02-10T08:32:41","guid":{"rendered":"https:\/\/jnksport.com\/?post_type=product&#038;p=41605"},"modified":"2025-11-14T22:51:06","modified_gmt":"2025-11-14T22:51:06","slug":"zapatilla-converse-chuck-taylor-all-star-1v-a10385-ninos","status":"publish","type":"product","link":"https:\/\/jnksport.com\/en\/product\/zapatilla-converse-chuck-taylor-all-star-1v-a10385-ninos\/","title":{"rendered":"Zapatilla Converse Chuck Taylor All Star 1V a10385 Ni\u00f1os"},"content":{"rendered":"<div>\n<div>Redise\u00f1ado para estimular la imaginaci\u00f3n de los ni\u00f1os, el Chuck 70 premium ayuda a fomentar el deseo de pensar fuera de la caja. Gracias a su alto nivel de comodidad, los ni\u00f1os pueden seguir su pasi\u00f3n por el descubrimiento desde la ma\u00f1ana hasta la noche y, con la funci\u00f3n de cierre de velcro, ahora pueden ponerse y quitarse estos zapatos f\u00e1cilmente.<\/p>\n<p>\u00bfPor qu\u00e9 deber\u00edas elegir?<\/p>\n<p>Superficie cl\u00e1sica de zapatilla de lona<br \/>\nEl legendario logotipo de Chuck Taylor<br \/>\nSuela OrthoLite para m\u00e1xima comodidad<br \/>\nDise\u00f1o f\u00e1cil de llevar.<\/p><\/div>\n<\/div>\n<ul>\n<li>Marca: Converse<\/li>\n<li>Codigo: a10385<\/li>\n<li>Modelo: Chuck Taylor All Star 1V<\/li>\n<li>G\u00e9nero: Ni\u00f1os<\/li>\n<li>Estilo: Urbano<\/li>\n<li>Cierre: Cordones<\/li>\n<li>Material: Textil<\/li>\n<li>Color: Negro<\/li>\n<li>Material de la Suela: Caucho<\/li>\n<\/ul>","protected":false},"excerpt":{"rendered":"<p>Redise\u00f1ado para estimular la imaginaci\u00f3n de los ni\u00f1os, el Chuck 70 premium ayuda a fomentar el deseo de pensar fuera de la caja. Gracias a&#8230;<\/p>","protected":false},"featured_media":41497,"comment_status":"open","ping_status":"closed","template":"","meta":{"om_disable_all_campaigns":false,"_monsterinsights_skip_tracking":false,"_monsterinsights_sitenote_active":false,"_monsterinsights_sitenote_note":"","_monsterinsights_sitenote_category":0,"_uf_show_specific_survey":0,"_uf_disable_surveys":false,"_joinchat":[]},"etheme_brands":[],"product_brand":[],"product_cat":[19],"product_tag":[],"class_list":{"0":"post-41605","1":"product","2":"type-product","3":"status-publish","4":"has-post-thumbnail","6":"product_cat-hombre","7":"product_shipping_class-envio-a-lima-y-provincia","9":"first","10":"instock","11":"featured","12":"shipping-taxable","13":"purchasable","14":"product-type-variable"},"aioseo_notices":[],"_links":{"self":[{"href":"https:\/\/jnksport.com\/en\/wp-json\/wp\/v2\/product\/41605","targetHints":{"allow":["GET"]}}],"collection":[{"href":"https:\/\/jnksport.com\/en\/wp-json\/wp\/v2\/product"}],"about":[{"href":"https:\/\/jnksport.com\/en\/wp-json\/wp\/v2\/types\/product"}],"replies":[{"embeddable":true,"href":"https:\/\/jnksport.com\/en\/wp-json\/wp\/v2\/comments?post=41605"}],"version-history":[{"count":0,"href":"https:\/\/jnksport.com\/en\/wp-json\/wp\/v2\/product\/41605\/revisions"}],"wp:featuredmedia":[{"embeddable":true,"href":"https:\/\/jnksport.com\/en\/wp-json\/wp\/v2\/media\/41497"}],"wp:attachment":[{"href":"https:\/\/jnksport.com\/en\/wp-json\/wp\/v2\/media?parent=41605"}],"wp:term":[{"taxonomy":"brand","embeddable":true,"href":"https:\/\/jnksport.com\/en\/wp-json\/wp\/v2\/etheme_brands?post=41605"},{"taxonomy":"product_brand","embeddable":true,"href":"https:\/\/jnksport.com\/en\/wp-json\/wp\/v2\/product_brand?post=41605"},{"taxonomy":"product_cat","embeddable":true,"href":"https:\/\/jnksport.com\/en\/wp-json\/wp\/v2\/product_cat?post=41605"},{"taxonomy":"product_tag","embeddable":true,"href":"https:\/\/jnksport.com\/en\/wp-json\/wp\/v2\/product_tag?post=41605"}],"curies":[{"name":"wp","href":"https:\/\/api.w.org\/{rel}","templated":true}]}}