{"id":41840,"date":"2025-02-16T01:33:17","date_gmt":"2025-02-16T01:33:17","guid":{"rendered":"https:\/\/jnksport.com\/?post_type=product&#038;p=41840"},"modified":"2026-03-06T08:18:54","modified_gmt":"2026-03-06T08:18:54","slug":"sandalias-skechers-arch-fit-horizon-111630-yel-mujer","status":"publish","type":"product","link":"https:\/\/jnksport.com\/en\/product\/sandalias-skechers-arch-fit-horizon-111630-yel-mujer\/","title":{"rendered":"Sandalias Skechers Arch Fit Horizon 111630-YEL Mujer"},"content":{"rendered":"<div>\n<div>Plantilla contorneada patentada Skechers Arch Fit\u00ae con soporte de arco certificado por pod\u00f3logos<br \/>\nForma dise\u00f1ada por pod\u00f3logos desarrollada con 20 a\u00f1os de datos y 120.000 exploraciones de pies sin peso<br \/>\nLa plantilla contorneada ayuda a amoldarse a su pie para reducir el impacto y aumentar la dispersi\u00f3n del peso.<br \/>\nParte superior ligera de EVA Foamies\u00ae esculpidos<br \/>\nElaborado con materiales 100% veganos.<br \/>\nDetalles de dise\u00f1o<br \/>\nSuela de tracci\u00f3n flexible<br \/>\n1 1\/4 pulgadas de altura<br \/>\nLavable a m\u00e1quina, secar a la sombra.<br \/>\nDetalles del logotipo de Skechers\u00ae y Arch Fit\u00ae<\/div>\n<\/div>\n<ul>\n<li>Marca: Skechers<\/li>\n<li>Codigo: 111630-YEL<\/li>\n<li>Modelo: Arch Fit Horizon<\/li>\n<li>G\u00e9nero: Mujer<\/li>\n<li>Estilo: Urbano<\/li>\n<li>Cierre: Sin Cordones<\/li>\n<li>Material: Sint\u00e9tico<\/li>\n<li>Color: Amarillo<\/li>\n<li>Material de la Suela: Goma<\/li>\n<\/ul>","protected":false},"excerpt":{"rendered":"<p>Plantilla contorneada patentada Skechers Arch Fit\u00ae con soporte de arco certificado por pod\u00f3logos Forma dise\u00f1ada por pod\u00f3logos desarrollada con 20 a\u00f1os de datos y 120.000&#8230;<\/p>","protected":false},"featured_media":41718,"comment_status":"open","ping_status":"closed","template":"","meta":{"om_disable_all_campaigns":false,"_monsterinsights_skip_tracking":false,"_monsterinsights_sitenote_active":false,"_monsterinsights_sitenote_note":"","_monsterinsights_sitenote_category":0,"_uf_show_specific_survey":0,"_uf_disable_surveys":false,"_joinchat":[]},"etheme_brands":[],"product_brand":[],"product_cat":[19],"product_tag":[],"class_list":{"0":"post-41840","1":"product","2":"type-product","3":"status-publish","4":"has-post-thumbnail","6":"product_cat-hombre","7":"product_shipping_class-envio-a-lima-y-provincia","9":"first","10":"instock","11":"sale","12":"featured","13":"shipping-taxable","14":"purchasable","15":"product-type-variable"},"aioseo_notices":[],"_links":{"self":[{"href":"https:\/\/jnksport.com\/en\/wp-json\/wp\/v2\/product\/41840","targetHints":{"allow":["GET"]}}],"collection":[{"href":"https:\/\/jnksport.com\/en\/wp-json\/wp\/v2\/product"}],"about":[{"href":"https:\/\/jnksport.com\/en\/wp-json\/wp\/v2\/types\/product"}],"replies":[{"embeddable":true,"href":"https:\/\/jnksport.com\/en\/wp-json\/wp\/v2\/comments?post=41840"}],"version-history":[{"count":0,"href":"https:\/\/jnksport.com\/en\/wp-json\/wp\/v2\/product\/41840\/revisions"}],"wp:featuredmedia":[{"embeddable":true,"href":"https:\/\/jnksport.com\/en\/wp-json\/wp\/v2\/media\/41718"}],"wp:attachment":[{"href":"https:\/\/jnksport.com\/en\/wp-json\/wp\/v2\/media?parent=41840"}],"wp:term":[{"taxonomy":"brand","embeddable":true,"href":"https:\/\/jnksport.com\/en\/wp-json\/wp\/v2\/etheme_brands?post=41840"},{"taxonomy":"product_brand","embeddable":true,"href":"https:\/\/jnksport.com\/en\/wp-json\/wp\/v2\/product_brand?post=41840"},{"taxonomy":"product_cat","embeddable":true,"href":"https:\/\/jnksport.com\/en\/wp-json\/wp\/v2\/product_cat?post=41840"},{"taxonomy":"product_tag","embeddable":true,"href":"https:\/\/jnksport.com\/en\/wp-json\/wp\/v2\/product_tag?post=41840"}],"curies":[{"name":"wp","href":"https:\/\/api.w.org\/{rel}","templated":true}]}}