{"id":41912,"date":"2025-02-16T01:33:28","date_gmt":"2025-02-16T01:33:28","guid":{"rendered":"https:\/\/jnksport.com\/?post_type=product&#038;p=41912"},"modified":"2026-03-29T20:21:11","modified_gmt":"2026-03-29T20:21:11","slug":"sandalias-skechers-mega-splash-2-0-402214l-bkcc-nino","status":"publish","type":"product","link":"https:\/\/jnksport.com\/en\/product\/sandalias-skechers-mega-splash-2-0-402214l-bkcc-nino\/","title":{"rendered":"Sandalias Skechers Mega-Splash 2.0 402214L-BKCC Ni\u00f1o"},"content":{"rendered":"<div>\n<div>Divi\u00e9rtete con estilo bloque a bloque usando Skechers Mega-Splash 2.0 &#8211; Cuboshore. Esta sandalia tem\u00e1tica de Mega Craft\u00ae presenta una parte superior sint\u00e9tica con correas de velcro y una plantilla acolchada para mayor comodidad.<\/p>\n<p>Alcanza mayor eficiencia en tus negocios con un look c\u00f3modo y casual usando Skechers Hands Free Slip-ins\u00ae: Garza &#8211; Gervin. Este estilo Oxford con TOUCHLESS FIT\u00ae presenta una parte superior de cuero liso con cordones el\u00e1sticos, un panel de tal\u00f3n moldeado Skechers Slip-ins\u00ae, una plantilla Skechers Air-Cooled Memory Foam\u00ae infundida con carb\u00f3n y una amortiguaci\u00f3n Skechers Goga Mat Arch\u00ae para mayor soporte.<\/p>\n<p>Descripcion<br \/>\nParte superior sint\u00e9tica con correas de velcro<br \/>\nEntresuela que absorbe impactos y suela flexible con tracci\u00f3n<br \/>\nLavable a m\u00e1quina<br \/>\nDetalle del logo Skechers Mega-Craft\u00ae<br \/>\nParte superior de cuero liso con cordones el\u00e1sticos y punta lisa<\/p>\n<p>Plantilla acolchada para mayor comodidad<br \/>\nDise\u00f1o tem\u00e1tico de p\u00edxeles Skechers Mega-Craft\u00ae<\/p>\n<p>Skechers Hands Free Slip-ins\u00ae para un ajuste f\u00e1cil<\/p><\/div>\n<\/div>\n<ul>\n<li>Marca: Skechers<\/li>\n<li>Codigo: 402214L-BKCC<\/li>\n<li>Modelo: Mega-Splash 2.0<\/li>\n<li>G\u00e9nero: Ni\u00f1o<\/li>\n<li>Estilo: Urbano<\/li>\n<li>Cierre: Sin Cordones<\/li>\n<li>Material: Sint\u00e9tico<\/li>\n<li>Color: Negro<\/li>\n<li>Material de la Suela: Goma<\/li>\n<\/ul>","protected":false},"excerpt":{"rendered":"<p>Divi\u00e9rtete con estilo bloque a bloque usando Skechers Mega-Splash 2.0 &#8211; Cuboshore. Esta sandalia tem\u00e1tica de Mega Craft\u00ae presenta una parte superior sint\u00e9tica con correas&#8230;<\/p>","protected":false},"featured_media":41771,"comment_status":"open","ping_status":"closed","template":"","meta":{"om_disable_all_campaigns":false,"_monsterinsights_skip_tracking":false,"_monsterinsights_sitenote_active":false,"_monsterinsights_sitenote_note":"","_monsterinsights_sitenote_category":0,"_uf_show_specific_survey":0,"_uf_disable_surveys":false,"_joinchat":[]},"etheme_brands":[],"product_brand":[],"product_cat":[19],"product_tag":[],"class_list":{"0":"post-41912","1":"product","2":"type-product","3":"status-publish","4":"has-post-thumbnail","6":"product_cat-hombre","7":"product_shipping_class-envio-a-lima-y-provincia","9":"first","10":"instock","11":"sale","12":"featured","13":"shipping-taxable","14":"purchasable","15":"product-type-variable"},"aioseo_notices":[],"_links":{"self":[{"href":"https:\/\/jnksport.com\/en\/wp-json\/wp\/v2\/product\/41912","targetHints":{"allow":["GET"]}}],"collection":[{"href":"https:\/\/jnksport.com\/en\/wp-json\/wp\/v2\/product"}],"about":[{"href":"https:\/\/jnksport.com\/en\/wp-json\/wp\/v2\/types\/product"}],"replies":[{"embeddable":true,"href":"https:\/\/jnksport.com\/en\/wp-json\/wp\/v2\/comments?post=41912"}],"version-history":[{"count":0,"href":"https:\/\/jnksport.com\/en\/wp-json\/wp\/v2\/product\/41912\/revisions"}],"wp:featuredmedia":[{"embeddable":true,"href":"https:\/\/jnksport.com\/en\/wp-json\/wp\/v2\/media\/41771"}],"wp:attachment":[{"href":"https:\/\/jnksport.com\/en\/wp-json\/wp\/v2\/media?parent=41912"}],"wp:term":[{"taxonomy":"brand","embeddable":true,"href":"https:\/\/jnksport.com\/en\/wp-json\/wp\/v2\/etheme_brands?post=41912"},{"taxonomy":"product_brand","embeddable":true,"href":"https:\/\/jnksport.com\/en\/wp-json\/wp\/v2\/product_brand?post=41912"},{"taxonomy":"product_cat","embeddable":true,"href":"https:\/\/jnksport.com\/en\/wp-json\/wp\/v2\/product_cat?post=41912"},{"taxonomy":"product_tag","embeddable":true,"href":"https:\/\/jnksport.com\/en\/wp-json\/wp\/v2\/product_tag?post=41912"}],"curies":[{"name":"wp","href":"https:\/\/api.w.org\/{rel}","templated":true}]}}