{"id":41943,"date":"2025-02-16T01:33:34","date_gmt":"2025-02-16T01:33:34","guid":{"rendered":"https:\/\/jnksport.com\/?post_type=product&#038;p=41943"},"modified":"2026-04-25T19:59:31","modified_gmt":"2026-04-25T19:59:31","slug":"sandalias-skechers-power-splash-402264l-rdbl-nino","status":"publish","type":"product","link":"https:\/\/jnksport.com\/en\/product\/sandalias-skechers-power-splash-402264l-rdbl-nino\/","title":{"rendered":"Sandalias Skechers Power Splash 402264L-RDBL Ni\u00f1o"},"content":{"rendered":"<div>\n<div>Lleva tus poderes de videojuego al aire libre con Skechers Game Kicks: Power Splash. Esta sandalia deportiva liviana presenta una parte superior sint\u00e9tica con dos correas y cierres de velcro y una entresuela con tem\u00e1tica de videojuego divertida.<\/p>\n<p>Detalles<br \/>\nDise\u00f1o del tema del juego Kicks<br \/>\nPlantilla c\u00f3moda y acolchada<br \/>\nConstrucci\u00f3n<br \/>\nDise\u00f1o de sandalia de r\u00edo con parte superior sint\u00e9tica ajustable de dos correas.<br \/>\nEntresuela con tem\u00e1tica de controlador de juego<br \/>\nSuela de tracci\u00f3n flexible<br \/>\n2,54 cm enteros<br \/>\nDetalle del logotipo de Skechers\u00ae<\/p><\/div>\n<\/div>\n<ul>\n<li>Marca: Skechers<\/li>\n<li>Codigo: 402264L-RDBL<\/li>\n<li>Modelo: Power Splash<\/li>\n<li>G\u00e9nero: Ni\u00f1o<\/li>\n<li>Estilo: Urbano<\/li>\n<li>Cierre: Sin Cordones<\/li>\n<li>Material: Textil<\/li>\n<li>Color: Rojo<\/li>\n<li>Material de la Suela: Goma<\/li>\n<\/ul>","protected":false},"excerpt":{"rendered":"<p>Lleva tus poderes de videojuego al aire libre con Skechers Game Kicks: Power Splash. Esta sandalia deportiva liviana presenta una parte superior sint\u00e9tica con dos&#8230;<\/p>","protected":false},"featured_media":41776,"comment_status":"open","ping_status":"closed","template":"","meta":{"om_disable_all_campaigns":false,"_monsterinsights_skip_tracking":false,"_monsterinsights_sitenote_active":false,"_monsterinsights_sitenote_note":"","_monsterinsights_sitenote_category":0,"_uf_show_specific_survey":0,"_uf_disable_surveys":false,"_joinchat":[]},"etheme_brands":[],"product_brand":[],"product_cat":[19],"product_tag":[],"class_list":{"0":"post-41943","1":"product","2":"type-product","3":"status-publish","4":"has-post-thumbnail","6":"product_cat-hombre","7":"product_shipping_class-envio-a-lima-y-provincia","9":"first","10":"instock","11":"sale","12":"featured","13":"shipping-taxable","14":"purchasable","15":"product-type-variable"},"aioseo_notices":[],"_links":{"self":[{"href":"https:\/\/jnksport.com\/en\/wp-json\/wp\/v2\/product\/41943","targetHints":{"allow":["GET"]}}],"collection":[{"href":"https:\/\/jnksport.com\/en\/wp-json\/wp\/v2\/product"}],"about":[{"href":"https:\/\/jnksport.com\/en\/wp-json\/wp\/v2\/types\/product"}],"replies":[{"embeddable":true,"href":"https:\/\/jnksport.com\/en\/wp-json\/wp\/v2\/comments?post=41943"}],"version-history":[{"count":0,"href":"https:\/\/jnksport.com\/en\/wp-json\/wp\/v2\/product\/41943\/revisions"}],"wp:featuredmedia":[{"embeddable":true,"href":"https:\/\/jnksport.com\/en\/wp-json\/wp\/v2\/media\/41776"}],"wp:attachment":[{"href":"https:\/\/jnksport.com\/en\/wp-json\/wp\/v2\/media?parent=41943"}],"wp:term":[{"taxonomy":"brand","embeddable":true,"href":"https:\/\/jnksport.com\/en\/wp-json\/wp\/v2\/etheme_brands?post=41943"},{"taxonomy":"product_brand","embeddable":true,"href":"https:\/\/jnksport.com\/en\/wp-json\/wp\/v2\/product_brand?post=41943"},{"taxonomy":"product_cat","embeddable":true,"href":"https:\/\/jnksport.com\/en\/wp-json\/wp\/v2\/product_cat?post=41943"},{"taxonomy":"product_tag","embeddable":true,"href":"https:\/\/jnksport.com\/en\/wp-json\/wp\/v2\/product_tag?post=41943"}],"curies":[{"name":"wp","href":"https:\/\/api.w.org\/{rel}","templated":true}]}}