{"id":41944,"date":"2025-02-16T01:33:34","date_gmt":"2025-02-16T01:33:34","guid":{"rendered":"https:\/\/jnksport.com\/?post_type=product&#038;p=41944"},"modified":"2026-04-29T00:56:18","modified_gmt":"2026-04-29T00:56:18","slug":"sandalias-lacoste-contrast-slides-744cfa0006-84x-mujer","status":"publish","type":"product","link":"https:\/\/jnksport.com\/en\/product\/sandalias-lacoste-contrast-slides-744cfa0006-84x-mujer\/","title":{"rendered":"Sandalias Lacoste Contrast Slides 744CFA0006-84X Mujer"},"content":{"rendered":"<div>\n<div>Prep\u00e1rate para el verano con esta ic\u00f3nica sandalia. M\u00e1xima comodidad. Un look totalmente nuevo.<br \/>\nParte superior textil y sint\u00e9tica:<br \/>\ndise\u00f1o s\u00faper c\u00f3modo.<br \/>\nSandalias cl\u00e1sicas. Estilo apto para el verano:<br \/>\nplantilla suave para una excelente amortiguaci\u00f3n bajo los pies.<br \/>\nForros textiles:<br \/>\nMalla de poli\u00e9ster reciclado. M\u00e1s sostenible.<br \/>\nSuela de goma y EVA:<br \/>\nSuela de doble densidad. Comodidad asegurada.<br \/>\nMarca de cocodrilo:<br \/>\nfirma Lacoste en la correa.<br \/>\nParte superior 50 % poli\u00e9ster 50 % poliuretano; forro 100 % poli\u00e9ster; plantilla 100 % EVA; suela exterior 50 % caucho 50 % EVA<\/div>\n<\/div>\n<ul>\n<li>Marca: Lacoste<\/li>\n<li>Codigo: 744CFA0006-84X<\/li>\n<li>Modelo: Contrast Slides<\/li>\n<li>G\u00e9nero: Mujer<\/li>\n<li>Estilo: Urbano<\/li>\n<li>Cierre: Sin Cordones<\/li>\n<li>Material: Sint\u00e9tico<\/li>\n<li>Color: Morado<\/li>\n<li>Material de la Suela: Caucho<\/li>\n<\/ul>","protected":false},"excerpt":{"rendered":"<p>Prep\u00e1rate para el verano con esta ic\u00f3nica sandalia. M\u00e1xima comodidad. Un look totalmente nuevo. Parte superior textil y sint\u00e9tica: dise\u00f1o s\u00faper c\u00f3modo. Sandalias cl\u00e1sicas. Estilo&#8230;<\/p>","protected":false},"featured_media":59705,"comment_status":"open","ping_status":"closed","template":"","meta":{"om_disable_all_campaigns":false,"_monsterinsights_skip_tracking":false,"_monsterinsights_sitenote_active":false,"_monsterinsights_sitenote_note":"","_monsterinsights_sitenote_category":0,"_uf_show_specific_survey":0,"_uf_disable_surveys":false,"_joinchat":[]},"etheme_brands":[],"product_brand":[],"product_cat":[19],"product_tag":[],"class_list":{"0":"post-41944","1":"product","2":"type-product","3":"status-publish","4":"has-post-thumbnail","6":"product_cat-hombre","7":"product_shipping_class-envio-a-lima-y-provincia","9":"first","10":"instock","11":"sale","12":"featured","13":"shipping-taxable","14":"purchasable","15":"product-type-variable"},"aioseo_notices":[],"_links":{"self":[{"href":"https:\/\/jnksport.com\/en\/wp-json\/wp\/v2\/product\/41944","targetHints":{"allow":["GET"]}}],"collection":[{"href":"https:\/\/jnksport.com\/en\/wp-json\/wp\/v2\/product"}],"about":[{"href":"https:\/\/jnksport.com\/en\/wp-json\/wp\/v2\/types\/product"}],"replies":[{"embeddable":true,"href":"https:\/\/jnksport.com\/en\/wp-json\/wp\/v2\/comments?post=41944"}],"version-history":[{"count":1,"href":"https:\/\/jnksport.com\/en\/wp-json\/wp\/v2\/product\/41944\/revisions"}],"predecessor-version":[{"id":59706,"href":"https:\/\/jnksport.com\/en\/wp-json\/wp\/v2\/product\/41944\/revisions\/59706"}],"wp:featuredmedia":[{"embeddable":true,"href":"https:\/\/jnksport.com\/en\/wp-json\/wp\/v2\/media\/59705"}],"wp:attachment":[{"href":"https:\/\/jnksport.com\/en\/wp-json\/wp\/v2\/media?parent=41944"}],"wp:term":[{"taxonomy":"brand","embeddable":true,"href":"https:\/\/jnksport.com\/en\/wp-json\/wp\/v2\/etheme_brands?post=41944"},{"taxonomy":"product_brand","embeddable":true,"href":"https:\/\/jnksport.com\/en\/wp-json\/wp\/v2\/product_brand?post=41944"},{"taxonomy":"product_cat","embeddable":true,"href":"https:\/\/jnksport.com\/en\/wp-json\/wp\/v2\/product_cat?post=41944"},{"taxonomy":"product_tag","embeddable":true,"href":"https:\/\/jnksport.com\/en\/wp-json\/wp\/v2\/product_tag?post=41944"}],"curies":[{"name":"wp","href":"https:\/\/api.w.org\/{rel}","templated":true}]}}