{"id":41979,"date":"2025-02-16T01:33:40","date_gmt":"2025-02-16T01:33:40","guid":{"rendered":"https:\/\/jnksport.com\/?post_type=product&#038;p=41979"},"modified":"2026-04-29T22:32:00","modified_gmt":"2026-04-29T22:32:00","slug":"sandalias-adidas-adilette-shower-gz5921-unisex","status":"publish","type":"product","link":"https:\/\/jnksport.com\/en\/product\/sandalias-adidas-adilette-shower-gz5921-unisex\/","title":{"rendered":"Sandalias Adidas Adilette Shower GZ5921 Unisex"},"content":{"rendered":"<div>\n<div>Sandalias para agua muy c\u00f3modas y vers\u00e1tiles<br \/>\nPerfectas para la piscina, la ducha o el sof\u00e1, estas sandalias est\u00e1n hechas para el movimiento y el descanso. Su dise\u00f1o de calce f\u00e1cil ofrece un ajuste ce\u00f1ido que es f\u00e1cil de poner y quitar cuando se necesita. La amortiguaci\u00f3n ligera mantiene tus pies c\u00f3modos durante todo el d\u00eda. El logo de adidas y el dise\u00f1o de las 3 Tiras le ponen el toque final al ic\u00f3nico estilo Adilette.<\/div>\n<\/div>\n<ul>\n<li>Marca: Adidas<\/li>\n<li>Codigo: GZ5921<\/li>\n<li>Modelo: Adilette Shower<\/li>\n<li>G\u00e9nero: Unisex<\/li>\n<li>Estilo: Urbano<\/li>\n<li>Cierre: Sin Cordones<\/li>\n<li>Material: Sint\u00e9tico<\/li>\n<li>Color: Blanco<\/li>\n<li>Material de la Suela: Goma<\/li>\n<\/ul>","protected":false},"excerpt":{"rendered":"<p>Sandalias para agua muy c\u00f3modas y vers\u00e1tiles Perfectas para la piscina, la ducha o el sof\u00e1, estas sandalias est\u00e1n hechas para el movimiento y el&#8230;<\/p>","protected":false},"featured_media":41792,"comment_status":"open","ping_status":"closed","template":"","meta":{"om_disable_all_campaigns":false,"_monsterinsights_skip_tracking":false,"_monsterinsights_sitenote_active":false,"_monsterinsights_sitenote_note":"","_monsterinsights_sitenote_category":0,"_uf_show_specific_survey":0,"_uf_disable_surveys":false,"_joinchat":[]},"etheme_brands":[],"product_brand":[],"product_cat":[19],"product_tag":[],"class_list":{"0":"post-41979","1":"product","2":"type-product","3":"status-publish","4":"has-post-thumbnail","6":"product_cat-hombre","7":"product_shipping_class-envio-a-lima-y-provincia","9":"first","10":"instock","11":"sale","12":"featured","13":"shipping-taxable","14":"purchasable","15":"product-type-variable"},"aioseo_notices":[],"_links":{"self":[{"href":"https:\/\/jnksport.com\/en\/wp-json\/wp\/v2\/product\/41979","targetHints":{"allow":["GET"]}}],"collection":[{"href":"https:\/\/jnksport.com\/en\/wp-json\/wp\/v2\/product"}],"about":[{"href":"https:\/\/jnksport.com\/en\/wp-json\/wp\/v2\/types\/product"}],"replies":[{"embeddable":true,"href":"https:\/\/jnksport.com\/en\/wp-json\/wp\/v2\/comments?post=41979"}],"version-history":[{"count":0,"href":"https:\/\/jnksport.com\/en\/wp-json\/wp\/v2\/product\/41979\/revisions"}],"wp:featuredmedia":[{"embeddable":true,"href":"https:\/\/jnksport.com\/en\/wp-json\/wp\/v2\/media\/41792"}],"wp:attachment":[{"href":"https:\/\/jnksport.com\/en\/wp-json\/wp\/v2\/media?parent=41979"}],"wp:term":[{"taxonomy":"brand","embeddable":true,"href":"https:\/\/jnksport.com\/en\/wp-json\/wp\/v2\/etheme_brands?post=41979"},{"taxonomy":"product_brand","embeddable":true,"href":"https:\/\/jnksport.com\/en\/wp-json\/wp\/v2\/product_brand?post=41979"},{"taxonomy":"product_cat","embeddable":true,"href":"https:\/\/jnksport.com\/en\/wp-json\/wp\/v2\/product_cat?post=41979"},{"taxonomy":"product_tag","embeddable":true,"href":"https:\/\/jnksport.com\/en\/wp-json\/wp\/v2\/product_tag?post=41979"}],"curies":[{"name":"wp","href":"https:\/\/api.w.org\/{rel}","templated":true}]}}