{"id":42009,"date":"2025-02-17T00:05:21","date_gmt":"2025-02-17T00:05:21","guid":{"rendered":"https:\/\/jnksport.com\/?post_type=product&#038;p=42009"},"modified":"2026-02-19T06:57:14","modified_gmt":"2026-02-19T06:57:14","slug":"zapatilla-olympikus-qu4dra-br1-43391327-branco-hombre","status":"publish","type":"product","link":"https:\/\/jnksport.com\/en\/product\/zapatilla-olympikus-qu4dra-br1-43391327-branco-hombre\/","title":{"rendered":"Zapatilla Olympikus Qu4Dra Br1 43391327-branco Hombre"},"content":{"rendered":"<div>\n<div>\u00a1Transforma tu rendimiento con las zapatillas Olympikus Qu4dra BR1! Este modelo innovador, resultado de una colaboraci\u00f3n hist\u00f3rica, te trae lo mejor en tecnolog\u00eda deportiva directamente desde las canchas. Su atrevido dise\u00f1o no s\u00f3lo resalta tu estilo, sino que tambi\u00e9n permite movimientos \u00e1giles y precisos, brind\u00e1ndote control total del juego.<br \/>\nEl Olympikus Qu4dra BR1 est\u00e1 equipado con la tecnolog\u00eda ELEVA PRO que garantiza ligereza y una excelente amortiguaci\u00f3n, creando una sensaci\u00f3n de confort similar a un trampol\u00edn. La tecnolog\u00eda GRIPPER, con su goma antideslizante, asegura un agarre firme al suelo, evitando resbalones durante los juegos intensos. Los cordones, confeccionados en tejido de poli\u00e9ster con diferente textura, ofrecen una sujeci\u00f3n segura y ajustable.<br \/>\nAdem\u00e1s, el forro transpirable se adapta al pie como un calcet\u00edn, aumentando la comodidad y el ajuste. La suela de dise\u00f1o curvo est\u00e1 dise\u00f1ada para reducir el desgaste y proporcionar estabilidad en todos los cambios de direcci\u00f3n. Con una plantilla anat\u00f3mica que se adapta a la forma del pie y un corte que abraza firmemente el tobillo, estas zapatillas son la elecci\u00f3n perfecta para quienes quieren dejar huella en la cancha.<br \/>\n\u00a1No pierdas el tiempo y hazte con el tuyo ahora, antes de que se acaben!<\/p>\n<p>Tecnolog\u00edas<\/p>\n<p>ELEVA PRO : ofrece una amortiguaci\u00f3n innovadora que mejora el rendimiento y la comodidad durante el entrenamiento. Proporciona una excelente respuesta e impulso, reduce la fatiga muscular con su material EVA adaptable y aumenta la durabilidad del calzado. Con menos deformaci\u00f3n y mayor protecci\u00f3n contra impactos, experimentar\u00e1 velocidad, eficiencia y comodidad duraderas.<\/p>\n<p>GRIPPER: ofrece agarre y seguridad superior con su goma antideslizante, ideal para terrenos variados y superficies mojadas. Durable y resistente a la abrasi\u00f3n, garantiza una tracci\u00f3n excepcional, mayor estabilidad y control en las actividades f\u00edsicas, reduciendo el riesgo de ca\u00eddas y fatiga muscular. Vers\u00e1til, es adecuado para calzado deportivo y para el uso diario.<\/p><\/div>\n<\/div>\n<ul>\n<li>Marca: Olympikus<\/li>\n<li>Codigo: 43391327-branco<\/li>\n<li>Modelo: Qu4Dra Br1<\/li>\n<li>G\u00e9nero: Hombre<\/li>\n<li>Estilo: Deportivo<\/li>\n<li>Cierre: Cordones<\/li>\n<li>Material: Cuero<\/li>\n<li>Color: Blanco<\/li>\n<li>Material de la Suela: Goma<\/li>\n<\/ul>","protected":false},"excerpt":{"rendered":"<p>\u00a1Transforma tu rendimiento con las zapatillas Olympikus Qu4dra BR1! Este modelo innovador, resultado de una colaboraci\u00f3n hist\u00f3rica, te trae lo mejor en tecnolog\u00eda deportiva directamente&#8230;<\/p>","protected":false},"featured_media":41999,"comment_status":"open","ping_status":"closed","template":"","meta":{"om_disable_all_campaigns":false,"_monsterinsights_skip_tracking":false,"_monsterinsights_sitenote_active":false,"_monsterinsights_sitenote_note":"","_monsterinsights_sitenote_category":0,"_uf_show_specific_survey":0,"_uf_disable_surveys":false,"_joinchat":[]},"etheme_brands":[],"product_brand":[],"product_cat":[19],"product_tag":[],"class_list":{"0":"post-42009","1":"product","2":"type-product","3":"status-publish","4":"has-post-thumbnail","6":"product_cat-hombre","7":"product_shipping_class-envio-a-lima-y-provincia","9":"first","10":"instock","11":"sale","12":"featured","13":"shipping-taxable","14":"purchasable","15":"product-type-variable"},"aioseo_notices":[],"_links":{"self":[{"href":"https:\/\/jnksport.com\/en\/wp-json\/wp\/v2\/product\/42009","targetHints":{"allow":["GET"]}}],"collection":[{"href":"https:\/\/jnksport.com\/en\/wp-json\/wp\/v2\/product"}],"about":[{"href":"https:\/\/jnksport.com\/en\/wp-json\/wp\/v2\/types\/product"}],"replies":[{"embeddable":true,"href":"https:\/\/jnksport.com\/en\/wp-json\/wp\/v2\/comments?post=42009"}],"version-history":[{"count":0,"href":"https:\/\/jnksport.com\/en\/wp-json\/wp\/v2\/product\/42009\/revisions"}],"wp:featuredmedia":[{"embeddable":true,"href":"https:\/\/jnksport.com\/en\/wp-json\/wp\/v2\/media\/41999"}],"wp:attachment":[{"href":"https:\/\/jnksport.com\/en\/wp-json\/wp\/v2\/media?parent=42009"}],"wp:term":[{"taxonomy":"brand","embeddable":true,"href":"https:\/\/jnksport.com\/en\/wp-json\/wp\/v2\/etheme_brands?post=42009"},{"taxonomy":"product_brand","embeddable":true,"href":"https:\/\/jnksport.com\/en\/wp-json\/wp\/v2\/product_brand?post=42009"},{"taxonomy":"product_cat","embeddable":true,"href":"https:\/\/jnksport.com\/en\/wp-json\/wp\/v2\/product_cat?post=42009"},{"taxonomy":"product_tag","embeddable":true,"href":"https:\/\/jnksport.com\/en\/wp-json\/wp\/v2\/product_tag?post=42009"}],"curies":[{"name":"wp","href":"https:\/\/api.w.org\/{rel}","templated":true}]}}