{"id":42263,"date":"2025-02-21T07:32:44","date_gmt":"2025-02-21T07:32:44","guid":{"rendered":"https:\/\/jnksport.com\/?post_type=product&#038;p=42263"},"modified":"2026-04-11T17:02:53","modified_gmt":"2026-04-11T17:02:53","slug":"zapatilla-converse-run-star-hike-168817-mujer","status":"publish","type":"product","link":"https:\/\/jnksport.com\/en\/product\/zapatilla-converse-run-star-hike-168817-mujer\/","title":{"rendered":"Zapatilla Converse Run Star Hike 168817 Mujer"},"content":{"rendered":"<p>La ic\u00f3nica Chuck Taylor recibe una actualizaci\u00f3n de corte bajo en la Run Star Hike. La lona con cordones mantiene el toque cl\u00e1sico, mientras que una estrella de color en el tal\u00f3n trae lo nuevo. Los bloques de color llaman la atenci\u00f3n sobre la suela de plataforma aserrada.<\/p>\n<p>Detalles:<br \/>\nZapatilla ca\u00f1a baja de lona con plataforma<br \/>\nSilueta ic\u00f3nica<br \/>\nLeng\u00fceta con costuras reforzadas<br \/>\nSuela aserrada con bloques de color<br \/>\nPlantilla OrthoLite brinda el confort<br \/>\nOrthoLite es una marca de O2 Partners, LLC<br \/>\nCategor\u00eda: Calzado<br \/>\nG\u00e9nero: Unisex<br \/>\nColor: Blanco<br \/>\nEstilo: Urbano<br \/>\nMaterial de suela: Caucho<br \/>\nSuperficie : Asfalto<br \/>\nTipo de Ca\u00f1a: Ca\u00f1a Baja<\/p>","protected":false},"excerpt":{"rendered":"<p>La ic\u00f3nica Chuck Taylor recibe una actualizaci\u00f3n de corte bajo en la Run Star Hike. La lona con cordones mantiene el toque cl\u00e1sico, mientras que&#8230;<\/p>","protected":false},"featured_media":42255,"comment_status":"open","ping_status":"closed","template":"","meta":{"om_disable_all_campaigns":false,"_monsterinsights_skip_tracking":false,"_monsterinsights_sitenote_active":false,"_monsterinsights_sitenote_note":"","_monsterinsights_sitenote_category":0,"_uf_show_specific_survey":0,"_uf_disable_surveys":false,"_joinchat":[]},"etheme_brands":[],"product_brand":[],"product_cat":[18],"product_tag":[],"class_list":{"0":"post-42263","1":"product","2":"type-product","3":"status-publish","4":"has-post-thumbnail","6":"product_cat-mujer","7":"product_shipping_class-envio-a-lima-y-provincia","9":"first","10":"instock","11":"sale","12":"featured","13":"shipping-taxable","14":"purchasable","15":"product-type-variable"},"aioseo_notices":[],"_links":{"self":[{"href":"https:\/\/jnksport.com\/en\/wp-json\/wp\/v2\/product\/42263","targetHints":{"allow":["GET"]}}],"collection":[{"href":"https:\/\/jnksport.com\/en\/wp-json\/wp\/v2\/product"}],"about":[{"href":"https:\/\/jnksport.com\/en\/wp-json\/wp\/v2\/types\/product"}],"replies":[{"embeddable":true,"href":"https:\/\/jnksport.com\/en\/wp-json\/wp\/v2\/comments?post=42263"}],"version-history":[{"count":0,"href":"https:\/\/jnksport.com\/en\/wp-json\/wp\/v2\/product\/42263\/revisions"}],"wp:featuredmedia":[{"embeddable":true,"href":"https:\/\/jnksport.com\/en\/wp-json\/wp\/v2\/media\/42255"}],"wp:attachment":[{"href":"https:\/\/jnksport.com\/en\/wp-json\/wp\/v2\/media?parent=42263"}],"wp:term":[{"taxonomy":"brand","embeddable":true,"href":"https:\/\/jnksport.com\/en\/wp-json\/wp\/v2\/etheme_brands?post=42263"},{"taxonomy":"product_brand","embeddable":true,"href":"https:\/\/jnksport.com\/en\/wp-json\/wp\/v2\/product_brand?post=42263"},{"taxonomy":"product_cat","embeddable":true,"href":"https:\/\/jnksport.com\/en\/wp-json\/wp\/v2\/product_cat?post=42263"},{"taxonomy":"product_tag","embeddable":true,"href":"https:\/\/jnksport.com\/en\/wp-json\/wp\/v2\/product_tag?post=42263"}],"curies":[{"name":"wp","href":"https:\/\/api.w.org\/{rel}","templated":true}]}}