{"id":42267,"date":"2025-02-21T07:32:44","date_gmt":"2025-02-21T07:32:44","guid":{"rendered":"https:\/\/jnksport.com\/?post_type=product&#038;p=42267"},"modified":"2026-03-09T16:38:29","modified_gmt":"2026-03-09T16:38:29","slug":"zapatilla-puma-carina-street-400654-01-ninas","status":"publish","type":"product","link":"https:\/\/jnksport.com\/en\/product\/zapatilla-puma-carina-street-400654-01-ninas\/","title":{"rendered":"Zapatilla Puma Carina Street 400654-01 Ni\u00f1as"},"content":{"rendered":"<p>Un dise\u00f1o inspirado en la moda deportiva con una plataforma ligeramente elevada convierte estas Carina en un modelo perfecto para sus conjuntos diarios.<\/p>\n<p>CARACTER\u00cdSTICAS + BENEFICIOS<br \/>\nSOFTFOAM+: plantilla de confort dise\u00f1ada para proporcionar una suave amortiguaci\u00f3n gracias a su tal\u00f3n extragrueso<br \/>\nContenido reciclado: el exterior se ha fabricado con al menos un 20 % de materiales reciclados como paso hacia un futuro mejor<br \/>\nDETALLES<br \/>\nExterior de piel<br \/>\nEntresuela de goma<br \/>\nSuela de goma<br \/>\nFormstrip de PUMA en el lateral interior y exterior<br \/>\nLogotipo PUMA Cat en el tal\u00f3n<\/p>","protected":false},"excerpt":{"rendered":"<p>Un dise\u00f1o inspirado en la moda deportiva con una plataforma ligeramente elevada convierte estas Carina en un modelo perfecto para sus conjuntos diarios. CARACTER\u00cdSTICAS +&#8230;<\/p>","protected":false},"featured_media":42064,"comment_status":"open","ping_status":"closed","template":"","meta":{"om_disable_all_campaigns":false,"_monsterinsights_skip_tracking":false,"_monsterinsights_sitenote_active":false,"_monsterinsights_sitenote_note":"","_monsterinsights_sitenote_category":0,"_uf_show_specific_survey":0,"_uf_disable_surveys":false,"_joinchat":[]},"etheme_brands":[],"product_brand":[],"product_cat":[573],"product_tag":[],"class_list":{"0":"post-42267","1":"product","2":"type-product","3":"status-publish","4":"has-post-thumbnail","6":"product_cat-ninas-2","7":"product_shipping_class-envio-a-lima-y-provincia","9":"first","10":"instock","11":"sale","12":"featured","13":"shipping-taxable","14":"purchasable","15":"product-type-variable"},"aioseo_notices":[],"_links":{"self":[{"href":"https:\/\/jnksport.com\/en\/wp-json\/wp\/v2\/product\/42267","targetHints":{"allow":["GET"]}}],"collection":[{"href":"https:\/\/jnksport.com\/en\/wp-json\/wp\/v2\/product"}],"about":[{"href":"https:\/\/jnksport.com\/en\/wp-json\/wp\/v2\/types\/product"}],"replies":[{"embeddable":true,"href":"https:\/\/jnksport.com\/en\/wp-json\/wp\/v2\/comments?post=42267"}],"version-history":[{"count":0,"href":"https:\/\/jnksport.com\/en\/wp-json\/wp\/v2\/product\/42267\/revisions"}],"wp:featuredmedia":[{"embeddable":true,"href":"https:\/\/jnksport.com\/en\/wp-json\/wp\/v2\/media\/42064"}],"wp:attachment":[{"href":"https:\/\/jnksport.com\/en\/wp-json\/wp\/v2\/media?parent=42267"}],"wp:term":[{"taxonomy":"brand","embeddable":true,"href":"https:\/\/jnksport.com\/en\/wp-json\/wp\/v2\/etheme_brands?post=42267"},{"taxonomy":"product_brand","embeddable":true,"href":"https:\/\/jnksport.com\/en\/wp-json\/wp\/v2\/product_brand?post=42267"},{"taxonomy":"product_cat","embeddable":true,"href":"https:\/\/jnksport.com\/en\/wp-json\/wp\/v2\/product_cat?post=42267"},{"taxonomy":"product_tag","embeddable":true,"href":"https:\/\/jnksport.com\/en\/wp-json\/wp\/v2\/product_tag?post=42267"}],"curies":[{"name":"wp","href":"https:\/\/api.w.org\/{rel}","templated":true}]}}