{"id":42268,"date":"2025-02-21T07:32:45","date_gmt":"2025-02-21T07:32:45","guid":{"rendered":"https:\/\/jnksport.com\/?post_type=product&#038;p=42268"},"modified":"2026-04-20T15:30:16","modified_gmt":"2026-04-20T15:30:16","slug":"zapatilla-puma-carina-3-0-401476-06-mujer","status":"publish","type":"product","link":"https:\/\/jnksport.com\/en\/product\/zapatilla-puma-carina-3-0-401476-06-mujer\/","title":{"rendered":"Zapatilla Puma Carina 3.0 401476-06 Mujer"},"content":{"rendered":"<p>SOFTFOAM+: Plantilla c\u00f3moda para pisar dise\u00f1ada para proporcionar una amortiguaci\u00f3n suave gracias a su tal\u00f3n extra grueso<br \/>\nLa parte superior de los zapatos est\u00e1 hecha con al menos un 20% de materiales reciclados y la parte inferior est\u00e1 hecha con al menos un 10% de materiales reciclados.<br \/>\nDETALLES<br \/>\nAncho regular<br \/>\nParte superior sint\u00e9tica<br \/>\nCierre de encaje<br \/>\nForro textil<br \/>\nEntresuela de goma<br \/>\nSuela de goma<br \/>\nPUMA Big Kids: Recomendado para ni\u00f1os mayores de 8 a 16 a\u00f1os<br \/>\nInformaci\u00f3n del material<br \/>\nPlantilla: 100 % textil<br \/>\nSuela: 100% caucho<br \/>\nParte superior: 55,32 % piel de vacuno, 41,72 % sint\u00e9tico, 2,96 % textil<br \/>\nForro: 100% textil<\/p>","protected":false},"excerpt":{"rendered":"<p>SOFTFOAM+: Plantilla c\u00f3moda para pisar dise\u00f1ada para proporcionar una amortiguaci\u00f3n suave gracias a su tal\u00f3n extra grueso La parte superior de los zapatos est\u00e1 hecha&#8230;<\/p>","protected":false},"featured_media":42070,"comment_status":"open","ping_status":"closed","template":"","meta":{"om_disable_all_campaigns":false,"_monsterinsights_skip_tracking":false,"_monsterinsights_sitenote_active":false,"_monsterinsights_sitenote_note":"","_monsterinsights_sitenote_category":0,"_uf_show_specific_survey":0,"_uf_disable_surveys":false,"_joinchat":[]},"etheme_brands":[],"product_brand":[],"product_cat":[18],"product_tag":[],"class_list":{"0":"post-42268","1":"product","2":"type-product","3":"status-publish","4":"has-post-thumbnail","6":"product_cat-mujer","7":"product_shipping_class-envio-a-lima-y-provincia","9":"first","10":"instock","11":"sale","12":"featured","13":"shipping-taxable","14":"purchasable","15":"product-type-variable"},"aioseo_notices":[],"_links":{"self":[{"href":"https:\/\/jnksport.com\/en\/wp-json\/wp\/v2\/product\/42268","targetHints":{"allow":["GET"]}}],"collection":[{"href":"https:\/\/jnksport.com\/en\/wp-json\/wp\/v2\/product"}],"about":[{"href":"https:\/\/jnksport.com\/en\/wp-json\/wp\/v2\/types\/product"}],"replies":[{"embeddable":true,"href":"https:\/\/jnksport.com\/en\/wp-json\/wp\/v2\/comments?post=42268"}],"version-history":[{"count":0,"href":"https:\/\/jnksport.com\/en\/wp-json\/wp\/v2\/product\/42268\/revisions"}],"wp:featuredmedia":[{"embeddable":true,"href":"https:\/\/jnksport.com\/en\/wp-json\/wp\/v2\/media\/42070"}],"wp:attachment":[{"href":"https:\/\/jnksport.com\/en\/wp-json\/wp\/v2\/media?parent=42268"}],"wp:term":[{"taxonomy":"brand","embeddable":true,"href":"https:\/\/jnksport.com\/en\/wp-json\/wp\/v2\/etheme_brands?post=42268"},{"taxonomy":"product_brand","embeddable":true,"href":"https:\/\/jnksport.com\/en\/wp-json\/wp\/v2\/product_brand?post=42268"},{"taxonomy":"product_cat","embeddable":true,"href":"https:\/\/jnksport.com\/en\/wp-json\/wp\/v2\/product_cat?post=42268"},{"taxonomy":"product_tag","embeddable":true,"href":"https:\/\/jnksport.com\/en\/wp-json\/wp\/v2\/product_tag?post=42268"}],"curies":[{"name":"wp","href":"https:\/\/api.w.org\/{rel}","templated":true}]}}