{"id":42302,"date":"2025-02-21T07:32:51","date_gmt":"2025-02-21T07:32:51","guid":{"rendered":"https:\/\/jnksport.com\/?post_type=product&#038;p=42302"},"modified":"2026-01-13T18:54:45","modified_gmt":"2026-01-13T18:54:45","slug":"zapatilla-puma-carina-street-snake-401611-01-mujer","status":"publish","type":"product","link":"https:\/\/jnksport.com\/en\/product\/zapatilla-puma-carina-street-snake-401611-01-mujer\/","title":{"rendered":"Zapatilla Puma Carina Street Snake 401611-01 Mujer"},"content":{"rendered":"<p>El dise\u00f1o de las zapatillas Carina Street est\u00e1 inspirado en la moda urbana. Su dise\u00f1o de plataforma y sus detalles del mundo del baloncesto aportan un toque de estilo a cualquier look de diario.<\/p>\n<p>CARACTER\u00cdSTICAS + BENEFICIOS<br \/>\nLos productos de piel de PUMA respaldan una fabricaci\u00f3n sostenible a trav\u00e9s del Leather Working Group: www.leatherworkinggroup.com<br \/>\nEl empeine de las zapatillas est\u00e1 fabricado con al menos un 30 % de materiales reciclados y la suela con al menos un 10 % de materiales reciclados<br \/>\nSOFTFOAM+: C\u00f3moda plantilla dise\u00f1ada para proporcionar una suave amortiguaci\u00f3n gracias a su tal\u00f3n extragrueso<br \/>\nDETALLES<br \/>\nZapato bajo<br \/>\nEmpeine de material sint\u00e9tico<br \/>\nSuela de goma<br \/>\nCon cordones<br \/>\nFormstrip de PUMA en los laterales exteriores<br \/>\nDetalles de la marca PUMA<br \/>\nComposici\u00f3n<br \/>\nPlantilla: 100% Textil<br \/>\nSuela: 100% Goma<br \/>\nExterior: 54.61% Piel de vacuno, 43.40% Sint\u00e9tico, 1.99% Textil<br \/>\nForro: 100% Textil<\/p>","protected":false},"excerpt":{"rendered":"<p>El dise\u00f1o de las zapatillas Carina Street est\u00e1 inspirado en la moda urbana. Su dise\u00f1o de plataforma y sus detalles del mundo del baloncesto aportan&#8230;<\/p>","protected":false},"featured_media":42089,"comment_status":"open","ping_status":"closed","template":"","meta":{"om_disable_all_campaigns":false,"_monsterinsights_skip_tracking":false,"_monsterinsights_sitenote_active":false,"_monsterinsights_sitenote_note":"","_monsterinsights_sitenote_category":0,"_uf_show_specific_survey":0,"_uf_disable_surveys":false,"_joinchat":[]},"etheme_brands":[],"product_brand":[],"product_cat":[18],"product_tag":[],"class_list":{"0":"post-42302","1":"product","2":"type-product","3":"status-publish","4":"has-post-thumbnail","6":"product_cat-mujer","7":"product_shipping_class-envio-a-lima-y-provincia","9":"first","10":"instock","11":"sale","12":"featured","13":"shipping-taxable","14":"purchasable","15":"product-type-variable"},"aioseo_notices":[],"_links":{"self":[{"href":"https:\/\/jnksport.com\/en\/wp-json\/wp\/v2\/product\/42302","targetHints":{"allow":["GET"]}}],"collection":[{"href":"https:\/\/jnksport.com\/en\/wp-json\/wp\/v2\/product"}],"about":[{"href":"https:\/\/jnksport.com\/en\/wp-json\/wp\/v2\/types\/product"}],"replies":[{"embeddable":true,"href":"https:\/\/jnksport.com\/en\/wp-json\/wp\/v2\/comments?post=42302"}],"version-history":[{"count":0,"href":"https:\/\/jnksport.com\/en\/wp-json\/wp\/v2\/product\/42302\/revisions"}],"wp:featuredmedia":[{"embeddable":true,"href":"https:\/\/jnksport.com\/en\/wp-json\/wp\/v2\/media\/42089"}],"wp:attachment":[{"href":"https:\/\/jnksport.com\/en\/wp-json\/wp\/v2\/media?parent=42302"}],"wp:term":[{"taxonomy":"brand","embeddable":true,"href":"https:\/\/jnksport.com\/en\/wp-json\/wp\/v2\/etheme_brands?post=42302"},{"taxonomy":"product_brand","embeddable":true,"href":"https:\/\/jnksport.com\/en\/wp-json\/wp\/v2\/product_brand?post=42302"},{"taxonomy":"product_cat","embeddable":true,"href":"https:\/\/jnksport.com\/en\/wp-json\/wp\/v2\/product_cat?post=42302"},{"taxonomy":"product_tag","embeddable":true,"href":"https:\/\/jnksport.com\/en\/wp-json\/wp\/v2\/product_tag?post=42302"}],"curies":[{"name":"wp","href":"https:\/\/api.w.org\/{rel}","templated":true}]}}