{"id":42333,"date":"2025-02-21T07:32:55","date_gmt":"2025-02-21T07:32:55","guid":{"rendered":"https:\/\/jnksport.com\/?post_type=product&#038;p=42333"},"modified":"2025-12-18T00:33:15","modified_gmt":"2025-12-18T00:33:15","slug":"zapatilla-puma-carina-3-0-animal-402268-01-mujer","status":"publish","type":"product","link":"https:\/\/jnksport.com\/en\/product\/zapatilla-puma-carina-3-0-animal-402268-01-mujer\/","title":{"rendered":"Zapatilla Puma Carina 3.0 Animal 402268-01 Mujer"},"content":{"rendered":"<p>Puma Carina 3.0 Animal<br \/>\nLuce con estilo con esta versi\u00f3n de nuestros ic\u00f3nicos zapatos Carina, inspirados en el tenis. Con un empeine sint\u00e9tico, una divertida franja distintiva de PUMA con estampado animal y una plantilla SOFTFOAM+ que ofrece comodidad durante todo el d\u00eda. El calzado ideal para agregar un toque divertido a tus actividades diarias.<\/p>\n<p>Beneficios del producto<br \/>\nEmpeine fabricado con al menos un 20% de materiales reciclados; base fabricada con al menos un 10% de materiales reciclados.<br \/>\nCierre con pasadores planos.<br \/>\nPlantilla SoftFoam+.<br \/>\nPUMA ni\u00f1os grandes: Producto recomendado para ni\u00f1os y adolescentes de 8 a 16 a\u00f1os.<\/p>","protected":false},"excerpt":{"rendered":"<p>Puma Carina 3.0 Animal Luce con estilo con esta versi\u00f3n de nuestros ic\u00f3nicos zapatos Carina, inspirados en el tenis. Con un empeine sint\u00e9tico, una divertida&#8230;<\/p>","protected":false},"featured_media":42094,"comment_status":"open","ping_status":"closed","template":"","meta":{"om_disable_all_campaigns":false,"_monsterinsights_skip_tracking":false,"_monsterinsights_sitenote_active":false,"_monsterinsights_sitenote_note":"","_monsterinsights_sitenote_category":0,"_uf_show_specific_survey":0,"_uf_disable_surveys":false,"_joinchat":[]},"etheme_brands":[],"product_brand":[],"product_cat":[18],"product_tag":[],"class_list":{"0":"post-42333","1":"product","2":"type-product","3":"status-publish","4":"has-post-thumbnail","6":"product_cat-mujer","7":"product_shipping_class-envio-a-lima-y-provincia","9":"first","10":"instock","11":"sale","12":"featured","13":"shipping-taxable","14":"purchasable","15":"product-type-variable"},"aioseo_notices":[],"_links":{"self":[{"href":"https:\/\/jnksport.com\/en\/wp-json\/wp\/v2\/product\/42333","targetHints":{"allow":["GET"]}}],"collection":[{"href":"https:\/\/jnksport.com\/en\/wp-json\/wp\/v2\/product"}],"about":[{"href":"https:\/\/jnksport.com\/en\/wp-json\/wp\/v2\/types\/product"}],"replies":[{"embeddable":true,"href":"https:\/\/jnksport.com\/en\/wp-json\/wp\/v2\/comments?post=42333"}],"version-history":[{"count":0,"href":"https:\/\/jnksport.com\/en\/wp-json\/wp\/v2\/product\/42333\/revisions"}],"wp:featuredmedia":[{"embeddable":true,"href":"https:\/\/jnksport.com\/en\/wp-json\/wp\/v2\/media\/42094"}],"wp:attachment":[{"href":"https:\/\/jnksport.com\/en\/wp-json\/wp\/v2\/media?parent=42333"}],"wp:term":[{"taxonomy":"brand","embeddable":true,"href":"https:\/\/jnksport.com\/en\/wp-json\/wp\/v2\/etheme_brands?post=42333"},{"taxonomy":"product_brand","embeddable":true,"href":"https:\/\/jnksport.com\/en\/wp-json\/wp\/v2\/product_brand?post=42333"},{"taxonomy":"product_cat","embeddable":true,"href":"https:\/\/jnksport.com\/en\/wp-json\/wp\/v2\/product_cat?post=42333"},{"taxonomy":"product_tag","embeddable":true,"href":"https:\/\/jnksport.com\/en\/wp-json\/wp\/v2\/product_tag?post=42333"}],"curies":[{"name":"wp","href":"https:\/\/api.w.org\/{rel}","templated":true}]}}