{"id":42336,"date":"2025-02-21T07:32:55","date_gmt":"2025-02-21T07:32:55","guid":{"rendered":"https:\/\/jnksport.com\/?post_type=product&#038;p=42336"},"modified":"2026-04-11T17:03:02","modified_gmt":"2026-04-11T17:03:02","slug":"zapatilla-converse-chuck-taylor-all-star-a10537-unisex","status":"publish","type":"product","link":"https:\/\/jnksport.com\/en\/product\/zapatilla-converse-chuck-taylor-all-star-a10537-unisex\/","title":{"rendered":"Zapatilla Converse Chuck Taylor All Star A10537 Unisex"},"content":{"rendered":"<p>Los colores frescos siempre han sido parte del repertorio de Chuck Taylor All Star. Con tonos brillantes, estas Chuck cl\u00e1sicas est\u00e1n listas para iluminar tu colecci\u00f3n.<br \/>\nDetalles del producto<br \/>\nLa parte superior de lona te brinda el aspecto y la sensaci\u00f3n cl\u00e1sicos de las Chuck Taylor.<br \/>\nLa amortiguaci\u00f3n OrthoLite ayuda a proporcionar una comodidad \u00f3ptima.<br \/>\nLos colores atrevidos refrescan tu rotaci\u00f3n<br \/>\nEl ic\u00f3nico parche del tobillo de Chuck Taylor representa el legado de Converse<\/p>","protected":false},"excerpt":{"rendered":"<p>Los colores frescos siempre han sido parte del repertorio de Chuck Taylor All Star. Con tonos brillantes, estas Chuck cl\u00e1sicas est\u00e1n listas para iluminar tu&#8230;<\/p>","protected":false},"featured_media":42112,"comment_status":"open","ping_status":"closed","template":"","meta":{"om_disable_all_campaigns":false,"_monsterinsights_skip_tracking":false,"_monsterinsights_sitenote_active":false,"_monsterinsights_sitenote_note":"","_monsterinsights_sitenote_category":0,"_uf_show_specific_survey":0,"_uf_disable_surveys":false,"_joinchat":[]},"etheme_brands":[],"product_brand":[],"product_cat":[577],"product_tag":[],"class_list":{"0":"post-42336","1":"product","2":"type-product","3":"status-publish","4":"has-post-thumbnail","6":"product_cat-unisex","7":"product_shipping_class-envio-a-lima-y-provincia","9":"first","10":"instock","11":"sale","12":"featured","13":"shipping-taxable","14":"purchasable","15":"product-type-variable"},"aioseo_notices":[],"_links":{"self":[{"href":"https:\/\/jnksport.com\/en\/wp-json\/wp\/v2\/product\/42336","targetHints":{"allow":["GET"]}}],"collection":[{"href":"https:\/\/jnksport.com\/en\/wp-json\/wp\/v2\/product"}],"about":[{"href":"https:\/\/jnksport.com\/en\/wp-json\/wp\/v2\/types\/product"}],"replies":[{"embeddable":true,"href":"https:\/\/jnksport.com\/en\/wp-json\/wp\/v2\/comments?post=42336"}],"version-history":[{"count":0,"href":"https:\/\/jnksport.com\/en\/wp-json\/wp\/v2\/product\/42336\/revisions"}],"wp:featuredmedia":[{"embeddable":true,"href":"https:\/\/jnksport.com\/en\/wp-json\/wp\/v2\/media\/42112"}],"wp:attachment":[{"href":"https:\/\/jnksport.com\/en\/wp-json\/wp\/v2\/media?parent=42336"}],"wp:term":[{"taxonomy":"brand","embeddable":true,"href":"https:\/\/jnksport.com\/en\/wp-json\/wp\/v2\/etheme_brands?post=42336"},{"taxonomy":"product_brand","embeddable":true,"href":"https:\/\/jnksport.com\/en\/wp-json\/wp\/v2\/product_brand?post=42336"},{"taxonomy":"product_cat","embeddable":true,"href":"https:\/\/jnksport.com\/en\/wp-json\/wp\/v2\/product_cat?post=42336"},{"taxonomy":"product_tag","embeddable":true,"href":"https:\/\/jnksport.com\/en\/wp-json\/wp\/v2\/product_tag?post=42336"}],"curies":[{"name":"wp","href":"https:\/\/api.w.org\/{rel}","templated":true}]}}