{"id":42368,"date":"2025-02-21T07:33:00","date_gmt":"2025-02-21T07:33:00","guid":{"rendered":"https:\/\/jnksport.com\/?post_type=product&#038;p=42368"},"modified":"2025-12-30T08:01:29","modified_gmt":"2025-12-30T08:01:29","slug":"zapatilla-converse-chuck-taylor-all-star-a12637-mujer","status":"publish","type":"product","link":"https:\/\/jnksport.com\/en\/product\/zapatilla-converse-chuck-taylor-all-star-a12637-mujer\/","title":{"rendered":"Zapatilla Converse Chuck Taylor All Star A12637 Mujer"},"content":{"rendered":"<p>Nuevas tonalidades, m\u00e1s formas de captar su estilo. Estos Chuck cl\u00e1sicos est\u00e1n disponibles en nuevos colores para adaptarse a su estado de \u00e1nimo.<br \/>\nCaracter\u00edsticas<br \/>\nParte superior de lona para el look cl\u00e1sico de los Chuck<br \/>\nAmortiguaci\u00f3n de espuma suave bajo el pie que permite jugar con comodidad<br \/>\nParche ic\u00f3nico Chuck Taylor y placa All Star<\/p>","protected":false},"excerpt":{"rendered":"<p>Nuevas tonalidades, m\u00e1s formas de captar su estilo. Estos Chuck cl\u00e1sicos est\u00e1n disponibles en nuevos colores para adaptarse a su estado de \u00e1nimo. Caracter\u00edsticas Parte&#8230;<\/p>","protected":false},"featured_media":42124,"comment_status":"open","ping_status":"closed","template":"","meta":{"om_disable_all_campaigns":false,"_monsterinsights_skip_tracking":false,"_monsterinsights_sitenote_active":false,"_monsterinsights_sitenote_note":"","_monsterinsights_sitenote_category":0,"_uf_show_specific_survey":0,"_uf_disable_surveys":false,"_joinchat":[]},"etheme_brands":[],"product_brand":[],"product_cat":[18],"product_tag":[],"class_list":{"0":"post-42368","1":"product","2":"type-product","3":"status-publish","4":"has-post-thumbnail","6":"product_cat-mujer","7":"product_shipping_class-envio-a-lima-y-provincia","9":"first","10":"instock","11":"sale","12":"featured","13":"shipping-taxable","14":"purchasable","15":"product-type-variable"},"aioseo_notices":[],"_links":{"self":[{"href":"https:\/\/jnksport.com\/en\/wp-json\/wp\/v2\/product\/42368","targetHints":{"allow":["GET"]}}],"collection":[{"href":"https:\/\/jnksport.com\/en\/wp-json\/wp\/v2\/product"}],"about":[{"href":"https:\/\/jnksport.com\/en\/wp-json\/wp\/v2\/types\/product"}],"replies":[{"embeddable":true,"href":"https:\/\/jnksport.com\/en\/wp-json\/wp\/v2\/comments?post=42368"}],"version-history":[{"count":0,"href":"https:\/\/jnksport.com\/en\/wp-json\/wp\/v2\/product\/42368\/revisions"}],"wp:featuredmedia":[{"embeddable":true,"href":"https:\/\/jnksport.com\/en\/wp-json\/wp\/v2\/media\/42124"}],"wp:attachment":[{"href":"https:\/\/jnksport.com\/en\/wp-json\/wp\/v2\/media?parent=42368"}],"wp:term":[{"taxonomy":"brand","embeddable":true,"href":"https:\/\/jnksport.com\/en\/wp-json\/wp\/v2\/etheme_brands?post=42368"},{"taxonomy":"product_brand","embeddable":true,"href":"https:\/\/jnksport.com\/en\/wp-json\/wp\/v2\/product_brand?post=42368"},{"taxonomy":"product_cat","embeddable":true,"href":"https:\/\/jnksport.com\/en\/wp-json\/wp\/v2\/product_cat?post=42368"},{"taxonomy":"product_tag","embeddable":true,"href":"https:\/\/jnksport.com\/en\/wp-json\/wp\/v2\/product_tag?post=42368"}],"curies":[{"name":"wp","href":"https:\/\/api.w.org\/{rel}","templated":true}]}}