{"id":42401,"date":"2025-02-21T07:33:06","date_gmt":"2025-02-21T07:33:06","guid":{"rendered":"https:\/\/jnksport.com\/?post_type=product&#038;p=42401"},"modified":"2026-04-29T22:32:00","modified_gmt":"2026-04-29T22:32:00","slug":"zapatilla-nike-court-borough-dv5456-104-mujer","status":"publish","type":"product","link":"https:\/\/jnksport.com\/en\/product\/zapatilla-nike-court-borough-dv5456-104-mujer\/","title":{"rendered":"Zapatilla Nike Court Borough DV5456-104 Mujer"},"content":{"rendered":"<p>Nike Court Borough Low Recraft<br \/>\nEl Nike Court Borough Low Recraft te invita a correr (no caminar) hasta tu nuevo barrio favorito. Esta leyenda \u00ab\u00bbredise\u00f1ada\u00bb\u00bb est\u00e1 confeccionada para ser duradera, utilizandouna combinaci\u00f3n demateriales resistentes en la parte superior y la suela para lograr un look cl\u00e1sico de una manera totalmente nueva. La puntera y el mediopi\u00e9 redise\u00f1ados proporcionan a tus pies un poco m\u00e1s de espacio, permiti\u00e9ndote correr, saltar y jugarpor m\u00e1s tiempo y con mayor intensidad.<\/p>\n<p>Beneficios del producto<br \/>\nConfeccionada para ser duradera.<br \/>\nUtiliza una combinaci\u00f3n de materiales duraderos en la parte superior y la suela.<br \/>\nLogra un look cl\u00e1sico de una manera totalmente nueva.<br \/>\nLa puntera y el mediopi\u00e9 redise\u00f1ados proporcionan a tus pies un poco m\u00e1s de espacio.<br \/>\nPermite correr, saltar y jugar por m\u00e1s tiempo y con mayor intensidad.<\/p>","protected":false},"excerpt":{"rendered":"<p>Nike Court Borough Low Recraft El Nike Court Borough Low Recraft te invita a correr (no caminar) hasta tu nuevo barrio favorito. Esta leyenda \u00ab\u00bbredise\u00f1ada\u00bb\u00bb&#8230;<\/p>","protected":false},"featured_media":42142,"comment_status":"open","ping_status":"closed","template":"","meta":{"om_disable_all_campaigns":false,"_monsterinsights_skip_tracking":false,"_monsterinsights_sitenote_active":false,"_monsterinsights_sitenote_note":"","_monsterinsights_sitenote_category":0,"_uf_show_specific_survey":0,"_uf_disable_surveys":false,"_joinchat":[]},"etheme_brands":[],"product_brand":[],"product_cat":[18],"product_tag":[],"class_list":{"0":"post-42401","1":"product","2":"type-product","3":"status-publish","4":"has-post-thumbnail","6":"product_cat-mujer","7":"product_shipping_class-envio-a-lima-y-provincia","9":"first","10":"instock","11":"sale","12":"featured","13":"shipping-taxable","14":"purchasable","15":"product-type-variable"},"aioseo_notices":[],"_links":{"self":[{"href":"https:\/\/jnksport.com\/en\/wp-json\/wp\/v2\/product\/42401","targetHints":{"allow":["GET"]}}],"collection":[{"href":"https:\/\/jnksport.com\/en\/wp-json\/wp\/v2\/product"}],"about":[{"href":"https:\/\/jnksport.com\/en\/wp-json\/wp\/v2\/types\/product"}],"replies":[{"embeddable":true,"href":"https:\/\/jnksport.com\/en\/wp-json\/wp\/v2\/comments?post=42401"}],"version-history":[{"count":0,"href":"https:\/\/jnksport.com\/en\/wp-json\/wp\/v2\/product\/42401\/revisions"}],"wp:featuredmedia":[{"embeddable":true,"href":"https:\/\/jnksport.com\/en\/wp-json\/wp\/v2\/media\/42142"}],"wp:attachment":[{"href":"https:\/\/jnksport.com\/en\/wp-json\/wp\/v2\/media?parent=42401"}],"wp:term":[{"taxonomy":"brand","embeddable":true,"href":"https:\/\/jnksport.com\/en\/wp-json\/wp\/v2\/etheme_brands?post=42401"},{"taxonomy":"product_brand","embeddable":true,"href":"https:\/\/jnksport.com\/en\/wp-json\/wp\/v2\/product_brand?post=42401"},{"taxonomy":"product_cat","embeddable":true,"href":"https:\/\/jnksport.com\/en\/wp-json\/wp\/v2\/product_cat?post=42401"},{"taxonomy":"product_tag","embeddable":true,"href":"https:\/\/jnksport.com\/en\/wp-json\/wp\/v2\/product_tag?post=42401"}],"curies":[{"name":"wp","href":"https:\/\/api.w.org\/{rel}","templated":true}]}}