{"id":42437,"date":"2025-02-21T07:33:11","date_gmt":"2025-02-21T07:33:11","guid":{"rendered":"https:\/\/jnksport.com\/?post_type=product&#038;p=42437"},"modified":"2026-04-20T15:30:16","modified_gmt":"2026-04-20T15:30:16","slug":"zapatilla-adidas-f50-club-ie1224-hombre","status":"publish","type":"product","link":"https:\/\/jnksport.com\/en\/product\/zapatilla-adidas-f50-club-ie1224-hombre\/","title":{"rendered":"Zapatilla Adidas F50 Club IE1224 Hombre"},"content":{"rendered":"<p>F50 Club Tf es un nuevo producto para Unisex de adidas. Te invitamos a ver las im\u00e1genes para apreciar m\u00e1s detalles desde diferentes \u00e1ngulos. Si ya conoces F50 Club Tf puedes dejar una rese\u00f1a abajo; siempre nos encanta conocer tu opini\u00f3n.<\/p>\n<p>A\u00fan estamos trabajando para tener m\u00e1s informaci\u00f3n de F50 Club Tf, as\u00ed que vuelva pronto. Mientras tanto, toma nota del n\u00famero de art\u00edculo que identifica el producto IE1224 para que lo puedas encontrar de nuevo f\u00e1cilmente. Est\u00e1 categorizado como: Chimpunes<br \/>\nColor del art\u00edculo: Core Black \/ Iron Metallic \/ Lucid Red<\/p>","protected":false},"excerpt":{"rendered":"<p>F50 Club Tf es un nuevo producto para Unisex de adidas. Te invitamos a ver las im\u00e1genes para apreciar m\u00e1s detalles desde diferentes \u00e1ngulos. Si&#8230;<\/p>","protected":false},"featured_media":57164,"comment_status":"open","ping_status":"closed","template":"","meta":{"om_disable_all_campaigns":false,"_monsterinsights_skip_tracking":false,"_monsterinsights_sitenote_active":false,"_monsterinsights_sitenote_note":"","_monsterinsights_sitenote_category":0,"_uf_show_specific_survey":0,"_uf_disable_surveys":false,"_joinchat":[]},"etheme_brands":[],"product_brand":[],"product_cat":[19],"product_tag":[],"class_list":{"0":"post-42437","1":"product","2":"type-product","3":"status-publish","4":"has-post-thumbnail","6":"product_cat-hombre","7":"product_shipping_class-envio-a-lima-y-provincia","9":"first","10":"instock","11":"sale","12":"featured","13":"shipping-taxable","14":"purchasable","15":"product-type-variable"},"aioseo_notices":[],"_links":{"self":[{"href":"https:\/\/jnksport.com\/en\/wp-json\/wp\/v2\/product\/42437","targetHints":{"allow":["GET"]}}],"collection":[{"href":"https:\/\/jnksport.com\/en\/wp-json\/wp\/v2\/product"}],"about":[{"href":"https:\/\/jnksport.com\/en\/wp-json\/wp\/v2\/types\/product"}],"replies":[{"embeddable":true,"href":"https:\/\/jnksport.com\/en\/wp-json\/wp\/v2\/comments?post=42437"}],"version-history":[{"count":0,"href":"https:\/\/jnksport.com\/en\/wp-json\/wp\/v2\/product\/42437\/revisions"}],"wp:featuredmedia":[{"embeddable":true,"href":"https:\/\/jnksport.com\/en\/wp-json\/wp\/v2\/media\/57164"}],"wp:attachment":[{"href":"https:\/\/jnksport.com\/en\/wp-json\/wp\/v2\/media?parent=42437"}],"wp:term":[{"taxonomy":"brand","embeddable":true,"href":"https:\/\/jnksport.com\/en\/wp-json\/wp\/v2\/etheme_brands?post=42437"},{"taxonomy":"product_brand","embeddable":true,"href":"https:\/\/jnksport.com\/en\/wp-json\/wp\/v2\/product_brand?post=42437"},{"taxonomy":"product_cat","embeddable":true,"href":"https:\/\/jnksport.com\/en\/wp-json\/wp\/v2\/product_cat?post=42437"},{"taxonomy":"product_tag","embeddable":true,"href":"https:\/\/jnksport.com\/en\/wp-json\/wp\/v2\/product_tag?post=42437"}],"curies":[{"name":"wp","href":"https:\/\/api.w.org\/{rel}","templated":true}]}}