{"id":42471,"date":"2025-02-21T07:33:15","date_gmt":"2025-02-21T07:33:15","guid":{"rendered":"https:\/\/jnksport.com\/?post_type=product&#038;p=42471"},"modified":"2026-04-29T22:32:00","modified_gmt":"2026-04-29T22:32:00","slug":"zapatilla-adidas-hoops-3-0-bold-ig6115-mujer","status":"publish","type":"product","link":"https:\/\/jnksport.com\/en\/product\/zapatilla-adidas-hoops-3-0-bold-ig6115-mujer\/","title":{"rendered":"Zapatilla Adidas Hoops 3.0 Bold IG6115 Mujer"},"content":{"rendered":"<p>Zapatillas de estilo cl\u00e1sico con forro interno de malla y una suela robusta<br \/>\nBasadas en un look cl\u00e1sico, estas zapatillas adidas tienen un forro interno de malla que ofrece comodidad excepcional durante todo el d\u00eda. Las 3 Tiras resaltan sobre la parte superior de cuero sint\u00e9tico para un toque adicional de estilo sutil. La suela de caucho tiene un poco m\u00e1s de altura para un acabado moderno.<br \/>\nAjuste cl\u00e1sico<br \/>\nSistema de amarre de pasadores<br \/>\nParte superior de cuero sint\u00e9tico y gamuza sint\u00e9tica<br \/>\nCuello y forro de malla<br \/>\nSuela gruesa de caucho<br \/>\nColor del art\u00edculo: Cloud White \/ Core Black \/ Core Black<\/p>","protected":false},"excerpt":{"rendered":"<p>Zapatillas de estilo cl\u00e1sico con forro interno de malla y una suela robusta Basadas en un look cl\u00e1sico, estas zapatillas adidas tienen un forro interno&#8230;<\/p>","protected":false},"featured_media":57226,"comment_status":"open","ping_status":"closed","template":"","meta":{"om_disable_all_campaigns":false,"_monsterinsights_skip_tracking":false,"_monsterinsights_sitenote_active":false,"_monsterinsights_sitenote_note":"","_monsterinsights_sitenote_category":0,"_uf_show_specific_survey":0,"_uf_disable_surveys":false,"_joinchat":[]},"etheme_brands":[],"product_brand":[],"product_cat":[18],"product_tag":[],"class_list":{"0":"post-42471","1":"product","2":"type-product","3":"status-publish","4":"has-post-thumbnail","6":"product_cat-mujer","7":"product_shipping_class-envio-a-lima-y-provincia","9":"first","10":"instock","11":"sale","12":"featured","13":"shipping-taxable","14":"purchasable","15":"product-type-variable"},"aioseo_notices":[],"_links":{"self":[{"href":"https:\/\/jnksport.com\/en\/wp-json\/wp\/v2\/product\/42471","targetHints":{"allow":["GET"]}}],"collection":[{"href":"https:\/\/jnksport.com\/en\/wp-json\/wp\/v2\/product"}],"about":[{"href":"https:\/\/jnksport.com\/en\/wp-json\/wp\/v2\/types\/product"}],"replies":[{"embeddable":true,"href":"https:\/\/jnksport.com\/en\/wp-json\/wp\/v2\/comments?post=42471"}],"version-history":[{"count":0,"href":"https:\/\/jnksport.com\/en\/wp-json\/wp\/v2\/product\/42471\/revisions"}],"wp:featuredmedia":[{"embeddable":true,"href":"https:\/\/jnksport.com\/en\/wp-json\/wp\/v2\/media\/57226"}],"wp:attachment":[{"href":"https:\/\/jnksport.com\/en\/wp-json\/wp\/v2\/media?parent=42471"}],"wp:term":[{"taxonomy":"brand","embeddable":true,"href":"https:\/\/jnksport.com\/en\/wp-json\/wp\/v2\/etheme_brands?post=42471"},{"taxonomy":"product_brand","embeddable":true,"href":"https:\/\/jnksport.com\/en\/wp-json\/wp\/v2\/product_brand?post=42471"},{"taxonomy":"product_cat","embeddable":true,"href":"https:\/\/jnksport.com\/en\/wp-json\/wp\/v2\/product_cat?post=42471"},{"taxonomy":"product_tag","embeddable":true,"href":"https:\/\/jnksport.com\/en\/wp-json\/wp\/v2\/product_tag?post=42471"}],"curies":[{"name":"wp","href":"https:\/\/api.w.org\/{rel}","templated":true}]}}