{"id":42472,"date":"2025-02-21T07:33:15","date_gmt":"2025-02-21T07:33:15","guid":{"rendered":"https:\/\/jnksport.com\/?post_type=product&#038;p=42472"},"modified":"2026-04-29T22:32:00","modified_gmt":"2026-04-29T22:32:00","slug":"zapatilla-adidas-forum-low-cl-ih7828-hombre","status":"publish","type":"product","link":"https:\/\/jnksport.com\/en\/product\/zapatilla-adidas-forum-low-cl-ih7828-hombre\/","title":{"rendered":"Zapatilla Adidas Forum Low CL ih7828 Hombre"},"content":{"rendered":"<p>Zapatillas de inspiraci\u00f3n basquetbol\u00edstica con un dise\u00f1o minimalista<br \/>\nEstas zandalias adidas Forum Low CL te ofrecen el equilibrio perfecto entre un estilo informal y retro. El exterior de cuero pr\u00e9mium y el suave forro textil te ofrecen una comodidad sin l\u00edmites. Estas zapatillas vers\u00e1tiles son un b\u00e1sico en cualquier armario.<\/p>","protected":false},"excerpt":{"rendered":"<p>Zapatillas de inspiraci\u00f3n basquetbol\u00edstica con un dise\u00f1o minimalista Estas zandalias adidas Forum Low CL te ofrecen el equilibrio perfecto entre un estilo informal y retro&#8230;.<\/p>","protected":false},"featured_media":42202,"comment_status":"open","ping_status":"closed","template":"","meta":{"om_disable_all_campaigns":false,"_monsterinsights_skip_tracking":false,"_monsterinsights_sitenote_active":false,"_monsterinsights_sitenote_note":"","_monsterinsights_sitenote_category":0,"_uf_show_specific_survey":0,"_uf_disable_surveys":false,"_joinchat":[]},"etheme_brands":[],"product_brand":[],"product_cat":[19],"product_tag":[],"class_list":{"0":"post-42472","1":"product","2":"type-product","3":"status-publish","4":"has-post-thumbnail","6":"product_cat-hombre","7":"product_shipping_class-envio-a-lima-y-provincia","9":"first","10":"instock","11":"sale","12":"featured","13":"shipping-taxable","14":"purchasable","15":"product-type-variable"},"aioseo_notices":[],"_links":{"self":[{"href":"https:\/\/jnksport.com\/en\/wp-json\/wp\/v2\/product\/42472","targetHints":{"allow":["GET"]}}],"collection":[{"href":"https:\/\/jnksport.com\/en\/wp-json\/wp\/v2\/product"}],"about":[{"href":"https:\/\/jnksport.com\/en\/wp-json\/wp\/v2\/types\/product"}],"replies":[{"embeddable":true,"href":"https:\/\/jnksport.com\/en\/wp-json\/wp\/v2\/comments?post=42472"}],"version-history":[{"count":0,"href":"https:\/\/jnksport.com\/en\/wp-json\/wp\/v2\/product\/42472\/revisions"}],"wp:featuredmedia":[{"embeddable":true,"href":"https:\/\/jnksport.com\/en\/wp-json\/wp\/v2\/media\/42202"}],"wp:attachment":[{"href":"https:\/\/jnksport.com\/en\/wp-json\/wp\/v2\/media?parent=42472"}],"wp:term":[{"taxonomy":"brand","embeddable":true,"href":"https:\/\/jnksport.com\/en\/wp-json\/wp\/v2\/etheme_brands?post=42472"},{"taxonomy":"product_brand","embeddable":true,"href":"https:\/\/jnksport.com\/en\/wp-json\/wp\/v2\/product_brand?post=42472"},{"taxonomy":"product_cat","embeddable":true,"href":"https:\/\/jnksport.com\/en\/wp-json\/wp\/v2\/product_cat?post=42472"},{"taxonomy":"product_tag","embeddable":true,"href":"https:\/\/jnksport.com\/en\/wp-json\/wp\/v2\/product_tag?post=42472"}],"curies":[{"name":"wp","href":"https:\/\/api.w.org\/{rel}","templated":true}]}}