{"id":42503,"date":"2025-02-21T07:33:20","date_gmt":"2025-02-21T07:33:20","guid":{"rendered":"https:\/\/jnksport.com\/?post_type=product&#038;p=42503"},"modified":"2026-03-30T21:17:18","modified_gmt":"2026-03-30T21:17:18","slug":"zapatilla-adidas-forum-low-cl-ih7830-hombre","status":"publish","type":"product","link":"https:\/\/jnksport.com\/en\/product\/zapatilla-adidas-forum-low-cl-ih7830-hombre\/","title":{"rendered":"Zapatilla Adidas Forum Low CL ih7830 Hombre"},"content":{"rendered":"<p>Zapatillas de inspiraci\u00f3n basquetbol\u00edstica con un dise\u00f1o minimalista<br \/>\nEstas zandalias adidas Forum Low CL te ofrecen el equilibrio perfecto entre un estilo informal y retro. El exterior de cuero pr\u00e9mium y el suave forro textil te ofrecen una comodidad sin l\u00edmites. Estas zapatillas vers\u00e1tiles son un b\u00e1sico en cualquier armario.<\/p>\n<p>Horma cl\u00e1sica<br \/>\nSistema de amarre de pasadores<br \/>\nParte superior de cuero<br \/>\nForro interno textil<br \/>\nSuela tipo cupsole de caucho<br \/>\nColor del art\u00edculo: Core White \/ Core Black \/ Core White<\/p>","protected":false},"excerpt":{"rendered":"<p>Zapatillas de inspiraci\u00f3n basquetbol\u00edstica con un dise\u00f1o minimalista Estas zandalias adidas Forum Low CL te ofrecen el equilibrio perfecto entre un estilo informal y retro&#8230;.<\/p>","protected":false},"featured_media":57163,"comment_status":"open","ping_status":"closed","template":"","meta":{"om_disable_all_campaigns":false,"_monsterinsights_skip_tracking":false,"_monsterinsights_sitenote_active":false,"_monsterinsights_sitenote_note":"","_monsterinsights_sitenote_category":0,"_uf_show_specific_survey":0,"_uf_disable_surveys":false,"_joinchat":[]},"etheme_brands":[],"product_brand":[],"product_cat":[19],"product_tag":[],"class_list":{"0":"post-42503","1":"product","2":"type-product","3":"status-publish","4":"has-post-thumbnail","6":"product_cat-hombre","7":"product_shipping_class-envio-a-lima-y-provincia","9":"first","10":"instock","11":"sale","12":"featured","13":"shipping-taxable","14":"purchasable","15":"product-type-variable"},"aioseo_notices":[],"_links":{"self":[{"href":"https:\/\/jnksport.com\/en\/wp-json\/wp\/v2\/product\/42503","targetHints":{"allow":["GET"]}}],"collection":[{"href":"https:\/\/jnksport.com\/en\/wp-json\/wp\/v2\/product"}],"about":[{"href":"https:\/\/jnksport.com\/en\/wp-json\/wp\/v2\/types\/product"}],"replies":[{"embeddable":true,"href":"https:\/\/jnksport.com\/en\/wp-json\/wp\/v2\/comments?post=42503"}],"version-history":[{"count":0,"href":"https:\/\/jnksport.com\/en\/wp-json\/wp\/v2\/product\/42503\/revisions"}],"wp:featuredmedia":[{"embeddable":true,"href":"https:\/\/jnksport.com\/en\/wp-json\/wp\/v2\/media\/57163"}],"wp:attachment":[{"href":"https:\/\/jnksport.com\/en\/wp-json\/wp\/v2\/media?parent=42503"}],"wp:term":[{"taxonomy":"brand","embeddable":true,"href":"https:\/\/jnksport.com\/en\/wp-json\/wp\/v2\/etheme_brands?post=42503"},{"taxonomy":"product_brand","embeddable":true,"href":"https:\/\/jnksport.com\/en\/wp-json\/wp\/v2\/product_brand?post=42503"},{"taxonomy":"product_cat","embeddable":true,"href":"https:\/\/jnksport.com\/en\/wp-json\/wp\/v2\/product_cat?post=42503"},{"taxonomy":"product_tag","embeddable":true,"href":"https:\/\/jnksport.com\/en\/wp-json\/wp\/v2\/product_tag?post=42503"}],"curies":[{"name":"wp","href":"https:\/\/api.w.org\/{rel}","templated":true}]}}