{"id":42538,"date":"2025-02-21T07:33:25","date_gmt":"2025-02-21T07:33:25","guid":{"rendered":"https:\/\/jnksport.com\/?post_type=product&#038;p=42538"},"modified":"2026-03-31T00:50:57","modified_gmt":"2026-03-31T00:50:57","slug":"zapatilla-adidas-marvel-spider-man-js0742-ninos","status":"publish","type":"product","link":"https:\/\/jnksport.com\/en\/product\/zapatilla-adidas-marvel-spider-man-js0742-ninos\/","title":{"rendered":"Zapatilla Adidas Marvel Spider-Man JS0742 Ni\u00f1os"},"content":{"rendered":"<p>Zapatillas para ni\u00f1os con dise\u00f1os de Spider-Man de Marvel.<br \/>\nYa sea que est\u00e9n de aventuras por la ciudad o simplemente paseando en casa, a tu hijo le encantar\u00e1n estas zapatillas adidas. Con gr\u00e1ficos de Spider-Man de Marvel y los colores cl\u00e1sicos de Spidey, son perfectas para cualquier fan\u00e1tico del ar\u00e1cnido. Los cordones el\u00e1sticos y una correa de velcro hacen que sean f\u00e1ciles de poner y quitar, mientras que una parte superior sint\u00e9tica y una suela de goma garantizan que resistan mucha acci\u00f3n.<br \/>\nAjuste regular<br \/>\nCordones el\u00e1sticos con correa superior con velcro<br \/>\nParte superior sint\u00e9tica<br \/>\nForro textil<br \/>\nGr\u00e1ficos de Spider-Man de Marvel<br \/>\nSuela de goma<br \/>\n\u00a9Disney<br \/>\nContiene al menos un 20% de contenido reciclado.<br \/>\nImportado<br \/>\nColor del producto: Negro b\u00e1sico \/ Blanco nube \/ Azul semil\u00facido<\/p>","protected":false},"excerpt":{"rendered":"<p>Zapatillas para ni\u00f1os con dise\u00f1os de Spider-Man de Marvel. Ya sea que est\u00e9n de aventuras por la ciudad o simplemente paseando en casa, a tu&#8230;<\/p>","protected":false},"featured_media":57201,"comment_status":"open","ping_status":"closed","template":"","meta":{"om_disable_all_campaigns":false,"_monsterinsights_skip_tracking":false,"_monsterinsights_sitenote_active":false,"_monsterinsights_sitenote_note":"","_monsterinsights_sitenote_category":0,"_uf_show_specific_survey":0,"_uf_disable_surveys":false,"_joinchat":[]},"etheme_brands":[],"product_brand":[],"product_cat":[159],"product_tag":[],"class_list":{"0":"post-42538","1":"product","2":"type-product","3":"status-publish","4":"has-post-thumbnail","6":"product_cat-ninos","7":"product_shipping_class-envio-a-lima-y-provincia","9":"first","10":"instock","11":"sale","12":"featured","13":"shipping-taxable","14":"purchasable","15":"product-type-variable"},"aioseo_notices":[],"_links":{"self":[{"href":"https:\/\/jnksport.com\/en\/wp-json\/wp\/v2\/product\/42538","targetHints":{"allow":["GET"]}}],"collection":[{"href":"https:\/\/jnksport.com\/en\/wp-json\/wp\/v2\/product"}],"about":[{"href":"https:\/\/jnksport.com\/en\/wp-json\/wp\/v2\/types\/product"}],"replies":[{"embeddable":true,"href":"https:\/\/jnksport.com\/en\/wp-json\/wp\/v2\/comments?post=42538"}],"version-history":[{"count":0,"href":"https:\/\/jnksport.com\/en\/wp-json\/wp\/v2\/product\/42538\/revisions"}],"wp:featuredmedia":[{"embeddable":true,"href":"https:\/\/jnksport.com\/en\/wp-json\/wp\/v2\/media\/57201"}],"wp:attachment":[{"href":"https:\/\/jnksport.com\/en\/wp-json\/wp\/v2\/media?parent=42538"}],"wp:term":[{"taxonomy":"brand","embeddable":true,"href":"https:\/\/jnksport.com\/en\/wp-json\/wp\/v2\/etheme_brands?post=42538"},{"taxonomy":"product_brand","embeddable":true,"href":"https:\/\/jnksport.com\/en\/wp-json\/wp\/v2\/product_brand?post=42538"},{"taxonomy":"product_cat","embeddable":true,"href":"https:\/\/jnksport.com\/en\/wp-json\/wp\/v2\/product_cat?post=42538"},{"taxonomy":"product_tag","embeddable":true,"href":"https:\/\/jnksport.com\/en\/wp-json\/wp\/v2\/product_tag?post=42538"}],"curies":[{"name":"wp","href":"https:\/\/api.w.org\/{rel}","templated":true}]}}