{"id":42539,"date":"2025-02-21T07:33:25","date_gmt":"2025-02-21T07:33:25","guid":{"rendered":"https:\/\/jnksport.com\/?post_type=product&#038;p=42539"},"modified":"2026-03-30T23:25:22","modified_gmt":"2026-03-30T23:25:22","slug":"zapatilla-adidas-marvel-spider-man-js0743-ninos","status":"publish","type":"product","link":"https:\/\/jnksport.com\/en\/product\/zapatilla-adidas-marvel-spider-man-js0743-ninos\/","title":{"rendered":"Zapatilla Adidas Marvel Spider-Man JS0743 Ni\u00f1os"},"content":{"rendered":"<p>Zapatos para beb\u00e9s que celebran al Hombre Ara\u00f1a de Marvel.<br \/>\nYa sea que gateen, caminen o simplemente se relajen en el cochecito, estos zapatos para beb\u00e9s le permiten a su peque\u00f1o llevar a Spider-Man de Marvel a la aventura. La silueta Grand Court es un cl\u00e1sico de adidas y este par est\u00e1 acentuado con un dise\u00f1o de Spider-Man. Suaves pero con soporte, tienen una entresuela y suela de EVA de una sola pieza para una sensaci\u00f3n c\u00f3moda y correas con velcro para pon\u00e9rselas y quit\u00e1rselas f\u00e1cilmente.<br \/>\nAjuste regular<br \/>\nCierre de velcro<br \/>\nParte superior sint\u00e9tica<br \/>\nForro textil<br \/>\nGr\u00e1ficos de Spider-Man de Marvel<br \/>\nEntresuela y suela exterior de EVA de una sola pieza<br \/>\n\u00a9Marvel<br \/>\nContiene al menos un 20% de contenido reciclado.<br \/>\nImportado<br \/>\nColor del producto: Negro b\u00e1sico \/ Blanco nube \/ Azul semil\u00facido<\/p>","protected":false},"excerpt":{"rendered":"<p>Zapatos para beb\u00e9s que celebran al Hombre Ara\u00f1a de Marvel. Ya sea que gateen, caminen o simplemente se relajen en el cochecito, estos zapatos para&#8230;<\/p>","protected":false},"featured_media":57176,"comment_status":"open","ping_status":"closed","template":"","meta":{"om_disable_all_campaigns":false,"_monsterinsights_skip_tracking":false,"_monsterinsights_sitenote_active":false,"_monsterinsights_sitenote_note":"","_monsterinsights_sitenote_category":0,"_uf_show_specific_survey":0,"_uf_disable_surveys":false,"_joinchat":[]},"etheme_brands":[],"product_brand":[],"product_cat":[159],"product_tag":[],"class_list":{"0":"post-42539","1":"product","2":"type-product","3":"status-publish","4":"has-post-thumbnail","6":"product_cat-ninos","7":"product_shipping_class-envio-a-lima-y-provincia","9":"first","10":"instock","11":"sale","12":"featured","13":"shipping-taxable","14":"purchasable","15":"product-type-variable"},"aioseo_notices":[],"_links":{"self":[{"href":"https:\/\/jnksport.com\/en\/wp-json\/wp\/v2\/product\/42539","targetHints":{"allow":["GET"]}}],"collection":[{"href":"https:\/\/jnksport.com\/en\/wp-json\/wp\/v2\/product"}],"about":[{"href":"https:\/\/jnksport.com\/en\/wp-json\/wp\/v2\/types\/product"}],"replies":[{"embeddable":true,"href":"https:\/\/jnksport.com\/en\/wp-json\/wp\/v2\/comments?post=42539"}],"version-history":[{"count":0,"href":"https:\/\/jnksport.com\/en\/wp-json\/wp\/v2\/product\/42539\/revisions"}],"wp:featuredmedia":[{"embeddable":true,"href":"https:\/\/jnksport.com\/en\/wp-json\/wp\/v2\/media\/57176"}],"wp:attachment":[{"href":"https:\/\/jnksport.com\/en\/wp-json\/wp\/v2\/media?parent=42539"}],"wp:term":[{"taxonomy":"brand","embeddable":true,"href":"https:\/\/jnksport.com\/en\/wp-json\/wp\/v2\/etheme_brands?post=42539"},{"taxonomy":"product_brand","embeddable":true,"href":"https:\/\/jnksport.com\/en\/wp-json\/wp\/v2\/product_brand?post=42539"},{"taxonomy":"product_cat","embeddable":true,"href":"https:\/\/jnksport.com\/en\/wp-json\/wp\/v2\/product_cat?post=42539"},{"taxonomy":"product_tag","embeddable":true,"href":"https:\/\/jnksport.com\/en\/wp-json\/wp\/v2\/product_tag?post=42539"}],"curies":[{"name":"wp","href":"https:\/\/api.w.org\/{rel}","templated":true}]}}