{"id":42540,"date":"2025-02-21T07:33:25","date_gmt":"2025-02-21T07:33:25","guid":{"rendered":"https:\/\/jnksport.com\/?post_type=product&#038;p=42540"},"modified":"2026-03-30T23:30:48","modified_gmt":"2026-03-30T23:30:48","slug":"zapatilla-adidas-marvel-spider-man-js3494-ninos","status":"publish","type":"product","link":"https:\/\/jnksport.com\/en\/product\/zapatilla-adidas-marvel-spider-man-js3494-ninos\/","title":{"rendered":"Zapatilla Adidas Marvel Spider-Man JS3494 Ni\u00f1os"},"content":{"rendered":"<p>Tenis del Hombre Ara\u00f1a hechos parcialmente con materiales reciclados.<br \/>\nPuede que no est\u00e9n luchando contra el crimen, pero sin duda se enfrentar\u00e1n al d\u00eda con determinaci\u00f3n con estos tenis adidas para ni\u00f1os. Los aficionados de Spider Man de Marvel pueden lucir a su superh\u00e9roe favorito gracias a los estampados de telara\u00f1a y el ic\u00f3nico refuerzo de tal\u00f3n del Hombre Ara\u00f1a. La tira de cierre por contacto sobre los cordones el\u00e1sticos asegura el ajuste.<\/p>\n<p>Este producto contiene al menos un 20 % de material reciclado. Utilizando materiales reciclados reducimos el desperdicio, nuestra dependencia de los recursos finitos y la huella que generan los productos que fabricamos.<br \/>\nCorte cl\u00e1sico<br \/>\nCordones el\u00e1sticos con tira ajustable de cierre por contacto<br \/>\nExterior textil<br \/>\nEstampados del Hombre Ara\u00f1a de Marvel<br \/>\nMediasuela de EVA<br \/>\nSuela de cauho<br \/>\n\u00a9Marvel<br \/>\nContiene al menos un 20 % de material reciclado<br \/>\nColor del art\u00edculo: Cloud White \/ Red \/ Core Black<\/p>","protected":false},"excerpt":{"rendered":"<p>Tenis del Hombre Ara\u00f1a hechos parcialmente con materiales reciclados. Puede que no est\u00e9n luchando contra el crimen, pero sin duda se enfrentar\u00e1n al d\u00eda con&#8230;<\/p>","protected":false},"featured_media":57179,"comment_status":"open","ping_status":"closed","template":"","meta":{"om_disable_all_campaigns":false,"_monsterinsights_skip_tracking":false,"_monsterinsights_sitenote_active":false,"_monsterinsights_sitenote_note":"","_monsterinsights_sitenote_category":0,"_uf_show_specific_survey":0,"_uf_disable_surveys":false,"_joinchat":[]},"etheme_brands":[],"product_brand":[],"product_cat":[159],"product_tag":[],"class_list":{"0":"post-42540","1":"product","2":"type-product","3":"status-publish","4":"has-post-thumbnail","6":"product_cat-ninos","7":"product_shipping_class-envio-a-lima-y-provincia","9":"first","10":"instock","11":"sale","12":"featured","13":"shipping-taxable","14":"purchasable","15":"product-type-variable"},"aioseo_notices":[],"_links":{"self":[{"href":"https:\/\/jnksport.com\/en\/wp-json\/wp\/v2\/product\/42540","targetHints":{"allow":["GET"]}}],"collection":[{"href":"https:\/\/jnksport.com\/en\/wp-json\/wp\/v2\/product"}],"about":[{"href":"https:\/\/jnksport.com\/en\/wp-json\/wp\/v2\/types\/product"}],"replies":[{"embeddable":true,"href":"https:\/\/jnksport.com\/en\/wp-json\/wp\/v2\/comments?post=42540"}],"version-history":[{"count":0,"href":"https:\/\/jnksport.com\/en\/wp-json\/wp\/v2\/product\/42540\/revisions"}],"wp:featuredmedia":[{"embeddable":true,"href":"https:\/\/jnksport.com\/en\/wp-json\/wp\/v2\/media\/57179"}],"wp:attachment":[{"href":"https:\/\/jnksport.com\/en\/wp-json\/wp\/v2\/media?parent=42540"}],"wp:term":[{"taxonomy":"brand","embeddable":true,"href":"https:\/\/jnksport.com\/en\/wp-json\/wp\/v2\/etheme_brands?post=42540"},{"taxonomy":"product_brand","embeddable":true,"href":"https:\/\/jnksport.com\/en\/wp-json\/wp\/v2\/product_brand?post=42540"},{"taxonomy":"product_cat","embeddable":true,"href":"https:\/\/jnksport.com\/en\/wp-json\/wp\/v2\/product_cat?post=42540"},{"taxonomy":"product_tag","embeddable":true,"href":"https:\/\/jnksport.com\/en\/wp-json\/wp\/v2\/product_tag?post=42540"}],"curies":[{"name":"wp","href":"https:\/\/api.w.org\/{rel}","templated":true}]}}