{"id":42921,"date":"2025-03-08T19:29:20","date_gmt":"2025-03-08T19:29:20","guid":{"rendered":"https:\/\/jnksport.com\/?post_type=product&#038;p=42921"},"modified":"2026-04-11T17:03:02","modified_gmt":"2026-04-11T17:03:02","slug":"zapatilla-converse-run-star-hike-166799-mujer","status":"publish","type":"product","link":"https:\/\/jnksport.com\/en\/product\/zapatilla-converse-run-star-hike-166799-mujer\/","title":{"rendered":"Zapatilla Converse Run Star Hike 166799 Mujer"},"content":{"rendered":"<p>La Run Star Hike cuenta con un estilo que se inspira en el hiking. El ic\u00f3nico calzado de lona con cordones viene con el cl\u00e1sico parche de estrella en el tobillo y una franja en la mediasuela que dirige la atenci\u00f3n a la suela con relieve de la plataforma.<\/p>\n<p>Detalles:<br \/>\nZapatilla de lona de perfil alto con el cl\u00e1sico parche de estrella en el tobillo<br \/>\nEstilo ic\u00f3nico<br \/>\nLa leng\u00fceta con costura con aguja de mariposa brinda refuerzo<br \/>\nPlantilla OrthoLite da el confort<br \/>\nSuela con relieve y bloques de colores<br \/>\nOrthoLite es una marca de O2 Partners, LLC.<br \/>\nCategor\u00eda: Calzado<br \/>\nG\u00e9nero: Unisex<br \/>\nColor: Blanco<br \/>\nEstilo: Urbano<br \/>\nMaterial de suela: Caucho<br \/>\nSuperficie : Asfalto<br \/>\nTipo de Ca\u00f1a: Ca\u00f1a Alta<\/p>","protected":false},"excerpt":{"rendered":"<p>La Run Star Hike cuenta con un estilo que se inspira en el hiking. El ic\u00f3nico calzado de lona con cordones viene con el cl\u00e1sico&#8230;<\/p>","protected":false},"featured_media":42794,"comment_status":"open","ping_status":"closed","template":"","meta":{"om_disable_all_campaigns":false,"_monsterinsights_skip_tracking":false,"_monsterinsights_sitenote_active":false,"_monsterinsights_sitenote_note":"","_monsterinsights_sitenote_category":0,"_uf_show_specific_survey":0,"_uf_disable_surveys":false,"_joinchat":[]},"etheme_brands":[],"product_brand":[],"product_cat":[18],"product_tag":[],"class_list":{"0":"post-42921","1":"product","2":"type-product","3":"status-publish","4":"has-post-thumbnail","6":"product_cat-mujer","7":"product_shipping_class-envio-a-lima-y-provincia","9":"first","10":"instock","11":"sale","12":"featured","13":"shipping-taxable","14":"purchasable","15":"product-type-variable"},"aioseo_notices":[],"_links":{"self":[{"href":"https:\/\/jnksport.com\/en\/wp-json\/wp\/v2\/product\/42921","targetHints":{"allow":["GET"]}}],"collection":[{"href":"https:\/\/jnksport.com\/en\/wp-json\/wp\/v2\/product"}],"about":[{"href":"https:\/\/jnksport.com\/en\/wp-json\/wp\/v2\/types\/product"}],"replies":[{"embeddable":true,"href":"https:\/\/jnksport.com\/en\/wp-json\/wp\/v2\/comments?post=42921"}],"version-history":[{"count":0,"href":"https:\/\/jnksport.com\/en\/wp-json\/wp\/v2\/product\/42921\/revisions"}],"wp:featuredmedia":[{"embeddable":true,"href":"https:\/\/jnksport.com\/en\/wp-json\/wp\/v2\/media\/42794"}],"wp:attachment":[{"href":"https:\/\/jnksport.com\/en\/wp-json\/wp\/v2\/media?parent=42921"}],"wp:term":[{"taxonomy":"brand","embeddable":true,"href":"https:\/\/jnksport.com\/en\/wp-json\/wp\/v2\/etheme_brands?post=42921"},{"taxonomy":"product_brand","embeddable":true,"href":"https:\/\/jnksport.com\/en\/wp-json\/wp\/v2\/product_brand?post=42921"},{"taxonomy":"product_cat","embeddable":true,"href":"https:\/\/jnksport.com\/en\/wp-json\/wp\/v2\/product_cat?post=42921"},{"taxonomy":"product_tag","embeddable":true,"href":"https:\/\/jnksport.com\/en\/wp-json\/wp\/v2\/product_tag?post=42921"}],"curies":[{"name":"wp","href":"https:\/\/api.w.org\/{rel}","templated":true}]}}