{"id":42956,"date":"2025-03-08T19:29:26","date_gmt":"2025-03-08T19:29:26","guid":{"rendered":"https:\/\/jnksport.com\/?post_type=product&#038;p=42956"},"modified":"2026-03-13T12:48:41","modified_gmt":"2026-03-13T12:48:41","slug":"zapatilla-puma-graviton-ac-381989-11-hombre","status":"publish","type":"product","link":"https:\/\/jnksport.com\/en\/product\/zapatilla-puma-graviton-ac-381989-11-hombre\/","title":{"rendered":"Zapatilla Puma Graviton AC 381989-11 Hombre"},"content":{"rendered":"<p>Inspiradas en la larga tradici\u00f3n de PUMA en el mundo del running, estas zapatillas mantendr\u00e1n los pies de tu beb\u00e9 incre\u00edblemente c\u00f3modos. Incorporan una innovadora plantilla extra\u00edble Kinder-Fit\u00ae de PUMA y una entresuela de IMEVA. Adem\u00e1s de su enorme comodidad, presentan un look que recuerda a las zapatillas de running, con interesantes detalles y texturas en la banda lateral.<\/p>\n<p>CARACTER\u00cdSTICAS + BENEFICIOS<br \/>\nIMEVA: material de PUMA para una sensaci\u00f3n c\u00f3moda y ligera<br \/>\nKinder-Fit\u00ae: Plantilla extra\u00edble de PUMA para zapatillas de ni\u00f1o<br \/>\nDETALLES<br \/>\nPerfil bajo<br \/>\nCapas superpuestas sint\u00e9ticas<br \/>\nPlantilla Kinder-Fit estampada para garantizar un ajuste correcto<br \/>\nEntresuela de IMEVA que crea el aspecto de unas zapatillas de running troqueladas<br \/>\nSuela de goma que no deja marcas<br \/>\nDetalles esculpidos y texturas en la banda lateral<br \/>\nRefuerzo del tal\u00f3n inspirado en un dise\u00f1o modular<br \/>\nModelo PUMA para beb\u00e9: recomendado para ni\u00f1os de 0 a 4 a\u00f1os<br \/>\nComposici\u00f3n<br \/>\nPlantilla: 100% Textil<br \/>\nSuela: 100% Sint\u00e9tico<br \/>\nExterior: 79.17% Textil, 20.83% Sint\u00e9tico<br \/>\nForro: 100% Textil<\/p>","protected":false},"excerpt":{"rendered":"<p>Inspiradas en la larga tradici\u00f3n de PUMA en el mundo del running, estas zapatillas mantendr\u00e1n los pies de tu beb\u00e9 incre\u00edblemente c\u00f3modos. Incorporan una innovadora&#8230;<\/p>","protected":false},"featured_media":42824,"comment_status":"open","ping_status":"closed","template":"","meta":{"om_disable_all_campaigns":false,"_monsterinsights_skip_tracking":false,"_monsterinsights_sitenote_active":false,"_monsterinsights_sitenote_note":"","_monsterinsights_sitenote_category":0,"_uf_show_specific_survey":0,"_uf_disable_surveys":false,"_joinchat":[]},"etheme_brands":[],"product_brand":[],"product_cat":[19],"product_tag":[],"class_list":{"0":"post-42956","1":"product","2":"type-product","3":"status-publish","4":"has-post-thumbnail","6":"product_cat-hombre","7":"product_shipping_class-envio-a-lima-y-provincia","9":"first","10":"instock","11":"sale","12":"featured","13":"shipping-taxable","14":"purchasable","15":"product-type-variable"},"aioseo_notices":[],"_links":{"self":[{"href":"https:\/\/jnksport.com\/en\/wp-json\/wp\/v2\/product\/42956","targetHints":{"allow":["GET"]}}],"collection":[{"href":"https:\/\/jnksport.com\/en\/wp-json\/wp\/v2\/product"}],"about":[{"href":"https:\/\/jnksport.com\/en\/wp-json\/wp\/v2\/types\/product"}],"replies":[{"embeddable":true,"href":"https:\/\/jnksport.com\/en\/wp-json\/wp\/v2\/comments?post=42956"}],"version-history":[{"count":0,"href":"https:\/\/jnksport.com\/en\/wp-json\/wp\/v2\/product\/42956\/revisions"}],"wp:featuredmedia":[{"embeddable":true,"href":"https:\/\/jnksport.com\/en\/wp-json\/wp\/v2\/media\/42824"}],"wp:attachment":[{"href":"https:\/\/jnksport.com\/en\/wp-json\/wp\/v2\/media?parent=42956"}],"wp:term":[{"taxonomy":"brand","embeddable":true,"href":"https:\/\/jnksport.com\/en\/wp-json\/wp\/v2\/etheme_brands?post=42956"},{"taxonomy":"product_brand","embeddable":true,"href":"https:\/\/jnksport.com\/en\/wp-json\/wp\/v2\/product_brand?post=42956"},{"taxonomy":"product_cat","embeddable":true,"href":"https:\/\/jnksport.com\/en\/wp-json\/wp\/v2\/product_cat?post=42956"},{"taxonomy":"product_tag","embeddable":true,"href":"https:\/\/jnksport.com\/en\/wp-json\/wp\/v2\/product_tag?post=42956"}],"curies":[{"name":"wp","href":"https:\/\/api.w.org\/{rel}","templated":true}]}}