{"id":42989,"date":"2025-03-08T19:29:33","date_gmt":"2025-03-08T19:29:33","guid":{"rendered":"https:\/\/jnksport.com\/?post_type=product&#038;p=42989"},"modified":"2026-04-29T22:32:03","modified_gmt":"2026-04-29T22:32:03","slug":"zapatilla-nike-initiator-394055-100-hombre","status":"publish","type":"product","link":"https:\/\/jnksport.com\/en\/product\/zapatilla-nike-initiator-394055-100-hombre\/","title":{"rendered":"Zapatilla Nike Initiator 394055-100 Hombre"},"content":{"rendered":"<p>COMODIDAD SUAVE Y CON SOPORTE.<\/p>\n<p>Recorre kil\u00f3metros con el c\u00f3modo soporte de los Nike Initiator. Cuentan con una parte superior transpirable con un dise\u00f1o suave y amortiguado que te ayuda a correr con confianza.<\/p>\n<p>Beneficios<br \/>\nLos revestimientos con soporte ayudan a centrar el pie en los tenis.<br \/>\nEl suave forro mejora la comodidad.<br \/>\nLa entresuela de espuma brinda una pisada suave y amortiguada.<br \/>\nLas ranuras flexibles en la suela te permiten moverte libremente.<br \/>\nDatos del producto<br \/>\nColor que se muestra: Blanco\/Negro<\/p>","protected":false},"excerpt":{"rendered":"<p>COMODIDAD SUAVE Y CON SOPORTE. Recorre kil\u00f3metros con el c\u00f3modo soporte de los Nike Initiator. Cuentan con una parte superior transpirable con un dise\u00f1o suave&#8230;<\/p>","protected":false},"featured_media":59463,"comment_status":"open","ping_status":"closed","template":"","meta":{"om_disable_all_campaigns":false,"_monsterinsights_skip_tracking":false,"_monsterinsights_sitenote_active":false,"_monsterinsights_sitenote_note":"","_monsterinsights_sitenote_category":0,"_uf_show_specific_survey":0,"_uf_disable_surveys":false,"_joinchat":[]},"etheme_brands":[],"product_brand":[],"product_cat":[19],"product_tag":[],"class_list":{"0":"post-42989","1":"product","2":"type-product","3":"status-publish","4":"has-post-thumbnail","6":"product_cat-hombre","7":"product_shipping_class-envio-a-lima-y-provincia","9":"first","10":"instock","11":"sale","12":"featured","13":"shipping-taxable","14":"purchasable","15":"product-type-variable"},"aioseo_notices":[],"_links":{"self":[{"href":"https:\/\/jnksport.com\/en\/wp-json\/wp\/v2\/product\/42989","targetHints":{"allow":["GET"]}}],"collection":[{"href":"https:\/\/jnksport.com\/en\/wp-json\/wp\/v2\/product"}],"about":[{"href":"https:\/\/jnksport.com\/en\/wp-json\/wp\/v2\/types\/product"}],"replies":[{"embeddable":true,"href":"https:\/\/jnksport.com\/en\/wp-json\/wp\/v2\/comments?post=42989"}],"version-history":[{"count":1,"href":"https:\/\/jnksport.com\/en\/wp-json\/wp\/v2\/product\/42989\/revisions"}],"predecessor-version":[{"id":59464,"href":"https:\/\/jnksport.com\/en\/wp-json\/wp\/v2\/product\/42989\/revisions\/59464"}],"wp:featuredmedia":[{"embeddable":true,"href":"https:\/\/jnksport.com\/en\/wp-json\/wp\/v2\/media\/59463"}],"wp:attachment":[{"href":"https:\/\/jnksport.com\/en\/wp-json\/wp\/v2\/media?parent=42989"}],"wp:term":[{"taxonomy":"brand","embeddable":true,"href":"https:\/\/jnksport.com\/en\/wp-json\/wp\/v2\/etheme_brands?post=42989"},{"taxonomy":"product_brand","embeddable":true,"href":"https:\/\/jnksport.com\/en\/wp-json\/wp\/v2\/product_brand?post=42989"},{"taxonomy":"product_cat","embeddable":true,"href":"https:\/\/jnksport.com\/en\/wp-json\/wp\/v2\/product_cat?post=42989"},{"taxonomy":"product_tag","embeddable":true,"href":"https:\/\/jnksport.com\/en\/wp-json\/wp\/v2\/product_tag?post=42989"}],"curies":[{"name":"wp","href":"https:\/\/api.w.org\/{rel}","templated":true}]}}